{"id":1376,"date":"2024-05-10T12:43:22","date_gmt":"2024-05-10T12:43:22","guid":{"rendered":"https:\/\/jciamec2025.com\/?page_id=1376"},"modified":"2025-01-21T19:10:56","modified_gmt":"2025-01-21T19:10:56","slug":"message-from-the-congress-director","status":"publish","type":"page","link":"https:\/\/jciamec2025.com\/fr\/message-from-the-congress-director\/","title":{"rendered":"Message du directeur du congr\u00e8s"},"content":{"rendered":"<div class=\"wpb-content-wrapper\"><div class=\"evenz-vc-row-container\" ><div class=\"vc_row evenz-stickycont wpb_row evenz-vc_row vc_custom_1715545336832 vc_row-has-fill evenz-negative\"><div class=\"evenz-container evenz-rowcontainer-vc\"><div class=\"evenz-rowcontent\"><div class=\"wpb_animate_when_almost_visible wpb_fadeInLeft fadeInLeft wpb_column vc_column_container vc_col-sm-12\"><div class=\"vc_column-inner vc_custom_1565945676359\"><div class=\"wpb_wrapper evenz-vc_section\"><div class=\"vc_row wpb_row vc_inner evenz-vc_row vc_column-gap-30\"><div class=\"evenz-container evenz-rowcontainer-vc\"><div class=\"evenz-rowcontent\"><div class=\"wpb_column vc_column_container vc_col-sm-12\"><div class=\"vc_column-inner\"><div class=\"wpb_wrapper\"><div class=\"vc_separator wpb_content_element vc_separator_align_left vc_sep_width_100 vc_sep_border_width_5 vc_sep_pos_align_center vc_sep_color_white vc_separator-has-text\" ><span class=\"vc_sep_holder vc_sep_holder_l\"><span class=\"vc_sep_line\"><\/span><\/span><h4>JCI AMEC 2025<\/h4><span class=\"vc_sep_holder vc_sep_holder_r\"><span class=\"vc_sep_line\"><\/span><\/span>\n<\/div>\t\t\t<hr class=\"evenz-spacer-s\">\n\t\t<h1 style=\"font-size: 64px;text-align: left\" class=\"vc_custom_heading\" >MESSAGE DU DIRECTEUR DU CONGR\u00c8S<\/h1><div class=\"vc_separator wpb_content_element vc_separator_align_center vc_sep_width_100 vc_sep_border_width_8 vc_sep_pos_align_center vc_separator_no_text vc_sep_color_grey\" ><span class=\"vc_sep_holder vc_sep_holder_l\"><span class=\"vc_sep_line\"><\/span><\/span><span class=\"vc_sep_holder vc_sep_holder_r\"><span class=\"vc_sep_line\"><\/span><\/span>\n<\/div><\/div><\/div><\/div><\/div><\/div><\/div><\/div><\/div><\/div><\/div><\/div><\/div>\t\t<div class=\"evenz-bgimg evenz-bgimg__vc evenz-bgimg__parallax\" data-evenz-parallax>\n\t\t\t<img decoding=\"async\" data-stellar-ratio=\"0.07\" src=\"https:\/\/jciamec2025.com\/wp-content\/uploads\/2024\/05\/amec-header-03.jpg\" alt=\"Background\">\n\t\t<\/div>\n\t<\/div><div class=\"evenz-vc-row-container\" ><div class=\"vc_row evenz-stickycont wpb_row evenz-vc_row page-overlap-row wpb_animate_when_almost_visible wpb_fadeInUp fadeInUp vc_custom_1715345969656\"><div class=\"evenz-rowcontainer-vc\"><div class=\"evenz-rowcontent\"><div class=\"wpb_column vc_column_container vc_col-sm-12\"><div class=\"vc_column-inner\"><div class=\"wpb_wrapper\"><div class=\"vc_row wpb_row vc_inner evenz-vc_row\"><div class=\"evenz-container evenz-rowcontainer-vc\"><div class=\"evenz-rowcontent\"><div class=\"wpb_column vc_column_container vc_col-sm-6\"><div class=\"vc_column-inner\"><div class=\"wpb_wrapper\">\t\t\t<hr class=\"evenz-spacer-xxs\">\n\t\t\n\t<div  class=\"wpb_single_image wpb_content_element vc_align_left  vc_custom_1715954625573\">\n\t\t\n\t\t<figure class=\"wpb_wrapper vc_figure\">\n\t\t\t<div class=\"vc_single_image-wrapper   vc_box_border_grey\"><img loading=\"lazy\" decoding=\"async\" width=\"770\" height=\"770\" src=\"https:\/\/jciamec2025.com\/wp-content\/uploads\/2024\/05\/JCI-AMEC-2025-COC-Director-1-770x770.png\" class=\"vc_single_image-img attachment-medium\" alt=\"\" title=\"Directeur du COC JCI-AMEC 2025\" srcset=\"https:\/\/jciamec2025.com\/wp-content\/uploads\/2024\/05\/JCI-AMEC-2025-COC-Director-1-770x770.png 770w, https:\/\/jciamec2025.com\/wp-content\/uploads\/2024\/05\/JCI-AMEC-2025-COC-Director-1-1170x1170.png 1170w, https:\/\/jciamec2025.com\/wp-content\/uploads\/2024\/05\/JCI-AMEC-2025-COC-Director-1-150x150.png 150w, https:\/\/jciamec2025.com\/wp-content\/uploads\/2024\/05\/JCI-AMEC-2025-COC-Director-1-768x769.png 768w, https:\/\/jciamec2025.com\/wp-content\/uploads\/2024\/05\/JCI-AMEC-2025-COC-Director-1-100x100.png 100w, https:\/\/jciamec2025.com\/wp-content\/uploads\/2024\/05\/JCI-AMEC-2025-COC-Director-1-370x370.png 370w, https:\/\/jciamec2025.com\/wp-content\/uploads\/2024\/05\/JCI-AMEC-2025-COC-Director-1.png 1275w\" sizes=\"auto, (max-width: 770px) 100vw, 770px\" \/><\/div>\n\t\t<\/figure>\n\t<\/div>\n<\/div><\/div><\/div><div class=\"wpb_column vc_column_container vc_col-sm-6\"><div class=\"vc_column-inner\"><div class=\"wpb_wrapper\"><div class=\"vc_separator wpb_content_element vc_separator_align_left vc_sep_width_100 vc_sep_pos_align_center vc_sep_color_grey\" ><span class=\"vc_sep_holder vc_sep_holder_l\"><span class=\"vc_sep_line\"><\/span><\/span><div class=\"vc_icon_element vc_icon_element-outer vc_icon_element-align-left\"><div class=\"vc_icon_element-inner vc_icon_element-color-black vc_icon_element-size-md vc_icon_element-style- vc_icon_element-background-color-grey\" ><span class=\"vc_icon_element-icon fas fa-quote-left\" ><\/span><\/div><\/div><span class=\"vc_sep_holder vc_sep_holder_r\"><span class=\"vc_sep_line\"><\/span><\/span>\n<\/div>\n\t<div class=\"wpb_text_column wpb_content_element  wpb_animate_when_almost_visible wpb_fadeInLeft fadeInLeft vc_custom_1737486560362\" >\n\t\t<div class=\"wpb_wrapper\">\n\t\t\t<p><strong>Chers amis et coll\u00e8gues,<\/strong><\/p>\n<p>C&#039;est avec beaucoup d&#039;enthousiasme et d&#039;optimisme que je vous invite \u00e0 nous rejoindre \u00e0 la Conf\u00e9rence JCI Afrique et Moyen-Orient 2025, qui se tiendra du 21 au 24 mai 2025 dans la ville anim\u00e9e de Durban, en Afrique du Sud.<\/p>\n<p>Dans un monde en constante \u00e9volution et confront\u00e9 \u00e0 des d\u00e9fis sans pr\u00e9c\u00e9dent, il est plus important que jamais pour nous de nous rassembler, de partager nos connaissances et d\u2019allumer l\u2019\u00e9tincelle de l\u2019innovation. Notre th\u00e8me pour la conf\u00e9rence est <strong>\u00ab Cultiver des leaders r\u00e9silients et innovants \u00bb<\/strong> r\u00e9sume l\u2019essence du leadership qui va au-del\u00e0 de la simple gestion ou de l\u2019autorit\u00e9, en soulignant l\u2019importance de la vision, de l\u2019empathie et de l\u2019action. Il invite les jeunes leaders \u00e0 assumer leur r\u00f4le d\u2019agents de changement, inspirant les autres et cr\u00e9ant un effet d\u2019entra\u00eenement positif qui s\u2019\u00e9tend bien au-del\u00e0 de la conf\u00e9rence elle-m\u00eame. Votre participation signifie faire partie de la solution et du mouvement mondial d\u00e9di\u00e9 \u00e0 la conduite de changements positifs. Ensemble, nous pouvons inspirer l\u2019innovation, partager notre expertise et b\u00e2tir un avenir meilleur pour tous. L&#039;ordre du jour de notre conf\u00e9rence s&#039;inspire de notre th\u00e8me et du slogan JCI qui dit <strong>\u00ab\u00a0D\u00e9velopper des jeunes leaders pour un monde en \u00e9volution\u00a0\u00bb<\/strong>.<\/p>\n\n\t\t<\/div>\n\t<\/div>\n<\/div><\/div><\/div><\/div><\/div><\/div><div class=\"vc_row wpb_row vc_inner evenz-vc_row\"><div class=\"evenz-container evenz-rowcontainer-vc\"><div class=\"evenz-rowcontent\"><div class=\"wpb_column vc_column_container vc_col-sm-12\"><div class=\"vc_column-inner\"><div class=\"wpb_wrapper\">\t\t\t<hr class=\"evenz-spacer-xs\">\n\t\t\n\t<div class=\"wpb_text_column wpb_content_element  wpb_animate_when_almost_visible wpb_fadeInLeft fadeInLeft\" >\n\t\t<div class=\"wpb_wrapper\">\n\t\t\t<p>Il regorge d\u2019opportunit\u00e9s d\u2019apprentissage, de r\u00e9seautage et de croissance professionnelle. Durban est connue pour sa vie sociale, nous allons certainement vous proposer les meilleurs divertissements et visites culturelles, vous permettant de d\u00e9couvrir le riche patrimoine et l&#039;esprit dynamique du KwaZulu-Natal \u00e0 la mani\u00e8re sud-africaine.<\/p>\n<p>Durban, connue pour son magnifique littoral, sa culture dynamique et son hospitalit\u00e9 chaleureuse, constitue le cadre id\u00e9al pour notre rassemblement. C&#039;est une ville qui incarne la diversit\u00e9 et l&#039;innovation, ce qui en fait un endroit id\u00e9al pour explorer de nouvelles id\u00e9es, forger des liens significatifs et cr\u00e9er des solutions percutantes.<\/p>\n<p>Nous sommes impatients de vous accueillir \u00e0 Durban et de vivre une exp\u00e9rience de conf\u00e9rence inspirante et transformatrice. Je cite une phrase d&#039;une chanson d&#039;un chanteur prim\u00e9 de Durban kwaito, le professeur ft. Tzozo, \u00ab Pakhishani, Pakistani, ziphi&#039; ikhwama, siye Durban, Woze Durban\u2026 \u00bb qui signifie simplement, faites vos valises, nous allons \u00e0 Durban. , viens \u00e0 Durban\u201d<\/p>\n<p>&nbsp;<\/p>\n<p><strong style=\"color: #0097d7; font-size: 28px;\">Zandile Makhoba<\/strong><\/p>\n<hr style=\"width: 50%; height: 4px; color: #0097d7; text-align: left;\" \/>\n<p><strong style=\"font-size: 24px; padding: 0px;\">Directeur du COC JCI AMEC 2025<\/strong><\/p>\n<p><span data-mce-type=\"bookmark\" style=\"display: inline-block; width: 0px; overflow: hidden; line-height: 0;\" class=\"mce_SELRES_start\"><\/span><\/p>\n\n\t\t<\/div>\n\t<\/div>\n<div class=\"vc_separator wpb_content_element vc_separator_align_right vc_sep_width_100 vc_sep_pos_align_center vc_sep_color_grey\" ><span class=\"vc_sep_holder vc_sep_holder_l\"><span class=\"vc_sep_line\"><\/span><\/span><div class=\"vc_icon_element vc_icon_element-outer vc_icon_element-align-left\"><div class=\"vc_icon_element-inner vc_icon_element-color-black vc_icon_element-size-md vc_icon_element-style- vc_icon_element-background-color-grey\" ><span class=\"vc_icon_element-icon fas fa-quote-right\" ><\/span><\/div><\/div><span class=\"vc_sep_holder vc_sep_holder_r\"><span class=\"vc_sep_line\"><\/span><\/span>\n<\/div>\t\t\t<hr class=\"evenz-spacer-m\">\n\t\t<\/div><\/div><\/div><\/div><\/div><\/div><\/div><\/div><\/div><\/div><\/div><\/div><\/div>\n<\/div>","protected":false},"excerpt":{"rendered":"MESSAGE DU DIRECTEUR DU CONGRES JCI AMEC 2025 Chers amis et coll\u00e8gues, C&#039;est avec beaucoup d&#039;enthousiasme et d&#039;optimisme que je vous invite \u00e0 nous rejoindre \u00e0 la Conf\u00e9rence JCI Afrique et Moyen-Orient 2025, qui se tiendra du 21 au 24 mai 2025 dans la [...]","protected":false},"author":1,"featured_media":0,"parent":0,"menu_order":0,"comment_status":"closed","ping_status":"closed","template":"page-fullwidth.php","meta":{"_monsterinsights_skip_tracking":false,"_monsterinsights_sitenote_active":false,"_monsterinsights_sitenote_note":"","_monsterinsights_sitenote_category":0,"footnotes":""},"class_list":["post-1376","page","type-page","status-publish","hentry"],"aioseo_notices":[],"_links":{"self":[{"href":"https:\/\/jciamec2025.com\/fr\/wp-json\/wp\/v2\/pages\/1376","targetHints":{"allow":["GET"]}}],"collection":[{"href":"https:\/\/jciamec2025.com\/fr\/wp-json\/wp\/v2\/pages"}],"about":[{"href":"https:\/\/jciamec2025.com\/fr\/wp-json\/wp\/v2\/types\/page"}],"author":[{"embeddable":true,"href":"https:\/\/jciamec2025.com\/fr\/wp-json\/wp\/v2\/users\/1"}],"replies":[{"embeddable":true,"href":"https:\/\/jciamec2025.com\/fr\/wp-json\/wp\/v2\/comments?post=1376"}],"version-history":[{"count":16,"href":"https:\/\/jciamec2025.com\/fr\/wp-json\/wp\/v2\/pages\/1376\/revisions"}],"predecessor-version":[{"id":2202,"href":"https:\/\/jciamec2025.com\/fr\/wp-json\/wp\/v2\/pages\/1376\/revisions\/2202"}],"wp:attachment":[{"href":"https:\/\/jciamec2025.com\/fr\/wp-json\/wp\/v2\/media?parent=1376"}],"curies":[{"name":"wp","href":"https:\/\/api.w.org\/{rel}","templated":true}]}}