{"id":1382,"date":"2024-05-10T13:13:46","date_gmt":"2024-05-10T13:13:46","guid":{"rendered":"https:\/\/jciamec2025.com\/?page_id=1382"},"modified":"2025-01-08T11:19:16","modified_gmt":"2025-01-08T11:19:16","slug":"message-from-the-national-president","status":"publish","type":"page","link":"https:\/\/jciamec2025.com\/fr\/message-from-the-national-president\/","title":{"rendered":"Message du pr\u00e9sident national"},"content":{"rendered":"<div class=\"wpb-content-wrapper\"><div class=\"evenz-vc-row-container\" ><div class=\"vc_row evenz-stickycont wpb_row evenz-vc_row vc_custom_1736332258928 vc_row-has-fill evenz-negative\"><div class=\"evenz-container evenz-rowcontainer-vc\"><div class=\"evenz-rowcontent\"><div class=\"wpb_animate_when_almost_visible wpb_fadeInLeft fadeInLeft wpb_column vc_column_container vc_col-sm-12\"><div class=\"vc_column-inner\"><div class=\"wpb_wrapper evenz-vc_section\"><div class=\"vc_row wpb_row vc_inner evenz-vc_row vc_column-gap-30\"><div class=\"evenz-container evenz-rowcontainer-vc\"><div class=\"evenz-rowcontent\"><div class=\"wpb_column vc_column_container vc_col-sm-12\"><div class=\"vc_column-inner\"><div class=\"wpb_wrapper\"><div class=\"vc_separator wpb_content_element vc_separator_align_left vc_sep_width_100 vc_sep_border_width_5 vc_sep_pos_align_center vc_sep_color_white vc_separator-has-text\" ><span class=\"vc_sep_holder vc_sep_holder_l\"><span class=\"vc_sep_line\"><\/span><\/span><h4>JCI AMEC 2025<\/h4><span class=\"vc_sep_holder vc_sep_holder_r\"><span class=\"vc_sep_line\"><\/span><\/span>\n<\/div>\t\t\t<hr class=\"evenz-spacer-s\">\n\t\t<h1 style=\"font-size: 64px;text-align: left\" class=\"vc_custom_heading\" >MESSAGE DU PR\u00c9SIDENT NATIONAL<\/h1><div class=\"vc_separator wpb_content_element vc_separator_align_center vc_sep_width_100 vc_sep_border_width_8 vc_sep_pos_align_center vc_separator_no_text vc_sep_color_grey\" ><span class=\"vc_sep_holder vc_sep_holder_l\"><span class=\"vc_sep_line\"><\/span><\/span><span class=\"vc_sep_holder vc_sep_holder_r\"><span class=\"vc_sep_line\"><\/span><\/span>\n<\/div><\/div><\/div><\/div><\/div><\/div><\/div><\/div><\/div><\/div><\/div><\/div><\/div>\t\t<div class=\"evenz-bgimg evenz-bgimg__vc evenz-bgimg__parallax\" data-evenz-parallax>\n\t\t\t<img decoding=\"async\" data-stellar-ratio=\"0.07\" src=\"https:\/\/jciamec2025.com\/wp-content\/uploads\/2024\/05\/amec-header-02-3.jpg\" alt=\"Background\">\n\t\t<\/div>\n\t<\/div><div class=\"evenz-vc-row-container\" ><div class=\"vc_row evenz-stickycont wpb_row evenz-vc_row page-overlap-row wpb_animate_when_almost_visible wpb_fadeInUp fadeInUp vc_custom_1715544515207\"><div class=\"evenz-rowcontainer-vc\"><div class=\"evenz-rowcontent\"><div class=\"wpb_column vc_column_container vc_col-sm-12\"><div class=\"vc_column-inner\"><div class=\"wpb_wrapper\"><div class=\"vc_row wpb_row vc_inner evenz-vc_row\"><div class=\"evenz-container evenz-rowcontainer-vc\"><div class=\"evenz-rowcontent\"><div class=\"wpb_column vc_column_container vc_col-sm-6\"><div class=\"vc_column-inner\"><div class=\"wpb_wrapper\"><div class=\"vc_separator wpb_content_element vc_separator_align_left vc_sep_width_100 vc_sep_pos_align_center vc_sep_color_grey\" ><span class=\"vc_sep_holder vc_sep_holder_l\"><span class=\"vc_sep_line\"><\/span><\/span><div class=\"vc_icon_element vc_icon_element-outer vc_icon_element-align-left\"><div class=\"vc_icon_element-inner vc_icon_element-color-black vc_icon_element-size-md vc_icon_element-style- vc_icon_element-background-color-grey\" ><span class=\"vc_icon_element-icon fas fa-quote-left\" ><\/span><\/div><\/div><span class=\"vc_sep_holder vc_sep_holder_r\"><span class=\"vc_sep_line\"><\/span><\/span>\n<\/div>\t\t\t<hr class=\"evenz-spacer-xxs\">\n\t\t\n\t<div class=\"wpb_text_column wpb_content_element  wpb_animate_when_almost_visible wpb_fadeInLeft fadeInLeft\" >\n\t\t<div class=\"wpb_wrapper\">\n\t\t\t<p><strong>Chers D\u00e9l\u00e9gu\u00e9s, Membres JCI du monde entier<\/strong><\/p>\n<p>Au nom de la JCI Afrique du Sud, je suis ravi de vous souhaiter la bienvenue \u00e0 la prochaine Conf\u00e9rence JCI Afrique et Moyen-Orient 2025 qui se tiendra dans la ville dynamique de Durban, en Afrique du Sud, du 21 au 24 mai 2025. C&#039;est un plaisir pour nous d&#039;accueillir des d\u00e9l\u00e9gu\u00e9s distingu\u00e9s comme vous qui s&#039;engagent \u00e0 former des leaders pour un monde en mutation en partageant leurs connaissances, en r\u00e9seautant et en explorant les innovations.<\/p>\n<p>Durban est une ville riche en culture, en histoire et en paysages \u00e0 couper le souffle, c\u00e9l\u00e8bre pour ses plages magnifiques et son hospitalit\u00e9 chaleureuse. Alors que vous pr\u00e9parez votre voyage, nous vous encourageons \u00e0 profiter de l&#039;occasion pour explorer nos attractions locales, go\u00fbter \u00e0 notre cuisine vari\u00e9e et d\u00e9couvrir les traditions uniques qui font de Durban une destination vraiment sp\u00e9ciale.<\/p>\n\n\t\t<\/div>\n\t<\/div>\n<\/div><\/div><\/div><div class=\"wpb_column vc_column_container vc_col-sm-6\"><div class=\"vc_column-inner\"><div class=\"wpb_wrapper\">\n\t<div  class=\"wpb_single_image wpb_content_element vc_align_left  vc_custom_1736334902573\">\n\t\t\n\t\t<figure class=\"wpb_wrapper vc_figure\">\n\t\t\t<div class=\"vc_single_image-wrapper   vc_box_border_grey\"><img loading=\"lazy\" decoding=\"async\" width=\"770\" height=\"770\" src=\"https:\/\/jciamec2025.com\/wp-content\/uploads\/2025\/01\/JCI-National-President-01-2-770x770.png\" class=\"vc_single_image-img attachment-medium\" alt=\"\" title=\"JCI-Pr\u00e9sident-National-01\" srcset=\"https:\/\/jciamec2025.com\/wp-content\/uploads\/2025\/01\/JCI-National-President-01-2-770x770.png 770w, https:\/\/jciamec2025.com\/wp-content\/uploads\/2025\/01\/JCI-National-President-01-2-1170x1170.png 1170w, https:\/\/jciamec2025.com\/wp-content\/uploads\/2025\/01\/JCI-National-President-01-2-150x150.png 150w, https:\/\/jciamec2025.com\/wp-content\/uploads\/2025\/01\/JCI-National-President-01-2-768x769.png 768w, https:\/\/jciamec2025.com\/wp-content\/uploads\/2025\/01\/JCI-National-President-01-2-12x12.png 12w, https:\/\/jciamec2025.com\/wp-content\/uploads\/2025\/01\/JCI-National-President-01-2-60x60.png 60w, https:\/\/jciamec2025.com\/wp-content\/uploads\/2025\/01\/JCI-National-President-01-2-100x100.png 100w, https:\/\/jciamec2025.com\/wp-content\/uploads\/2025\/01\/JCI-National-President-01-2-370x370.png 370w, https:\/\/jciamec2025.com\/wp-content\/uploads\/2025\/01\/JCI-National-President-01-2.png 1275w\" sizes=\"auto, (max-width: 770px) 100vw, 770px\" \/><\/div>\n\t\t<\/figure>\n\t<\/div>\n<\/div><\/div><\/div><\/div><\/div><\/div><div class=\"vc_row wpb_row vc_inner evenz-vc_row\"><div class=\"evenz-container evenz-rowcontainer-vc\"><div class=\"evenz-rowcontent\"><div class=\"wpb_column vc_column_container vc_col-sm-12\"><div class=\"vc_column-inner\"><div class=\"wpb_wrapper\">\t\t\t<hr class=\"evenz-spacer-s\">\n\t\t\n\t<div class=\"wpb_text_column wpb_content_element  wpb_animate_when_almost_visible wpb_fadeInLeft fadeInLeft\" >\n\t\t<div class=\"wpb_wrapper\">\n\t\t\t<p>Tout au long de la conf\u00e9rence, vous \u00e9changerez avec des intervenants de renom, participerez \u00e0 des discussions approfondies et nouerez des liens qui inspirent la collaboration. Notre \u00e9quipe s&#039;engage \u00e0 faire en sorte que votre exp\u00e9rience soit \u00e0 la fois agr\u00e9able et durable.<\/p>\n<p>N&#039;h\u00e9sitez pas \u00e0 nous contacter pour toute question concernant la conf\u00e9rence ou votre h\u00e9bergement. Nous sommes l\u00e0 pour vous aider \u00e0 rendre votre visite \u00e0 Durban m\u00e9morable.<\/p>\n<p>Nous sommes impatients de vous accueillir au Royaume Zoulou et vous souhaitons un bon voyage en Afrique du Sud.<\/p>\n<p>Cordialement,<\/p>\n<p><strong style=\"color: #0097d7; font-size: 28px;\">Qhawe SOSIBO<\/strong><\/p>\n<hr style=\"width: 50%; height: 4px; color: #0097d7; text-align: left;\" \/>\n<p><strong style=\"font-size: 24px; padding: 0px;\">Pr\u00e9sident national de la JCI Afrique du Sud 2025<\/strong><\/p>\n\n\t\t<\/div>\n\t<\/div>\n<div class=\"vc_separator wpb_content_element vc_separator_align_right vc_sep_width_100 vc_sep_pos_align_center vc_sep_color_grey\" ><span class=\"vc_sep_holder vc_sep_holder_l\"><span class=\"vc_sep_line\"><\/span><\/span><div class=\"vc_icon_element vc_icon_element-outer vc_icon_element-align-left\"><div class=\"vc_icon_element-inner vc_icon_element-color-black vc_icon_element-size-md vc_icon_element-style- vc_icon_element-background-color-grey\" ><span class=\"vc_icon_element-icon fas fa-quote-right\" ><\/span><\/div><\/div><span class=\"vc_sep_holder vc_sep_holder_r\"><span class=\"vc_sep_line\"><\/span><\/span>\n<\/div>\t\t\t<hr class=\"evenz-spacer-xxs\">\n\t\t<\/div><\/div><\/div><\/div><\/div><\/div><\/div><\/div><\/div><\/div><\/div><\/div><\/div><div class=\"evenz-vc-row-container\" ><div class=\"vc_row evenz-stickycont wpb_row evenz-vc_row\"><div class=\"evenz-rowcontainer-vc\"><div class=\"evenz-rowcontent\"><div class=\"wpb_column vc_column_container vc_col-sm-12\"><div class=\"vc_column-inner vc_custom_1715348936694\"><div class=\"wpb_wrapper\"><\/div><\/div><\/div><\/div><\/div><\/div><\/div>\n<\/div>","protected":false},"excerpt":{"rendered":"MESSAGE DU PR\u00c9SIDENT NATIONAL DE LA JCI AMEC 2025 Chers D\u00e9l\u00e9gu\u00e9s, Membres JCI du monde entier Au nom de la JCI Afrique du Sud, je suis ravi de vous souhaiter la bienvenue \u00e0 la prochaine Conf\u00e9rence JCI Afrique et Moyen-Orient 2025 qui se tiendra dans la dynamique [...]","protected":false},"author":1,"featured_media":0,"parent":0,"menu_order":0,"comment_status":"closed","ping_status":"closed","template":"page-fullwidth.php","meta":{"_monsterinsights_skip_tracking":false,"_monsterinsights_sitenote_active":false,"_monsterinsights_sitenote_note":"","_monsterinsights_sitenote_category":0,"footnotes":""},"class_list":["post-1382","page","type-page","status-publish","hentry"],"aioseo_notices":[],"_links":{"self":[{"href":"https:\/\/jciamec2025.com\/fr\/wp-json\/wp\/v2\/pages\/1382","targetHints":{"allow":["GET"]}}],"collection":[{"href":"https:\/\/jciamec2025.com\/fr\/wp-json\/wp\/v2\/pages"}],"about":[{"href":"https:\/\/jciamec2025.com\/fr\/wp-json\/wp\/v2\/types\/page"}],"author":[{"embeddable":true,"href":"https:\/\/jciamec2025.com\/fr\/wp-json\/wp\/v2\/users\/1"}],"replies":[{"embeddable":true,"href":"https:\/\/jciamec2025.com\/fr\/wp-json\/wp\/v2\/comments?post=1382"}],"version-history":[{"count":31,"href":"https:\/\/jciamec2025.com\/fr\/wp-json\/wp\/v2\/pages\/1382\/revisions"}],"predecessor-version":[{"id":2023,"href":"https:\/\/jciamec2025.com\/fr\/wp-json\/wp\/v2\/pages\/1382\/revisions\/2023"}],"wp:attachment":[{"href":"https:\/\/jciamec2025.com\/fr\/wp-json\/wp\/v2\/media?parent=1382"}],"curies":[{"name":"wp","href":"https:\/\/api.w.org\/{rel}","templated":true}]}}