{"id":1540,"date":"2024-05-12T23:45:15","date_gmt":"2024-05-12T23:45:15","guid":{"rendered":"https:\/\/jciamec2025.com\/?page_id=1540"},"modified":"2024-05-30T16:12:16","modified_gmt":"2024-05-30T16:12:16","slug":"discover-south-africa","status":"publish","type":"page","link":"https:\/\/jciamec2025.com\/fr\/discover-south-africa\/","title":{"rendered":"D\u00e9couvrez l&#039;Afrique du Sud"},"content":{"rendered":"<div class=\"wpb-content-wrapper\"><div class=\"evenz-vc-row-container\" ><div class=\"vc_row evenz-stickycont wpb_row evenz-vc_row\"><div class=\"evenz-rowcontainer-vc\"><div class=\"evenz-rowcontent\"><div class=\"wpb_column vc_column_container vc_col-sm-12 vc_hidden-xs\"><div class=\"vc_column-inner\"><div class=\"wpb_wrapper\">\t\t\t<hr class=\"evenz-spacer-m\">\n\t\t<div class=\"vc_row wpb_row vc_inner evenz-vc_row\"><div class=\"evenz-container evenz-rowcontainer-vc\"><div class=\"evenz-rowcontent\"><div class=\"wpb_column vc_column_container vc_col-sm-12\"><div class=\"vc_column-inner\"><div class=\"wpb_wrapper\">\t\t<div>\n\t\t\t<h2  class=\"evenz-element-caption evenz-caption  evenz-caption__xxl evenz-anim\" data-qtwaypoints-offset=\"30\" data-qtwaypoints>\t\t\t\t<span>#MEETSOUTHAFRICA<\/span>\n\t\t\t\t<\/h2>\t\t<\/div>\n\t\t<\/div><\/div><\/div><\/div><\/div><\/div><div class=\"vc_row wpb_row vc_inner evenz-vc_row vc_row-o-content-middle vc_row-flex\"><div class=\"evenz-container evenz-rowcontainer-vc\"><div class=\"evenz-rowcontent\"><div class=\"wpb_column vc_column_container vc_col-sm-6 vc_col-has-fill\"><div class=\"vc_column-inner vc_custom_1717083154803\"><div class=\"wpb_wrapper\">\n\t<div class=\"wpb_text_column wpb_content_element  vc_custom_1717085501573 div360\" >\n\t\t<div class=\"wpb_wrapper\">\n\t\t\t<h3 class=\"elementor-heading-title elementor-size-default\">En tant que premi\u00e8re destination de r\u00e9unions et d&#039;\u00e9v\u00e9nements en Afrique, l&#039;incroyable vari\u00e9t\u00e9 de lieux et de destinations, d&#039;offres diverses et d&#039;exp\u00e9riences inoubliables de l&#039;Afrique du Sud d\u00e9passe toujours les attentes.<\/h3>\n\n\t\t<\/div>\n\t<\/div>\n<\/div><\/div><\/div><div class=\"wpb_column vc_column_container vc_col-sm-6\"><div class=\"vc_column-inner\"><div class=\"wpb_wrapper\">\n\t<div  class=\"wpb_single_image wpb_content_element vc_align_right\">\n\t\t\n\t\t<figure class=\"wpb_wrapper vc_figure\">\n\t\t\t<div class=\"vc_single_image-wrapper   vc_box_border_grey\"><img loading=\"lazy\" decoding=\"async\" width=\"800\" height=\"488\" src=\"https:\/\/jciamec2025.com\/wp-content\/uploads\/2024\/05\/amec-meetsa-05.jpg\" class=\"vc_single_image-img attachment-full\" alt=\"\" title=\"amec-rencontre-05\" srcset=\"https:\/\/jciamec2025.com\/wp-content\/uploads\/2024\/05\/amec-meetsa-05.jpg 800w, https:\/\/jciamec2025.com\/wp-content\/uploads\/2024\/05\/amec-meetsa-05-770x470.jpg 770w, https:\/\/jciamec2025.com\/wp-content\/uploads\/2024\/05\/amec-meetsa-05-768x468.jpg 768w\" sizes=\"auto, (max-width: 800px) 100vw, 800px\" \/><\/div>\n\t\t<\/figure>\n\t<\/div>\n<\/div><\/div><\/div><\/div><\/div><\/div><div class=\"vc_row wpb_row vc_inner evenz-vc_row vc_custom_1717083172103 vc_row-o-equal-height vc_row-o-content-middle vc_row-flex\"><div class=\"evenz-container evenz-rowcontainer-vc\"><div class=\"evenz-rowcontent\"><div class=\"wpb_column vc_column_container vc_col-sm-6\"><div class=\"vc_column-inner\"><div class=\"wpb_wrapper\">\n\t<div  class=\"wpb_single_image wpb_content_element vc_align_left\">\n\t\t\n\t\t<figure class=\"wpb_wrapper vc_figure\">\n\t\t\t<div class=\"vc_single_image-wrapper   vc_box_border_grey\"><img loading=\"lazy\" decoding=\"async\" width=\"800\" height=\"488\" src=\"https:\/\/jciamec2025.com\/wp-content\/uploads\/2024\/05\/amec-meetsa-04.jpg\" class=\"vc_single_image-img attachment-full\" alt=\"\" title=\"amec-rencontre-04\" srcset=\"https:\/\/jciamec2025.com\/wp-content\/uploads\/2024\/05\/amec-meetsa-04.jpg 800w, https:\/\/jciamec2025.com\/wp-content\/uploads\/2024\/05\/amec-meetsa-04-770x470.jpg 770w, https:\/\/jciamec2025.com\/wp-content\/uploads\/2024\/05\/amec-meetsa-04-768x468.jpg 768w\" sizes=\"auto, (max-width: 800px) 100vw, 800px\" \/><\/div>\n\t\t<\/figure>\n\t<\/div>\n<\/div><\/div><\/div><div class=\"discover-text wpb_column vc_column_container vc_col-sm-6 vc_col-has-fill\" id=\"discover-text\"><div class=\"vc_column-inner vc_custom_1717084959870\"><div class=\"wpb_wrapper\">\n\t<div class=\"wpb_text_column wpb_content_element  vc_custom_1717085489409 div360\" >\n\t\t<div class=\"wpb_wrapper\">\n\t\t\t<p style=\"vertical-align: middle;\">La R\u00e9publique d&#039;Afrique du Sud est un pays situ\u00e9 \u00e0 la pointe sud de l&#039;Afrique. Il est divis\u00e9 en neuf provinces spectaculaires et poss\u00e8de 2 798 kilom\u00e8tres (1 739 miles) de littoral. Au nord se trouvent les pays voisins de la Namibie, du Botswana et du Zimbabwe ; \u00e0 l&#039;est se trouvent le Mozambique et l&#039;Eswatini ; tandis que le Lesotho est entour\u00e9 par le territoire sud-africain. L&#039;Afrique du Sud est le 25\u00e8me plus grand pays du monde en termes de superficie et le 24\u00e8me pays le plus peupl\u00e9 avec plus de 51 millions d&#039;habitants. Venez d\u00e9couvrir notre hospitalit\u00e9 partout o\u00f9 vous allez et entrez en contact avec notre grande vari\u00e9t\u00e9 de cultures fascinantes et<br \/>\ntraditions locales<\/p>\n\n\t\t<\/div>\n\t<\/div>\n<\/div><\/div><\/div><\/div><\/div><\/div><div class=\"vc_row wpb_row vc_inner evenz-vc_row vc_custom_1717083202166 vc_row-has-fill vc_row-o-equal-height vc_row-flex\"><div class=\"evenz-container evenz-rowcontainer-vc\"><div class=\"evenz-rowcontent\"><div class=\"wpb_column vc_column_container vc_col-sm-6 vc_col-has-fill\"><div class=\"vc_column-inner vc_custom_1715824336922\"><div class=\"wpb_wrapper\">\n\t<div class=\"wpb_text_column wpb_content_element  vc_custom_1717085515275 div360\" id=\"vmid\">\n\t\t<div class=\"wpb_wrapper\">\n\t\t\t<p>Le pays est bien plac\u00e9 pour accueillir des \u00e9v\u00e9nements locaux ou internationaux de r\u00e9unions, d&#039;incitations, de conf\u00e9rences et d&#039;expositions (MICE). Nous disposons d&#039;installations d&#039;affaires et de conf\u00e9rence de classe mondiale compl\u00e9t\u00e9es par d&#039;excellentes attractions touristiques de loisirs et un personnel hospitalier, accueillant, qualifi\u00e9 et comp\u00e9tent. Nos collaborateurs sont pr\u00eats \u00e0 vous montrer les merveilles naturelles de notre pays, \u00e0 vous entra\u00eener dans le rythme et l&#039;\u00e2me de l&#039;Afrique, \u00e0 vous faire rencontrer de pr\u00e8s notre faune majestueuse et \u00e0 vous emmener dans un voyage inoubliable \u00e0 travers notre pass\u00e9 ancien et r\u00e9cent.<\/p>\n\n\t\t<\/div>\n\t<\/div>\n<\/div><\/div><\/div><div class=\"wpb_column vc_column_container vc_col-sm-6\"><div class=\"vc_column-inner\"><div class=\"wpb_wrapper\">\n\t<div  class=\"wpb_single_image wpb_content_element vc_align_left\">\n\t\t\n\t\t<figure class=\"wpb_wrapper vc_figure\">\n\t\t\t<div class=\"vc_single_image-wrapper   vc_box_border_grey\"><img loading=\"lazy\" decoding=\"async\" width=\"770\" height=\"470\" src=\"https:\/\/jciamec2025.com\/wp-content\/uploads\/2024\/05\/amec-meetsa-02-770x470.jpg\" class=\"vc_single_image-img attachment-medium\" alt=\"\" title=\"amec-rencontre-02\" srcset=\"https:\/\/jciamec2025.com\/wp-content\/uploads\/2024\/05\/amec-meetsa-02-770x470.jpg 770w, https:\/\/jciamec2025.com\/wp-content\/uploads\/2024\/05\/amec-meetsa-02-768x468.jpg 768w, https:\/\/jciamec2025.com\/wp-content\/uploads\/2024\/05\/amec-meetsa-02.jpg 800w\" sizes=\"auto, (max-width: 770px) 100vw, 770px\" \/><\/div>\n\t\t<\/figure>\n\t<\/div>\n<\/div><\/div><\/div><\/div><\/div><\/div><div class=\"vc_row wpb_row vc_inner evenz-vc_row vc_custom_1717083217903 vc_row-has-fill vc_row-o-equal-height vc_row-flex\"><div class=\"evenz-container evenz-rowcontainer-vc\"><div class=\"evenz-rowcontent\"><div class=\"wpb_column vc_column_container vc_col-sm-6\"><div class=\"vc_column-inner\"><div class=\"wpb_wrapper\">\n\t<div  class=\"wpb_single_image wpb_content_element vc_align_left\">\n\t\t\n\t\t<figure class=\"wpb_wrapper vc_figure\">\n\t\t\t<div class=\"vc_single_image-wrapper   vc_box_border_grey\"><img loading=\"lazy\" decoding=\"async\" width=\"770\" height=\"470\" src=\"https:\/\/jciamec2025.com\/wp-content\/uploads\/2024\/05\/amec-meetsa-01-1-770x470.jpg\" class=\"vc_single_image-img attachment-medium\" alt=\"\" title=\"amec-rencontre-01\" srcset=\"https:\/\/jciamec2025.com\/wp-content\/uploads\/2024\/05\/amec-meetsa-01-1-770x470.jpg 770w, https:\/\/jciamec2025.com\/wp-content\/uploads\/2024\/05\/amec-meetsa-01-1-768x468.jpg 768w, https:\/\/jciamec2025.com\/wp-content\/uploads\/2024\/05\/amec-meetsa-01-1.jpg 800w\" sizes=\"auto, (max-width: 770px) 100vw, 770px\" \/><\/div>\n\t\t<\/figure>\n\t<\/div>\n<\/div><\/div><\/div><div class=\"wpb_column vc_column_container vc_col-sm-6 vc_col-has-fill\"><div class=\"vc_column-inner vc_custom_1715860346004\"><div class=\"wpb_wrapper\">\n\t<div class=\"wpb_text_column wpb_content_element  vc_custom_1717085525008 div360\" id=\"vmid\">\n\t\t<div class=\"wpb_wrapper\">\n\t\t\t<p style=\"vertical-align: middle;\">L&#039;Afrique du Sud vous accueille \u00e0 bras et \u00e0 c\u0153ur ouverts avec le sourire le plus chaleureux et le plus large, ravie de vous inviter sur notre rivage, nos maisons et nos braais. L&#039;Afrique du Sud est v\u00e9ritablement une destination r\u00e9volutionnaire pour les explorateurs et les aventuriers qui souhaitent vivre la vie dans toute sa pl\u00e9nitude. Nous sommes une destination qui vous permet de gratter sous la surface, de d\u00e9couvrir des possibilit\u00e9s infinies et de repartir plus riche.<\/p>\n\n\t\t<\/div>\n\t<\/div>\n<\/div><\/div><\/div><\/div><\/div><\/div>\t\t\t<hr class=\"evenz-spacer-l\">\n\t\t<\/div><\/div><\/div><\/div><\/div><\/div><\/div><div class=\"evenz-vc-row-container\" ><div class=\"vc_row evenz-stickycont wpb_row evenz-vc_row\"><div class=\"evenz-rowcontainer-vc\"><div class=\"evenz-rowcontent\"><div class=\"wpb_column vc_column_container vc_col-sm-12 vc_hidden-lg vc_hidden-md vc_hidden-sm\"><div class=\"vc_column-inner\"><div class=\"wpb_wrapper\">\t\t\t<hr class=\"evenz-spacer-m\">\n\t\t<div class=\"vc_row wpb_row vc_inner evenz-vc_row\"><div class=\"evenz-container evenz-rowcontainer-vc\"><div class=\"evenz-rowcontent\"><div class=\"wpb_column vc_column_container vc_col-sm-12\"><div class=\"vc_column-inner\"><div class=\"wpb_wrapper\">\t\t<div>\n\t\t\t<h2  class=\"evenz-element-caption evenz-caption  evenz-caption__xxl evenz-anim\" data-qtwaypoints-offset=\"30\" data-qtwaypoints>\t\t\t\t<span>#MEETSOUTHAFRICA<\/span>\n\t\t\t\t<\/h2>\t\t<\/div>\n\t\t<\/div><\/div><\/div><\/div><\/div><\/div><div class=\"vc_row wpb_row vc_inner evenz-vc_row vc_column-gap-25 vc_row-o-content-middle vc_row-flex\"><div class=\"evenz-container evenz-rowcontainer-vc\"><div class=\"evenz-rowcontent\"><div class=\"wpb_column vc_column_container vc_col-sm-6 vc_col-has-fill\"><div class=\"vc_column-inner vc_custom_1715824320078\"><div class=\"wpb_wrapper\">\n\t<div  class=\"wpb_single_image wpb_content_element vc_align_right\">\n\t\t\n\t\t<figure class=\"wpb_wrapper vc_figure\">\n\t\t\t<div class=\"vc_single_image-wrapper   vc_box_border_grey\"><img loading=\"lazy\" decoding=\"async\" width=\"800\" height=\"488\" src=\"https:\/\/jciamec2025.com\/wp-content\/uploads\/2024\/05\/amec-meetsa-05.jpg\" class=\"vc_single_image-img attachment-full\" alt=\"\" title=\"amec-rencontre-05\" srcset=\"https:\/\/jciamec2025.com\/wp-content\/uploads\/2024\/05\/amec-meetsa-05.jpg 800w, https:\/\/jciamec2025.com\/wp-content\/uploads\/2024\/05\/amec-meetsa-05-770x470.jpg 770w, https:\/\/jciamec2025.com\/wp-content\/uploads\/2024\/05\/amec-meetsa-05-768x468.jpg 768w\" sizes=\"auto, (max-width: 800px) 100vw, 800px\" \/><\/div>\n\t\t<\/figure>\n\t<\/div>\n\n\t<div class=\"wpb_text_column wpb_content_element  vc_custom_1715818266740 discover-text\" >\n\t\t<div class=\"wpb_wrapper\">\n\t\t\t<h3 class=\"elementor-heading-title elementor-size-default\">En tant que premi\u00e8re destination de r\u00e9unions et d&#039;\u00e9v\u00e9nements en Afrique, l&#039;incroyable vari\u00e9t\u00e9 de lieux et de destinations, d&#039;offres diverses et d&#039;exp\u00e9riences inoubliables de l&#039;Afrique du Sud d\u00e9passe toujours les attentes.<\/h3>\n\n\t\t<\/div>\n\t<\/div>\n<\/div><\/div><\/div><div class=\"wpb_column vc_column_container vc_col-sm-6 vc_hidden-sm\"><div class=\"vc_column-inner\"><div class=\"wpb_wrapper\"><\/div><\/div><\/div><\/div><\/div><\/div><div class=\"vc_row wpb_row vc_inner evenz-vc_row vc_custom_1716125724213 vc_row-o-equal-height vc_row-o-content-middle vc_row-flex\"><div class=\"evenz-container evenz-rowcontainer-vc\"><div class=\"evenz-rowcontent\"><div class=\"wpb_column vc_column_container vc_col-sm-12\"><div class=\"vc_column-inner\"><div class=\"wpb_wrapper\"><div class=\"wpb_images_carousel wpb_content_element vc_clearfix\"><div class=\"wpb_wrapper\"><div id=\"vc_images-carousel-1-1776513354\" data-ride=\"vc_carousel\" data-wrap=\"false\" style=\"width: 100%;\" data-interval=\"5000\" data-auto-height=\"yes\" data-mode=\"horizontal\" data-partial=\"false\" data-per-view=\"1\" data-hide-on-end=\"false\" class=\"vc_slide vc_images_carousel\"><ol class=\"vc_carousel-indicators\"><li data-target=\"#vc_images-carousel-1-1776513354\" data-slide-to=\"0\"><\/li><li data-target=\"#vc_images-carousel-1-1776513354\" data-slide-to=\"1\"><\/li><li data-target=\"#vc_images-carousel-1-1776513354\" data-slide-to=\"2\"><\/li><li data-target=\"#vc_images-carousel-1-1776513354\" data-slide-to=\"3\"><\/li><\/ol><div class=\"vc_carousel-inner\"><div class=\"vc_carousel-slideline\"><div class=\"vc_carousel-slideline-inner\"><div class=\"vc_item\"><div class=\"vc_inner\"><a class=\"\" href=\"https:\/\/jciamec2025.com\/wp-content\/uploads\/2024\/05\/amec-meetsa-02.jpg\" data-lightbox=\"lightbox[rel-1540-1397360880]\"><img loading=\"lazy\" decoding=\"async\" width=\"800\" height=\"488\" src=\"https:\/\/jciamec2025.com\/wp-content\/uploads\/2024\/05\/amec-meetsa-02.jpg\" class=\"attachment-full\" alt=\"\" title=\"amec-rencontre-02\" srcset=\"https:\/\/jciamec2025.com\/wp-content\/uploads\/2024\/05\/amec-meetsa-02.jpg 800w, https:\/\/jciamec2025.com\/wp-content\/uploads\/2024\/05\/amec-meetsa-02-770x470.jpg 770w, https:\/\/jciamec2025.com\/wp-content\/uploads\/2024\/05\/amec-meetsa-02-768x468.jpg 768w\" sizes=\"auto, (max-width: 800px) 100vw, 800px\" \/><\/a><\/div><\/div><div class=\"vc_item\"><div class=\"vc_inner\"><a class=\"\" href=\"https:\/\/jciamec2025.com\/wp-content\/uploads\/2024\/05\/amec-meetsa-01-1.jpg\" data-lightbox=\"lightbox[rel-1540-1397360880]\"><img loading=\"lazy\" decoding=\"async\" width=\"800\" height=\"488\" src=\"https:\/\/jciamec2025.com\/wp-content\/uploads\/2024\/05\/amec-meetsa-01-1.jpg\" class=\"attachment-full\" alt=\"\" title=\"amec-rencontre-01\" srcset=\"https:\/\/jciamec2025.com\/wp-content\/uploads\/2024\/05\/amec-meetsa-01-1.jpg 800w, https:\/\/jciamec2025.com\/wp-content\/uploads\/2024\/05\/amec-meetsa-01-1-770x470.jpg 770w, https:\/\/jciamec2025.com\/wp-content\/uploads\/2024\/05\/amec-meetsa-01-1-768x468.jpg 768w\" sizes=\"auto, (max-width: 800px) 100vw, 800px\" \/><\/a><\/div><\/div><div class=\"vc_item\"><div class=\"vc_inner\"><a class=\"\" href=\"https:\/\/jciamec2025.com\/wp-content\/uploads\/2024\/05\/amec-meetsa-04.jpg\" data-lightbox=\"lightbox[rel-1540-1397360880]\"><img loading=\"lazy\" decoding=\"async\" width=\"800\" height=\"488\" src=\"https:\/\/jciamec2025.com\/wp-content\/uploads\/2024\/05\/amec-meetsa-04.jpg\" class=\"attachment-full\" alt=\"\" title=\"amec-rencontre-04\" srcset=\"https:\/\/jciamec2025.com\/wp-content\/uploads\/2024\/05\/amec-meetsa-04.jpg 800w, https:\/\/jciamec2025.com\/wp-content\/uploads\/2024\/05\/amec-meetsa-04-770x470.jpg 770w, https:\/\/jciamec2025.com\/wp-content\/uploads\/2024\/05\/amec-meetsa-04-768x468.jpg 768w\" sizes=\"auto, (max-width: 800px) 100vw, 800px\" \/><\/a><\/div><\/div><div class=\"vc_item\"><div class=\"vc_inner\"><a class=\"\" href=\"https:\/\/jciamec2025.com\/wp-content\/uploads\/2024\/05\/amec-meetsa-03.jpg\" data-lightbox=\"lightbox[rel-1540-1397360880]\"><img loading=\"lazy\" decoding=\"async\" width=\"800\" height=\"488\" src=\"https:\/\/jciamec2025.com\/wp-content\/uploads\/2024\/05\/amec-meetsa-03.jpg\" class=\"attachment-full\" alt=\"\" title=\"amec-rencontre-03\" srcset=\"https:\/\/jciamec2025.com\/wp-content\/uploads\/2024\/05\/amec-meetsa-03.jpg 800w, https:\/\/jciamec2025.com\/wp-content\/uploads\/2024\/05\/amec-meetsa-03-770x470.jpg 770w, https:\/\/jciamec2025.com\/wp-content\/uploads\/2024\/05\/amec-meetsa-03-768x468.jpg 768w\" sizes=\"auto, (max-width: 800px) 100vw, 800px\" \/><\/a><\/div><\/div><\/div><\/div><\/div><a class=\"vc_left vc_carousel-control\" href=\"#vc_images-carousel-1-1776513354\" data-slide=\"prev\"><span class=\"icon-prev\"><\/span><\/a><a class=\"vc_right vc_carousel-control\" href=\"#vc_images-carousel-1-1776513354\" data-slide=\"next\"><span class=\"icon-next\"><\/span><\/a><\/div><\/div><\/div><\/div><\/div><\/div><\/div><\/div><\/div><div class=\"vc_row wpb_row vc_inner evenz-vc_row vc_custom_1716125407019 vc_column-gap-25 vc_row-o-equal-height vc_row-o-content-middle vc_row-flex\"><div class=\"evenz-container evenz-rowcontainer-vc\"><div class=\"evenz-rowcontent\"><div class=\"wpb_column vc_column_container vc_col-sm-12\"><div class=\"vc_column-inner vc_custom_1716125640827\"><div class=\"wpb_wrapper\">\n\t<div class=\"wpb_text_column wpb_content_element  vc_custom_1716125565717\" >\n\t\t<div class=\"wpb_wrapper\">\n\t\t\t<p style=\"vertical-align: middle;\">La R\u00e9publique d&#039;Afrique du Sud est un pays situ\u00e9 \u00e0 la pointe sud de l&#039;Afrique. Il est divis\u00e9 en neuf provinces spectaculaires et poss\u00e8de 2 798 kilom\u00e8tres (1 739 miles) de littoral. Au nord se trouvent les pays voisins de la Namibie, du Botswana et du Zimbabwe ; \u00e0 l&#039;est se trouvent le Mozambique et l&#039;Eswatini ; tandis que le Lesotho est entour\u00e9 par le territoire sud-africain. L&#039;Afrique du Sud est le 25\u00e8me plus grand pays du monde en termes de superficie et le 24\u00e8me pays le plus peupl\u00e9 avec plus de 51 millions d&#039;habitants. Venez d\u00e9couvrir notre hospitalit\u00e9 partout o\u00f9 vous allez et entrez en contact avec notre grande vari\u00e9t\u00e9 de cultures fascinantes et de traditions locales.<\/p>\n<p>Le pays est bien plac\u00e9 pour accueillir des r\u00e9unions locales ou internationales,<br \/>\n\u00c9v\u00e9nements de motivation, de conf\u00e9rence et d&#039;exposition (MICE). Nous disposons d&#039;installations d&#039;affaires et de conf\u00e9rence de classe mondiale compl\u00e9t\u00e9es par d&#039;excellentes attractions touristiques de loisirs et un personnel hospitalier, accueillant, qualifi\u00e9 et comp\u00e9tent. Nos collaborateurs sont pr\u00eats \u00e0 vous montrer les merveilles naturelles de notre pays, \u00e0 vous entra\u00eener dans le rythme et l&#039;\u00e2me de l&#039;Afrique, \u00e0 vous faire rencontrer de pr\u00e8s notre faune majestueuse et \u00e0 vous emmener dans un voyage inoubliable \u00e0 travers notre pass\u00e9 ancien et r\u00e9cent.<\/p>\n<p style=\"vertical-align: middle;\">L&#039;Afrique du Sud vous accueille \u00e0 bras et \u00e0 c\u0153ur ouverts avec le sourire le plus chaleureux et le plus large, ravie de vous inviter sur notre rivage, nos maisons et nos braais. L&#039;Afrique du Sud est v\u00e9ritablement une destination r\u00e9volutionnaire pour les explorateurs et les aventuriers qui souhaitent vivre la vie dans toute sa pl\u00e9nitude. Nous sommes une destination qui vous permet de gratter sous la surface, de d\u00e9couvrir des possibilit\u00e9s infinies et de repartir plus riche.<\/p>\n\n\t\t<\/div>\n\t<\/div>\n<\/div><\/div><\/div><\/div><\/div><\/div>\t\t\t<hr class=\"evenz-spacer-l\">\n\t\t<\/div><\/div><\/div><\/div><\/div><\/div><\/div>\n<\/div>","protected":false},"excerpt":{"rendered":"#MEETSOUTHAFRICA En tant que premi\u00e8re destination de r\u00e9unions et d&#039;\u00e9v\u00e9nements en Afrique, l&#039;incroyable vari\u00e9t\u00e9 de lieux et de destinations, les offres diverses et les exp\u00e9riences inoubliables de l&#039;Afrique du Sud d\u00e9passent toujours les attentes. La R\u00e9publique d&#039;Afrique du Sud est un pays situ\u00e9 \u00e0 la pointe sud de l&#039;Afrique. Elle est divis\u00e9e en neuf provinces spectaculaires et compte 2 798 kilom\u00e8tres [...]","protected":false},"author":1,"featured_media":0,"parent":0,"menu_order":0,"comment_status":"closed","ping_status":"closed","template":"page-fullwidth.php","meta":{"_monsterinsights_skip_tracking":false,"_monsterinsights_sitenote_active":false,"_monsterinsights_sitenote_note":"","_monsterinsights_sitenote_category":0,"footnotes":""},"class_list":["post-1540","page","type-page","status-publish","hentry"],"aioseo_notices":[],"_links":{"self":[{"href":"https:\/\/jciamec2025.com\/fr\/wp-json\/wp\/v2\/pages\/1540","targetHints":{"allow":["GET"]}}],"collection":[{"href":"https:\/\/jciamec2025.com\/fr\/wp-json\/wp\/v2\/pages"}],"about":[{"href":"https:\/\/jciamec2025.com\/fr\/wp-json\/wp\/v2\/types\/page"}],"author":[{"embeddable":true,"href":"https:\/\/jciamec2025.com\/fr\/wp-json\/wp\/v2\/users\/1"}],"replies":[{"embeddable":true,"href":"https:\/\/jciamec2025.com\/fr\/wp-json\/wp\/v2\/comments?post=1540"}],"version-history":[{"count":45,"href":"https:\/\/jciamec2025.com\/fr\/wp-json\/wp\/v2\/pages\/1540\/revisions"}],"predecessor-version":[{"id":1787,"href":"https:\/\/jciamec2025.com\/fr\/wp-json\/wp\/v2\/pages\/1540\/revisions\/1787"}],"wp:attachment":[{"href":"https:\/\/jciamec2025.com\/fr\/wp-json\/wp\/v2\/media?parent=1540"}],"curies":[{"name":"wp","href":"https:\/\/api.w.org\/{rel}","templated":true}]}}