{"id":1664,"date":"2024-05-17T01:01:03","date_gmt":"2024-05-17T01:01:03","guid":{"rendered":"https:\/\/jciamec2025.com\/?page_id=1664"},"modified":"2024-05-19T11:32:42","modified_gmt":"2024-05-19T11:32:42","slug":"kwazulu-natal-the-host-province","status":"publish","type":"page","link":"https:\/\/jciamec2025.com\/fr\/kwazulu-natal-the-host-province\/","title":{"rendered":"KwaZulu-Natal \u2013 La province h\u00f4te"},"content":{"rendered":"<div class=\"wpb-content-wrapper\"><div class=\"evenz-vc-row-container\" ><div class=\"vc_row evenz-stickycont wpb_row evenz-vc_row vc_custom_1715908540437 vc_row-has-fill evenz-negative\"><div class=\"evenz-container evenz-rowcontainer-vc\"><div class=\"evenz-rowcontent\"><div class=\"wpb_animate_when_almost_visible wpb_fadeInLeft fadeInLeft wpb_column vc_column_container vc_col-sm-12\"><div class=\"vc_column-inner vc_custom_1565945676359\"><div class=\"wpb_wrapper evenz-vc_section\"><div class=\"vc_row wpb_row vc_inner evenz-vc_row vc_column-gap-30\"><div class=\"evenz-container evenz-rowcontainer-vc\"><div class=\"evenz-rowcontent\"><div class=\"wpb_column vc_column_container vc_col-sm-12\"><div class=\"vc_column-inner\"><div class=\"wpb_wrapper\"><div class=\"vc_separator wpb_content_element vc_separator_align_left vc_sep_width_100 vc_sep_border_width_5 vc_sep_pos_align_center vc_sep_color_white vc_separator-has-text\" ><span class=\"vc_sep_holder vc_sep_holder_l\"><span class=\"vc_sep_line\"><\/span><\/span><h4>JCI AMEC 2025<\/h4><span class=\"vc_sep_holder vc_sep_holder_r\"><span class=\"vc_sep_line\"><\/span><\/span>\n<\/div>\t\t\t<hr class=\"evenz-spacer-s\">\n\t\t<h1 style=\"font-size: 64px;text-align: left\" class=\"vc_custom_heading\" >KwaZulu-Natal - La province h\u00f4te<\/h1><div class=\"vc_separator wpb_content_element vc_separator_align_center vc_sep_width_100 vc_sep_border_width_8 vc_sep_pos_align_center vc_separator_no_text vc_sep_color_grey\" ><span class=\"vc_sep_holder vc_sep_holder_l\"><span class=\"vc_sep_line\"><\/span><\/span><span class=\"vc_sep_holder vc_sep_holder_r\"><span class=\"vc_sep_line\"><\/span><\/span>\n<\/div><\/div><\/div><\/div><\/div><\/div><\/div><\/div><\/div><\/div><\/div><\/div><\/div>\t\t<div class=\"evenz-bgimg evenz-bgimg__vc evenz-bgimg__parallax\" data-evenz-parallax>\n\t\t\t<img decoding=\"async\" data-stellar-ratio=\"0.07\" src=\"https:\/\/jciamec2025.com\/wp-content\/uploads\/2024\/05\/amec-header-05.jpg\" alt=\"Background\">\n\t\t<\/div>\n\t<\/div><div class=\"evenz-vc-row-container\" ><div class=\"vc_row evenz-stickycont wpb_row evenz-vc_row page-overlap-row wpb_animate_when_almost_visible wpb_fadeInUp fadeInUp vc_custom_1715544515207\"><div class=\"evenz-rowcontainer-vc\"><div class=\"evenz-rowcontent\"><div class=\"wpb_column vc_column_container vc_col-sm-12\"><div class=\"vc_column-inner\"><div class=\"wpb_wrapper\"><div class=\"vc_row wpb_row vc_inner evenz-vc_row\"><div class=\"evenz-container evenz-rowcontainer-vc\"><div class=\"evenz-rowcontent\"><div class=\"wpb_column vc_column_container vc_col-sm-12\"><div class=\"vc_column-inner\"><div class=\"wpb_wrapper\">\n\t<div class=\"wpb_text_column wpb_content_element\" >\n\t\t<div class=\"wpb_wrapper\">\n\t\t\t<h1 style=\"text-transform: uppercase; color: #0097d7;\">Province h\u00f4te \u2013 KwaZulu-Natal<\/h1>\n<hr style=\"color: #0097d7; height: 4px; \" \/>\n\n\t\t<\/div>\n\t<\/div>\n\n\t<div class=\"wpb_text_column wpb_content_element\" >\n\t\t<div class=\"wpb_wrapper\">\n\t\t\t<h2 style=\"text-transform: uppercase;color:#0097D7\">Paysages verts et m\u00e9tropole c\u00f4ti\u00e8re<\/h2>\n<hr style=\"color: #0097d7; height: 4px; width: 50%;\" \/>\n\n\t\t<\/div>\n\t<\/div>\n<\/div><\/div><\/div><\/div><\/div><\/div><div class=\"vc_row wpb_row vc_inner evenz-vc_row\"><div class=\"evenz-container evenz-rowcontainer-vc\"><div class=\"evenz-rowcontent\"><div class=\"wpb_column vc_column_container vc_col-sm-4\"><div class=\"vc_column-inner\"><div class=\"wpb_wrapper\">\n\t<div  class=\"wpb_single_image wpb_content_element vc_align_left  vc_custom_1716081502664\">\n\t\t\n\t\t<figure class=\"wpb_wrapper vc_figure\">\n\t\t\t<div class=\"vc_single_image-wrapper   vc_box_border_grey\"><img loading=\"lazy\" decoding=\"async\" width=\"770\" height=\"470\" src=\"https:\/\/jciamec2025.com\/wp-content\/uploads\/2024\/05\/amec-meet-kzn-03-770x470.jpg\" class=\"vc_single_image-img attachment-medium\" alt=\"\" title=\"amec-rencontre-kzn-03\" srcset=\"https:\/\/jciamec2025.com\/wp-content\/uploads\/2024\/05\/amec-meet-kzn-03-770x470.jpg 770w, https:\/\/jciamec2025.com\/wp-content\/uploads\/2024\/05\/amec-meet-kzn-03-768x468.jpg 768w, https:\/\/jciamec2025.com\/wp-content\/uploads\/2024\/05\/amec-meet-kzn-03.jpg 800w\" sizes=\"auto, (max-width: 770px) 100vw, 770px\" \/><\/div>\n\t\t<\/figure>\n\t<\/div>\n<\/div><\/div><\/div><div class=\"wpb_column vc_column_container vc_col-sm-4\"><div class=\"vc_column-inner\"><div class=\"wpb_wrapper\">\n\t<div  class=\"wpb_single_image wpb_content_element vc_align_left  vc_custom_1716080848509\">\n\t\t\n\t\t<figure class=\"wpb_wrapper vc_figure\">\n\t\t\t<div class=\"vc_single_image-wrapper   vc_box_border_grey\"><img loading=\"lazy\" decoding=\"async\" width=\"770\" height=\"470\" src=\"https:\/\/jciamec2025.com\/wp-content\/uploads\/2024\/05\/amec-meetdurban-03-770x470.jpg\" class=\"vc_single_image-img attachment-medium\" alt=\"\" title=\"amec-rencontredurban-03\" srcset=\"https:\/\/jciamec2025.com\/wp-content\/uploads\/2024\/05\/amec-meetdurban-03-770x470.jpg 770w, https:\/\/jciamec2025.com\/wp-content\/uploads\/2024\/05\/amec-meetdurban-03-768x468.jpg 768w, https:\/\/jciamec2025.com\/wp-content\/uploads\/2024\/05\/amec-meetdurban-03.jpg 800w\" sizes=\"auto, (max-width: 770px) 100vw, 770px\" \/><\/div>\n\t\t<\/figure>\n\t<\/div>\n<\/div><\/div><\/div><div class=\"wpb_column vc_column_container vc_col-sm-4\"><div class=\"vc_column-inner\"><div class=\"wpb_wrapper\">\n\t<div  class=\"wpb_single_image wpb_content_element vc_align_left  vc_custom_1716081520035\">\n\t\t\n\t\t<figure class=\"wpb_wrapper vc_figure\">\n\t\t\t<div class=\"vc_single_image-wrapper   vc_box_border_grey\"><img loading=\"lazy\" decoding=\"async\" width=\"770\" height=\"470\" src=\"https:\/\/jciamec2025.com\/wp-content\/uploads\/2024\/05\/amec-meet-kzn-01-770x470.jpg\" class=\"vc_single_image-img attachment-medium\" alt=\"\" title=\"amec-rencontre-kzn-01\" srcset=\"https:\/\/jciamec2025.com\/wp-content\/uploads\/2024\/05\/amec-meet-kzn-01-770x470.jpg 770w, https:\/\/jciamec2025.com\/wp-content\/uploads\/2024\/05\/amec-meet-kzn-01-768x468.jpg 768w, https:\/\/jciamec2025.com\/wp-content\/uploads\/2024\/05\/amec-meet-kzn-01.jpg 800w\" sizes=\"auto, (max-width: 770px) 100vw, 770px\" \/><\/div>\n\t\t<\/figure>\n\t<\/div>\n<\/div><\/div><\/div><\/div><\/div><\/div><div class=\"vc_row wpb_row vc_inner evenz-vc_row\"><div class=\"evenz-container evenz-rowcontainer-vc\"><div class=\"evenz-rowcontent\"><div class=\"wpb_column vc_column_container vc_col-sm-12\"><div class=\"vc_column-inner\"><div class=\"wpb_wrapper\">\t\t\t<hr class=\"evenz-spacer-s\">\n\t\t\n\t<div class=\"wpb_text_column wpb_content_element  wpb_animate_when_almost_visible wpb_fadeInLeft fadeInLeft\" >\n\t\t<div class=\"wpb_wrapper\">\n\t\t\t<p>Le KwaZulu-Natal se compose de trois zones g\u00e9ographiques assez distinctes\u00a0: la r\u00e9gion c\u00f4ti\u00e8re des basses terres de l&#039;oc\u00e9an Indien, les Midlands centraux du Natal et les zones montagneuses des monts Drakensberg et Lebombo. Ces r\u00e9gions g\u00e9ographiques, chacune avec sa beaut\u00e9 unique, offrent aux visiteurs un monde de diversit\u00e9 dans une seule province. La longue partie du littoral du KwaZulu-Natal est divis\u00e9e \u00e0 Durban en c\u00f4tes nord et c\u00f4te sud, chacune \u00e9tant ponctu\u00e9e d&#039;une multitude de petites villes et d&#039;agglom\u00e9rations offrant une grande vari\u00e9t\u00e9 d&#039;installations et d&#039;activit\u00e9s touristiques.<\/p>\n\n\t\t<\/div>\n\t<\/div>\n\n\t<div class=\"wpb_text_column wpb_content_element\" >\n\t\t<div class=\"wpb_wrapper\">\n\t\t\t<h2 style=\"text-transform: uppercase;color:#0097D7\">Aper\u00e7u \u00e9conomique<\/h2>\n<hr style=\"color: #0097d7; height: 4px; width: 50%;\" \/>\n\n\t\t<\/div>\n\t<\/div>\n\t\t\t<hr class=\"evenz-spacer-xxs\">\n\t\t\n\t<div class=\"wpb_text_column wpb_content_element  wpb_animate_when_almost_visible wpb_fadeInLeft fadeInLeft\" >\n\t\t<div class=\"wpb_wrapper\">\n\t\t\t<p>Le KwaZulu-Natal poss\u00e8de la deuxi\u00e8me \u00e9conomie du pays. Il contribue \u00e0 hauteur de 161 TP3T au PIB du pays. La fabrication, le commerce, les services aux entreprises et les communications de transport sont les secteurs de croissance les plus importants et les plus forts de l&#039;\u00e9conomie provinciale, avec la conversion de l&#039;aluminium, les produits manufactur\u00e9s, les composants automobiles, la conversion (l&#039;accent est mis sur les investissements ax\u00e9s sur l&#039;exportation), l&#039;\u00e9lectronique, l&#039;ing\u00e9nierie, la m\u00e9tallurgie et la p\u00e9trochimie. et les produits du bois.<\/p>\n<p>Cette province offre un avantage hautement comp\u00e9titif dans les secteurs de la fabrication, des transports, du stockage et des communications \u00e0 forte intensit\u00e9 de capital, ainsi que dans les services financiers et commerciaux. Elle est \u00e9galement bien positionn\u00e9e dans les secteurs de l\u2019agriculture, de la foresterie et de la p\u00eache, de l\u2019industrie manufacturi\u00e8re \u00e0 forte intensit\u00e9 de ressources agricoles ainsi que dans les secteurs du tourisme et de l\u2019h\u00e9bergement. L&#039;\u00e9mergence du KwaZulu-Natal en tant que plaque tournante du d\u00e9veloppement industriel en Afrique subsaharienne peut \u00eatre attribu\u00e9e \u00e0 ses dotations en ressources naturelles in\u00e9gal\u00e9es, \u00e0 sa capacit\u00e9 de production exceptionnelle, \u00e0 ses infrastructures bien d\u00e9velopp\u00e9es et \u00e0 sa situation c\u00f4ti\u00e8re avantageuse. L&#039;activit\u00e9 \u00e9conomique est concentr\u00e9e dans les zones m\u00e9tropolitaines de Durban, Pietermaritzburg et Richards Bay, les ceintures c\u00f4ti\u00e8res \u00e9tant utilis\u00e9es pour les plantations de canne \u00e0 sucre et de fruits et l\u00e9gumes subtropicaux.<\/p>\n\n\t\t<\/div>\n\t<\/div>\n\n\t<div class=\"wpb_text_column wpb_content_element\" >\n\t\t<div class=\"wpb_wrapper\">\n\t\t\t<h2 style=\"text-transform: uppercase;color:#0097D7\">Investir au KwaZulu-Natal<\/h2>\n<hr style=\"color: #0097d7; height: 4px; width: 50%;\" \/>\n\n\t\t<\/div>\n\t<\/div>\n\n\t<div class=\"wpb_text_column wpb_content_element  wpb_animate_when_almost_visible wpb_fadeInLeft fadeInLeft\" >\n\t\t<div class=\"wpb_wrapper\">\n\t\t\t<p>&nbsp;<\/p>\n<p>\u00c0 proximit\u00e9 imm\u00e9diate et avec un acc\u00e8s facile aux deux plus grands ports d&#039;Afrique du Sud \u2013 Durban et Richards Bay et l&#039;a\u00e9roport international King Shaka ; Un grand bassin de main d\u2019\u0153uvre ; Culture diversifi\u00e9e\u00a0; Porte d&#039;entr\u00e9e vers d&#039;autres pays africains; Faibles co\u00fbts de terrain et de construction\u00a0; Infrastructures de transport et de t\u00e9l\u00e9communications de classe mondiale\u00a0; Plaidoyer et lobbying pour des incitations aux investisseurs\u00a0; et un climat idyllique.<\/p>\n\n\t\t<\/div>\n\t<\/div>\n<\/div><\/div><\/div><\/div><\/div><\/div><\/div><\/div><\/div><\/div><\/div><\/div><\/div><div class=\"evenz-vc-row-container\" ><div class=\"vc_row evenz-stickycont wpb_row evenz-vc_row\"><div class=\"evenz-rowcontainer-vc\"><div class=\"evenz-rowcontent\"><div class=\"wpb_column vc_column_container vc_col-sm-12\"><div class=\"vc_column-inner vc_custom_1715348936694\"><div class=\"wpb_wrapper\"><\/div><\/div><\/div><\/div><\/div><\/div><\/div>\n<\/div>","protected":false},"excerpt":{"rendered":"JCI AMEC KwaZulu-Natal 2025 - La province h\u00f4te Province h\u00f4te - Paysages verdoyants et m\u00e9tropole c\u00f4ti\u00e8re du KwaZulu-Natal Le KwaZulu-Natal se compose de trois zones g\u00e9ographiques plut\u00f4t distinctes : la r\u00e9gion c\u00f4ti\u00e8re des basses terres de l&#039;oc\u00e9an Indien, les Midlands du centre du Natal et les zones montagneuses des monts Drakensberg et Lebombo. Ces r\u00e9gions g\u00e9ographiques, chacune [...]","protected":false},"author":1,"featured_media":0,"parent":0,"menu_order":0,"comment_status":"closed","ping_status":"closed","template":"page-fullwidth.php","meta":{"_monsterinsights_skip_tracking":false,"_monsterinsights_sitenote_active":false,"_monsterinsights_sitenote_note":"","_monsterinsights_sitenote_category":0,"footnotes":""},"class_list":["post-1664","page","type-page","status-publish","hentry"],"aioseo_notices":[],"_links":{"self":[{"href":"https:\/\/jciamec2025.com\/fr\/wp-json\/wp\/v2\/pages\/1664","targetHints":{"allow":["GET"]}}],"collection":[{"href":"https:\/\/jciamec2025.com\/fr\/wp-json\/wp\/v2\/pages"}],"about":[{"href":"https:\/\/jciamec2025.com\/fr\/wp-json\/wp\/v2\/types\/page"}],"author":[{"embeddable":true,"href":"https:\/\/jciamec2025.com\/fr\/wp-json\/wp\/v2\/users\/1"}],"replies":[{"embeddable":true,"href":"https:\/\/jciamec2025.com\/fr\/wp-json\/wp\/v2\/comments?post=1664"}],"version-history":[{"count":11,"href":"https:\/\/jciamec2025.com\/fr\/wp-json\/wp\/v2\/pages\/1664\/revisions"}],"predecessor-version":[{"id":1737,"href":"https:\/\/jciamec2025.com\/fr\/wp-json\/wp\/v2\/pages\/1664\/revisions\/1737"}],"wp:attachment":[{"href":"https:\/\/jciamec2025.com\/fr\/wp-json\/wp\/v2\/media?parent=1664"}],"curies":[{"name":"wp","href":"https:\/\/api.w.org\/{rel}","templated":true}]}}