{"id":1674,"date":"2024-05-17T01:51:52","date_gmt":"2024-05-17T01:51:52","guid":{"rendered":"https:\/\/jciamec2025.com\/?page_id=1674"},"modified":"2024-05-19T11:29:03","modified_gmt":"2024-05-19T11:29:03","slug":"durban-the-host-city","status":"publish","type":"page","link":"https:\/\/jciamec2025.com\/fr\/durban-the-host-city\/","title":{"rendered":"Durban \u2013 La ville h\u00f4te"},"content":{"rendered":"<div class=\"wpb-content-wrapper\"><div class=\"evenz-vc-row-container\" ><div class=\"vc_row evenz-stickycont wpb_row evenz-vc_row vc_custom_1715911526203 vc_row-has-fill evenz-negative\"><div class=\"evenz-container evenz-rowcontainer-vc\"><div class=\"evenz-rowcontent\"><div class=\"wpb_animate_when_almost_visible wpb_fadeInLeft fadeInLeft wpb_column vc_column_container vc_col-sm-12\"><div class=\"vc_column-inner vc_custom_1565945676359\"><div class=\"wpb_wrapper evenz-vc_section\"><div class=\"vc_row wpb_row vc_inner evenz-vc_row vc_column-gap-30\"><div class=\"evenz-container evenz-rowcontainer-vc\"><div class=\"evenz-rowcontent\"><div class=\"wpb_column vc_column_container vc_col-sm-12\"><div class=\"vc_column-inner\"><div class=\"wpb_wrapper\"><div class=\"vc_separator wpb_content_element vc_separator_align_left vc_sep_width_100 vc_sep_border_width_5 vc_sep_pos_align_center vc_sep_color_white vc_separator-has-text\" ><span class=\"vc_sep_holder vc_sep_holder_l\"><span class=\"vc_sep_line\"><\/span><\/span><h4>JCI AMEC 2025<\/h4><span class=\"vc_sep_holder vc_sep_holder_r\"><span class=\"vc_sep_line\"><\/span><\/span>\n<\/div>\t\t\t<hr class=\"evenz-spacer-s\">\n\t\t<h1 style=\"font-size: 64px;text-align: left\" class=\"vc_custom_heading\" >Durban - La ville h\u00f4te<\/h1><div class=\"vc_separator wpb_content_element vc_separator_align_center vc_sep_width_100 vc_sep_border_width_8 vc_sep_pos_align_center vc_separator_no_text vc_sep_color_grey\" ><span class=\"vc_sep_holder vc_sep_holder_l\"><span class=\"vc_sep_line\"><\/span><\/span><span class=\"vc_sep_holder vc_sep_holder_r\"><span class=\"vc_sep_line\"><\/span><\/span>\n<\/div><\/div><\/div><\/div><\/div><\/div><\/div><\/div><\/div><\/div><\/div><\/div><\/div>\t\t<div class=\"evenz-bgimg evenz-bgimg__vc evenz-bgimg__parallax\" data-evenz-parallax>\n\t\t\t<img decoding=\"async\" data-stellar-ratio=\"0.07\" src=\"https:\/\/jciamec2025.com\/wp-content\/uploads\/2024\/05\/amec-header-06.jpg\" alt=\"Background\">\n\t\t<\/div>\n\t<\/div><div class=\"evenz-vc-row-container\" ><div class=\"vc_row evenz-stickycont wpb_row evenz-vc_row page-overlap-row wpb_animate_when_almost_visible wpb_fadeInUp fadeInUp vc_custom_1715544515207\"><div class=\"evenz-rowcontainer-vc\"><div class=\"evenz-rowcontent\"><div class=\"wpb_column vc_column_container vc_col-sm-12\"><div class=\"vc_column-inner\"><div class=\"wpb_wrapper\"><div class=\"vc_row wpb_row vc_inner evenz-vc_row\"><div class=\"evenz-container evenz-rowcontainer-vc\"><div class=\"evenz-rowcontent\"><div class=\"wpb_column vc_column_container vc_col-sm-12\"><div class=\"vc_column-inner\"><div class=\"wpb_wrapper\">\n\t<div class=\"wpb_text_column wpb_content_element\" >\n\t\t<div class=\"wpb_wrapper\">\n\t\t\t<h1 style=\"color:#0097D7\">DURBAN \u00ab LA VILLE CONVIVIALE \u00bb<\/h1>\n<hr style=\"color:#0097D7;height:4px;\">\n\n\t\t<\/div>\n\t<\/div>\n<\/div><\/div><\/div><\/div><\/div><\/div><div class=\"vc_row wpb_row vc_inner evenz-vc_row\"><div class=\"evenz-container evenz-rowcontainer-vc\"><div class=\"evenz-rowcontent\"><div class=\"wpb_column vc_column_container vc_col-sm-4\"><div class=\"vc_column-inner\"><div class=\"wpb_wrapper\">\n\t<div  class=\"wpb_single_image wpb_content_element vc_align_left  vc_custom_1716080044720\">\n\t\t\n\t\t<figure class=\"wpb_wrapper vc_figure\">\n\t\t\t<a class=\"\" data-lightbox=\"lightbox[rel-1674-3132914247]\" href=\"https:\/\/jciamec2025.com\/wp-content\/uploads\/2024\/05\/amec-meetdurban-04.jpg\" target=\"_self\"><img loading=\"lazy\" decoding=\"async\" width=\"770\" height=\"470\" src=\"https:\/\/jciamec2025.com\/wp-content\/uploads\/2024\/05\/amec-meetdurban-04-770x470.jpg\" class=\"vc_single_image-img attachment-medium\" alt=\"\" title=\"amec-rencontredurban-04\" srcset=\"https:\/\/jciamec2025.com\/wp-content\/uploads\/2024\/05\/amec-meetdurban-04-770x470.jpg 770w, https:\/\/jciamec2025.com\/wp-content\/uploads\/2024\/05\/amec-meetdurban-04-768x468.jpg 768w, https:\/\/jciamec2025.com\/wp-content\/uploads\/2024\/05\/amec-meetdurban-04.jpg 800w\" sizes=\"auto, (max-width: 770px) 100vw, 770px\" \/><\/a>\n\t\t<\/figure>\n\t<\/div>\n<\/div><\/div><\/div><div class=\"wpb_column vc_column_container vc_col-sm-4\"><div class=\"vc_column-inner\"><div class=\"wpb_wrapper\">\n\t<div  class=\"wpb_single_image wpb_content_element vc_align_left  vc_custom_1716080137511\">\n\t\t\n\t\t<figure class=\"wpb_wrapper vc_figure\">\n\t\t\t<a href=\"https:\/\/jciamec2025.com\/wp-content\/uploads\/2024\/05\/amec-meetdurban-01.jpg\" target=\"_self\" class=\"vc_single_image-wrapper   vc_box_border_grey\"><img loading=\"lazy\" decoding=\"async\" width=\"770\" height=\"470\" src=\"https:\/\/jciamec2025.com\/wp-content\/uploads\/2024\/05\/amec-meetdurban-01-770x470.jpg\" class=\"vc_single_image-img attachment-medium\" alt=\"\" title=\"amec-meetdurban-01\" srcset=\"https:\/\/jciamec2025.com\/wp-content\/uploads\/2024\/05\/amec-meetdurban-01-770x470.jpg 770w, https:\/\/jciamec2025.com\/wp-content\/uploads\/2024\/05\/amec-meetdurban-01-768x468.jpg 768w, https:\/\/jciamec2025.com\/wp-content\/uploads\/2024\/05\/amec-meetdurban-01.jpg 800w\" sizes=\"auto, (max-width: 770px) 100vw, 770px\" \/><\/a>\n\t\t<\/figure>\n\t<\/div>\n<\/div><\/div><\/div><div class=\"wpb_column vc_column_container vc_col-sm-4\"><div class=\"vc_column-inner\"><div class=\"wpb_wrapper\">\n\t<div  class=\"wpb_single_image wpb_content_element vc_align_left  vc_custom_1716080184238\">\n\t\t\n\t\t<figure class=\"wpb_wrapper vc_figure\">\n\t\t\t<a class=\"\" data-lightbox=\"lightbox[rel-1674-2333370707]\" href=\"https:\/\/jciamec2025.com\/wp-content\/uploads\/2024\/05\/amec-meetdurban-02.jpg\" target=\"_self\"><img loading=\"lazy\" decoding=\"async\" width=\"770\" height=\"470\" src=\"https:\/\/jciamec2025.com\/wp-content\/uploads\/2024\/05\/amec-meetdurban-02-770x470.jpg\" class=\"vc_single_image-img attachment-medium\" alt=\"\" title=\"amec-rencontredurban-02\" srcset=\"https:\/\/jciamec2025.com\/wp-content\/uploads\/2024\/05\/amec-meetdurban-02-770x470.jpg 770w, https:\/\/jciamec2025.com\/wp-content\/uploads\/2024\/05\/amec-meetdurban-02-768x468.jpg 768w, https:\/\/jciamec2025.com\/wp-content\/uploads\/2024\/05\/amec-meetdurban-02.jpg 800w\" sizes=\"auto, (max-width: 770px) 100vw, 770px\" \/><\/a>\n\t\t<\/figure>\n\t<\/div>\n<\/div><\/div><\/div><\/div><\/div><\/div><div class=\"vc_row wpb_row vc_inner evenz-vc_row\"><div class=\"evenz-container evenz-rowcontainer-vc\"><div class=\"evenz-rowcontent\"><div class=\"wpb_column vc_column_container vc_col-sm-12\"><div class=\"vc_column-inner\"><div class=\"wpb_wrapper\">\t\t\t<hr class=\"evenz-spacer-xs\">\n\t\t\n\t<div class=\"wpb_text_column wpb_content_element  wpb_animate_when_almost_visible wpb_fadeInLeft fadeInLeft\" >\n\t\t<div class=\"wpb_wrapper\">\n\t\t\t<p>Durban, une ville c\u00f4ti\u00e8re de la province du Kwa Zulu-Natal, \u00e0 l&#039;est de l&#039;Afrique du Sud, est connue pour ses influences africaines, indiennes et coloniales. Durban, la deuxi\u00e8me plus grande ville d&#039;Afrique du Sud, regorge de dynamisme et constitue la premi\u00e8re destination commerciale et \u00e9v\u00e9nementielle du pays. Abritant le port de navigation le plus fr\u00e9quent\u00e9 et le plus grand d&#039;Afrique et une industrie manufacturi\u00e8re forte, Durban est un grand p\u00f4le d&#039;affaires. Combin\u00e9e \u00e0 sa croissance en tant que destination touristique nationale et internationale populaire, Durban a d\u00e9velopp\u00e9 une excellente infrastructure commerciale. Avec des hivers doux, des \u00e9t\u00e9s chauds et des plages dor\u00e9es qui s&#039;\u00e9tendent \u00e0 perte de vue, la ville est un creuset d\u00e9bordant de diversit\u00e9 culturelle, de soleil et de beaut\u00e9 des paysages.<\/p>\n\n\t\t<\/div>\n\t<\/div>\n\n\t<div class=\"wpb_text_column wpb_content_element\" >\n\t\t<div class=\"wpb_wrapper\">\n\t\t\t<h2 style=\"text-transform: uppercase;color:#0097D7\">Aper\u00e7u \u00e9conomique<\/h2>\n<hr style=\"color:#0097D7;height:4px;width:50%\">\n\n\t\t<\/div>\n\t<\/div>\n\t\t\t<hr class=\"evenz-spacer-xxs\">\n\t\t\n\t<div class=\"wpb_text_column wpb_content_element  wpb_animate_when_almost_visible wpb_fadeInLeft fadeInLeft\" >\n\t\t<div class=\"wpb_wrapper\">\n\t\t\t<p>Son emplacement privil\u00e9gi\u00e9 sur la c\u00f4te est conf\u00e8re \u00e0 la ville un climat subtropical, avec une moyenne de 320 jours de soleil par an, ce qui en fait un choix \u00e9vident pour les organisateurs de conf\u00e9rences et d&#039;\u00e9v\u00e9nements. En mai 2015, Durban a \u00e9t\u00e9 officiellement reconnue comme l\u2019une des 7 nouvelles villes merveilles. Durban \u00e9tait l&#039;une des villes h\u00f4tes de la Coupe du Monde de la FIFA 2010. Durban est \u00e9galement la seule ville UNESCO de litt\u00e9rature en Afrique du Sud. R\u00e9put\u00e9e pour sa population aussi chaleureuse et conviviale que son climat, Durban est la ville baln\u00e9aire embl\u00e9matique de l&#039;Afrique du Sud dans l&#039;oc\u00e9an Indien, offrant des paysages majestueux ainsi que des infrastructures de pointe. Avec un ensemble d&#039;installations vastes et pratiques, comprenant 3\u00a0600 chambres d&#039;h\u00f4tel \u00e0 distance de marche du centre de congr\u00e8s international prim\u00e9 de Durban, la ville est le point de rencontre de l&#039;Afrique et du monde. Le royaume zoulou ou province du KwaZulu-Natal (KZN) poss\u00e8de un palmar\u00e8s retentissant en mati\u00e8re d&#039;accueil d&#039;\u00e9v\u00e9nements locaux et internationaux de premier plan. Ce ne sont l\u00e0 que quelques-unes des raisons pour lesquelles le KwaZulu-Natal reste un leader incontest\u00e9 dans le domaine des \u00e9v\u00e9nements commerciaux en Afrique du Sud. Nulle part ailleurs vous ne trouverez une fusion aussi unique de beaut\u00e9 naturelle brute, de sophistication moderne, de diversit\u00e9 culturelle et d\u2019\u00e9nergie palpitante, le tout dans un cadre naturel \u00e0 couper le souffle.<\/p>\n\n\t\t<\/div>\n\t<\/div>\n\n\t<div class=\"wpb_text_column wpb_content_element\" >\n\t\t<div class=\"wpb_wrapper\">\n\t\t\t<h2 style=\"text-transform: uppercase; color: #0097d7;\">LE TERRAIN DE JEU DE L&#039;AFRIQUE DU SUD<\/h2>\n<hr style=\"color: #0097d7; height: 4px; width: 50%;\" \/>\n\n\t\t<\/div>\n\t<\/div>\n\t\t\t<hr class=\"evenz-spacer-xxs\">\n\t\t\n\t<div class=\"wpb_text_column wpb_content_element  wpb_animate_when_almost_visible wpb_fadeInLeft fadeInLeft\" >\n\t\t<div class=\"wpb_wrapper\">\n\t\t\t<p>\u00c9galement connue sous le nom de \u00ab Ville du surf \u00bb, Durban est r\u00e9put\u00e9e pour ses magnifiques plages de baignade et de surf, qui s&#039;\u00e9tendent le long du front de mer de la ville, depuis le port de Durban au sud jusqu&#039;\u00e0 la banlieue hupp\u00e9e d&#039;Umhlanga au nord. Une vaste promenade pav\u00e9e offre un acc\u00e8s \u00e0 la meilleure de ces plages \u2013 le Golden Mile \u2013 o\u00f9 les joggeurs, les cyclistes, les propri\u00e9taires de chiens, les surfeurs, les bodyboarders et les marcheurs font de l&#039;exercice t\u00f4t le matin et en fin d&#039;apr\u00e8s-midi. Les visiteurs ne peuvent pas manquer l&#039;impressionnant stade Moses Mabhida de Durban, qui accueille des \u00e9v\u00e9nements sportifs de premier ordre, des visites en Segway, une SkyCar avec vue sur la ville et des balan\u00e7oires \u00e0 l&#039;\u00e9lastique. Plus pr\u00e8s du port, uShaka Marine World, un parc aquatique, un aquarium et un complexe de restaurants de classe mondiale, surplombe l&#039;oc\u00e9an et propose des heures de divertissement pour toute la famille.<\/p>\n\n\t\t<\/div>\n\t<\/div>\n<\/div><\/div><\/div><\/div><\/div><\/div><\/div><\/div><\/div><\/div><\/div><\/div><\/div><div class=\"evenz-vc-row-container\" ><div class=\"vc_row evenz-stickycont wpb_row evenz-vc_row\"><div class=\"evenz-rowcontainer-vc\"><div class=\"evenz-rowcontent\"><div class=\"wpb_column vc_column_container vc_col-sm-12\"><div class=\"vc_column-inner vc_custom_1715348936694\"><div class=\"wpb_wrapper\"><\/div><\/div><\/div><\/div><\/div><\/div><\/div>\n<\/div>","protected":false},"excerpt":{"rendered":"JCI AMEC Durban 2025 - La ville h\u00f4te DURBAN \u00ab LA VILLE AMICALE \u00bb Durban, une ville c\u00f4ti\u00e8re de la province du Kwa Zulu-Natal, \u00e0 l&#039;est de l&#039;Afrique du Sud, est connue pour ses influences africaines, indiennes et coloniales. Deuxi\u00e8me plus grande ville d&#039;Afrique du Sud, Durban d\u00e9borde de dynamisme et est le principal centre d&#039;affaires et d&#039;\u00e9v\u00e9nements du pays [...]","protected":false},"author":1,"featured_media":0,"parent":0,"menu_order":0,"comment_status":"closed","ping_status":"closed","template":"page-fullwidth.php","meta":{"_monsterinsights_skip_tracking":false,"_monsterinsights_sitenote_active":false,"_monsterinsights_sitenote_note":"","_monsterinsights_sitenote_category":0,"footnotes":""},"class_list":["post-1674","page","type-page","status-publish","hentry"],"aioseo_notices":[],"_links":{"self":[{"href":"https:\/\/jciamec2025.com\/fr\/wp-json\/wp\/v2\/pages\/1674","targetHints":{"allow":["GET"]}}],"collection":[{"href":"https:\/\/jciamec2025.com\/fr\/wp-json\/wp\/v2\/pages"}],"about":[{"href":"https:\/\/jciamec2025.com\/fr\/wp-json\/wp\/v2\/types\/page"}],"author":[{"embeddable":true,"href":"https:\/\/jciamec2025.com\/fr\/wp-json\/wp\/v2\/users\/1"}],"replies":[{"embeddable":true,"href":"https:\/\/jciamec2025.com\/fr\/wp-json\/wp\/v2\/comments?post=1674"}],"version-history":[{"count":12,"href":"https:\/\/jciamec2025.com\/fr\/wp-json\/wp\/v2\/pages\/1674\/revisions"}],"predecessor-version":[{"id":1736,"href":"https:\/\/jciamec2025.com\/fr\/wp-json\/wp\/v2\/pages\/1674\/revisions\/1736"}],"wp:attachment":[{"href":"https:\/\/jciamec2025.com\/fr\/wp-json\/wp\/v2\/media?parent=1674"}],"curies":[{"name":"wp","href":"https:\/\/api.w.org\/{rel}","templated":true}]}}