{"id":1915,"date":"2025-01-06T13:10:36","date_gmt":"2025-01-06T13:10:36","guid":{"rendered":"https:\/\/jciamec2025.com\/?page_id=1915"},"modified":"2025-01-06T14:16:06","modified_gmt":"2025-01-06T14:16:06","slug":"about-jci","status":"publish","type":"page","link":"https:\/\/jciamec2025.com\/fr\/about-jci\/","title":{"rendered":"\u00c0 propos de JCI"},"content":{"rendered":"<div class=\"wpb-content-wrapper\"><div class=\"evenz-vc-row-container\" ><div class=\"vc_row evenz-stickycont wpb_row evenz-vc_row vc_custom_1736170296808 vc_row-has-fill evenz-negative\"><div class=\"evenz-container evenz-rowcontainer-vc\"><div class=\"evenz-rowcontent\"><div class=\"wpb_animate_when_almost_visible wpb_fadeInLeft fadeInLeft wpb_column vc_column_container vc_col-sm-12\"><div class=\"vc_column-inner\"><div class=\"wpb_wrapper evenz-vc_section\"><div class=\"vc_row wpb_row vc_inner evenz-vc_row vc_column-gap-30\"><div class=\"evenz-container evenz-rowcontainer-vc\"><div class=\"evenz-rowcontent\"><div class=\"wpb_column vc_column_container vc_col-sm-12\"><div class=\"vc_column-inner\"><div class=\"wpb_wrapper\"><div class=\"vc_separator wpb_content_element vc_separator_align_left vc_sep_width_100 vc_sep_border_width_5 vc_sep_pos_align_center vc_sep_color_white vc_separator-has-text\" ><span class=\"vc_sep_holder vc_sep_holder_l\"><span class=\"vc_sep_line\"><\/span><\/span><h4>JCI AMEC 2025<\/h4><span class=\"vc_sep_holder vc_sep_holder_r\"><span class=\"vc_sep_line\"><\/span><\/span>\n<\/div>\t\t\t<hr class=\"evenz-spacer-s\">\n\t\t<h1 style=\"font-size: 64px;text-align: left\" class=\"vc_custom_heading\" >\u00c0 propos de JCI<\/h1><div class=\"vc_separator wpb_content_element vc_separator_align_center vc_sep_width_100 vc_sep_border_width_8 vc_sep_pos_align_center vc_separator_no_text vc_sep_color_grey\" ><span class=\"vc_sep_holder vc_sep_holder_l\"><span class=\"vc_sep_line\"><\/span><\/span><span class=\"vc_sep_holder vc_sep_holder_r\"><span class=\"vc_sep_line\"><\/span><\/span>\n<\/div><\/div><\/div><\/div><\/div><\/div><\/div><\/div><\/div><\/div><\/div><\/div><\/div>\t\t<div class=\"evenz-bgimg evenz-bgimg__vc evenz-bgimg__parallax\" data-evenz-parallax>\n\t\t\t<img decoding=\"async\" data-stellar-ratio=\"0.07\" src=\"https:\/\/jciamec2025.com\/wp-content\/uploads\/2024\/05\/amec-header-06.jpg\" alt=\"Background\">\n\t\t<\/div>\n\t<\/div><div class=\"evenz-vc-row-container\" ><div class=\"vc_row evenz-stickycont wpb_row evenz-vc_row page-overlap-row wpb_animate_when_almost_visible wpb_fadeInUp fadeInUp vc_custom_1715544515207\"><div class=\"evenz-rowcontainer-vc\"><div class=\"evenz-rowcontent\"><div class=\"wpb_column vc_column_container vc_col-sm-12\"><div class=\"vc_column-inner\"><div class=\"wpb_wrapper\"><div class=\"vc_row wpb_row vc_inner evenz-vc_row\"><div class=\"evenz-container evenz-rowcontainer-vc\"><div class=\"evenz-rowcontent\"><div class=\"wpb_column vc_column_container vc_col-sm-12\"><div class=\"vc_column-inner\"><div class=\"wpb_wrapper\">\n\t<div class=\"wpb_text_column wpb_content_element\" >\n\t\t<div class=\"wpb_wrapper\">\n\t\t\t<h1 style=\"color: #0097d7;\">JCI<\/h1>\n<hr style=\"color: #0097d7; height: 4px;\" \/>\n\n\t\t<\/div>\n\t<\/div>\n<\/div><\/div><\/div><\/div><\/div><\/div><div class=\"vc_row wpb_row vc_inner evenz-vc_row\"><div class=\"evenz-container evenz-rowcontainer-vc\"><div class=\"evenz-rowcontent\"><div class=\"wpb_column vc_column_container vc_col-sm-12\"><div class=\"vc_column-inner\"><div class=\"wpb_wrapper\">\n\t<div class=\"wpb_text_column wpb_content_element  wpb_animate_when_almost_visible wpb_fadeInLeft fadeInLeft vc_custom_1736172949969\" >\n\t\t<div class=\"wpb_wrapper\">\n\t\t\t<p>JCI est une organisation mondiale \u00e0 but non lucratif vieille de plus d\u2019un si\u00e8cle qui r\u00e9unit des jeunes leaders \u00e2g\u00e9s de 18 \u00e0 40 ans dans pr\u00e8s de 115 pays. En tant que plateforme de premier plan pour le leadership des jeunes et le d\u00e9veloppement des comp\u00e9tences, JCI permet aux individus de lib\u00e9rer leur plein potentiel. Nous sommes un r\u00e9seau de jeunes leaders innovants et motiv\u00e9s par l\u2019action, engag\u00e9s \u00e0 vivre nos valeurs, \u00e0 favoriser une communication efficace et \u00e0 cr\u00e9er un changement positif durable dans nos communaut\u00e9s. JCI se consacre \u00e0 la croissance holistique de ses membres par le biais de programmes ax\u00e9s sur le d\u00e9veloppement individuel, les affaires et l\u2019entrepreneuriat, l\u2019action communautaire et la coop\u00e9ration internationale.<\/p>\n\n\t\t<\/div>\n\t<\/div>\n\n\t<div  class=\"wpb_single_image wpb_content_element vc_align_left  vc_custom_1736172936171\">\n\t\t\n\t\t<figure class=\"wpb_wrapper vc_figure\">\n\t\t\t<a class=\"\" data-lightbox=\"lightbox[rel-1915-3020410777]\" href=\"https:\/\/jciamec2025.com\/wp-content\/uploads\/2025\/01\/JCI-Header-1170x291.jpg\" target=\"_self\"><img loading=\"lazy\" decoding=\"async\" width=\"2560\" height=\"636\" src=\"https:\/\/jciamec2025.com\/wp-content\/uploads\/2025\/01\/JCI-Header-scaled.jpg\" class=\"vc_single_image-img attachment-full\" alt=\"\" title=\"En-t\u00eate de la JCI\" srcset=\"https:\/\/jciamec2025.com\/wp-content\/uploads\/2025\/01\/JCI-Header-scaled.jpg 2560w, https:\/\/jciamec2025.com\/wp-content\/uploads\/2025\/01\/JCI-Header-770x191.jpg 770w, https:\/\/jciamec2025.com\/wp-content\/uploads\/2025\/01\/JCI-Header-1170x291.jpg 1170w, https:\/\/jciamec2025.com\/wp-content\/uploads\/2025\/01\/JCI-Header-768x191.jpg 768w, https:\/\/jciamec2025.com\/wp-content\/uploads\/2025\/01\/JCI-Header-1536x382.jpg 1536w, https:\/\/jciamec2025.com\/wp-content\/uploads\/2025\/01\/JCI-Header-2048x509.jpg 2048w, https:\/\/jciamec2025.com\/wp-content\/uploads\/2025\/01\/JCI-Header-18x4.jpg 18w\" sizes=\"auto, (max-width: 2560px) 100vw, 2560px\" \/><\/a>\n\t\t<\/figure>\n\t<\/div>\n<\/div><\/div><\/div><\/div><\/div><\/div><div class=\"vc_row wpb_row vc_inner evenz-vc_row\"><div class=\"evenz-container evenz-rowcontainer-vc\"><div class=\"evenz-rowcontent\"><div class=\"wpb_column vc_column_container vc_col-sm-12\"><div class=\"vc_column-inner\"><div class=\"wpb_wrapper\">\t\t\t<hr class=\"evenz-spacer-xxs\">\n\t\t<\/div><\/div><\/div><\/div><\/div><\/div><\/div><\/div><\/div><\/div><\/div><\/div><\/div><div class=\"evenz-vc-row-container\" ><div class=\"vc_row evenz-stickycont wpb_row evenz-vc_row\"><div class=\"evenz-rowcontainer-vc\"><div class=\"evenz-rowcontent\"><div class=\"wpb_column vc_column_container vc_col-sm-12\"><div class=\"vc_column-inner vc_custom_1715348936694\"><div class=\"wpb_wrapper\"><\/div><\/div><\/div><\/div><\/div><\/div><\/div>\n<\/div>","protected":false},"excerpt":{"rendered":"JCI AMEC 2025 \u00c0 propos de la JCI La JCI est une organisation mondiale \u00e0 but non lucratif, vieille d&#039;un si\u00e8cle, qui rassemble des jeunes leaders \u00e2g\u00e9s de 18 \u00e0 40 ans dans pr\u00e8s de 115 pays. Plateforme de r\u00e9f\u00e9rence pour le leadership et le d\u00e9veloppement des comp\u00e9tences des jeunes, la JCI permet \u00e0 chacun de lib\u00e9rer son plein potentiel. Nous sommes un r\u00e9seau d&#039;acteurs innovants et [...]","protected":false},"author":1,"featured_media":0,"parent":0,"menu_order":0,"comment_status":"closed","ping_status":"closed","template":"page-fullwidth.php","meta":{"_monsterinsights_skip_tracking":false,"_monsterinsights_sitenote_active":false,"_monsterinsights_sitenote_note":"","_monsterinsights_sitenote_category":0,"footnotes":""},"class_list":["post-1915","page","type-page","status-publish","hentry"],"aioseo_notices":[],"_links":{"self":[{"href":"https:\/\/jciamec2025.com\/fr\/wp-json\/wp\/v2\/pages\/1915","targetHints":{"allow":["GET"]}}],"collection":[{"href":"https:\/\/jciamec2025.com\/fr\/wp-json\/wp\/v2\/pages"}],"about":[{"href":"https:\/\/jciamec2025.com\/fr\/wp-json\/wp\/v2\/types\/page"}],"author":[{"embeddable":true,"href":"https:\/\/jciamec2025.com\/fr\/wp-json\/wp\/v2\/users\/1"}],"replies":[{"embeddable":true,"href":"https:\/\/jciamec2025.com\/fr\/wp-json\/wp\/v2\/comments?post=1915"}],"version-history":[{"count":6,"href":"https:\/\/jciamec2025.com\/fr\/wp-json\/wp\/v2\/pages\/1915\/revisions"}],"predecessor-version":[{"id":1930,"href":"https:\/\/jciamec2025.com\/fr\/wp-json\/wp\/v2\/pages\/1915\/revisions\/1930"}],"wp:attachment":[{"href":"https:\/\/jciamec2025.com\/fr\/wp-json\/wp\/v2\/media?parent=1915"}],"curies":[{"name":"wp","href":"https:\/\/api.w.org\/{rel}","templated":true}]}}