{"id":1922,"date":"2025-01-06T13:49:54","date_gmt":"2025-01-06T13:49:54","guid":{"rendered":"https:\/\/jciamec2025.com\/?page_id=1922"},"modified":"2025-02-13T11:02:19","modified_gmt":"2025-02-13T11:02:19","slug":"about-2025-amec","status":"publish","type":"page","link":"https:\/\/jciamec2025.com\/fr\/about-2025-amec\/","title":{"rendered":"\u00c0 propos de l&#039;AMEC 2025"},"content":{"rendered":"<div class=\"wpb-content-wrapper\"><div class=\"evenz-vc-row-container\" ><div class=\"vc_row evenz-stickycont wpb_row evenz-vc_row vc_custom_1736170296808 vc_row-has-fill evenz-negative\"><div class=\"evenz-container evenz-rowcontainer-vc\"><div class=\"evenz-rowcontent\"><div class=\"wpb_animate_when_almost_visible wpb_fadeInLeft fadeInLeft wpb_column vc_column_container vc_col-sm-12\"><div class=\"vc_column-inner\"><div class=\"wpb_wrapper evenz-vc_section\"><div class=\"vc_row wpb_row vc_inner evenz-vc_row vc_column-gap-30\"><div class=\"evenz-container evenz-rowcontainer-vc\"><div class=\"evenz-rowcontent\"><div class=\"wpb_column vc_column_container vc_col-sm-12\"><div class=\"vc_column-inner\"><div class=\"wpb_wrapper\"><div class=\"vc_separator wpb_content_element vc_separator_align_left vc_sep_width_100 vc_sep_border_width_5 vc_sep_pos_align_center vc_sep_color_white vc_separator-has-text\" ><span class=\"vc_sep_holder vc_sep_holder_l\"><span class=\"vc_sep_line\"><\/span><\/span><h4>JCI AMEC 2025<\/h4><span class=\"vc_sep_holder vc_sep_holder_r\"><span class=\"vc_sep_line\"><\/span><\/span>\n<\/div>\t\t\t<hr class=\"evenz-spacer-s\">\n\t\t<h1 style=\"font-size: 64px;text-align: left\" class=\"vc_custom_heading\" >\u00c0 propos de l&#039;AMEC 2025<\/h1><div class=\"vc_separator wpb_content_element vc_separator_align_center vc_sep_width_100 vc_sep_border_width_8 vc_sep_pos_align_center vc_separator_no_text vc_sep_color_grey\" ><span class=\"vc_sep_holder vc_sep_holder_l\"><span class=\"vc_sep_line\"><\/span><\/span><span class=\"vc_sep_holder vc_sep_holder_r\"><span class=\"vc_sep_line\"><\/span><\/span>\n<\/div><\/div><\/div><\/div><\/div><\/div><\/div><\/div><\/div><\/div><\/div><\/div><\/div>\t\t<div class=\"evenz-bgimg evenz-bgimg__vc evenz-bgimg__parallax\" data-evenz-parallax>\n\t\t\t<img decoding=\"async\" data-stellar-ratio=\"0.07\" src=\"https:\/\/jciamec2025.com\/wp-content\/uploads\/2024\/05\/amec-header-06.jpg\" alt=\"Background\">\n\t\t<\/div>\n\t<\/div><div class=\"evenz-vc-row-container\" ><div class=\"vc_row evenz-stickycont wpb_row evenz-vc_row\"><div class=\"evenz-rowcontainer-vc\"><div class=\"evenz-rowcontent\"><div class=\"wpb_column vc_column_container vc_col-sm-12\"><div class=\"vc_column-inner\"><div class=\"wpb_wrapper\"><div class=\"vc_row wpb_row vc_inner evenz-vc_row vc_custom_1736342485840\"><div class=\"evenz-container evenz-rowcontainer-vc\"><div class=\"evenz-rowcontent\"><div class=\"wpb_column vc_column_container vc_col-sm-12\"><div class=\"vc_column-inner vc_custom_1736342072783\"><div class=\"wpb_wrapper\">\n\t<div class=\"wpb_text_column wpb_content_element  vc_custom_1736342340457\" >\n\t\t<div class=\"wpb_wrapper\">\n\t\t\t<h1 style=\"color: #0097d7;\">Concours AMEC 2025<\/h1>\n<hr style=\"color: #0097d7; height: 4px;\" \/>\n<h1 style=\"color: #0097d7; font-size: 32px;\"><\/h1>\n\n\t\t<\/div>\n\t<\/div>\n\n\t<div class=\"wpb_text_column wpb_content_element  vc_custom_1739444509921\" >\n\t\t<div class=\"wpb_wrapper\">\n\t\t\t<p>La Conf\u00e9rence JCI Afrique et Moyen-Orient (AMEC) est un rassemblement annuel d&#039;environ 500 jeunes citoyens actifs de toute l&#039;Afrique, du Moyen-Orient et d&#039;ailleurs. Nous pensons que les impacts positifs les plus significatifs dans le monde commencent par l&#039;action des individus.<\/p>\n<p>Cette conf\u00e9rence sert de plate-forme aux dirigeants, entrepreneurs, partenaires et parties prenantes du monde entier pour se r\u00e9unir, combinant leur \u00e9nergie et leur expertise pour cr\u00e9er des changements significatifs dans leurs communaut\u00e9s et dans le monde.<\/p>\n<p>L&#039;AMEC 2025, qui se tiendra en Afrique du Sud, offrira aux d\u00e9l\u00e9gu\u00e9s une occasion unique de participer \u00e0 des sessions inspirantes, \u00e0 des forums d&#039;affaires et de r\u00e9seautage percutants, ainsi qu&#039;\u00e0 des formations et des ateliers enrichissants. Au-del\u00e0 des sessions, les d\u00e9l\u00e9gu\u00e9s profiteront d&#039;exp\u00e9riences m\u00e9morables et joyeuses, notamment la possibilit\u00e9 d&#039;explorer le patrimoine culturel dynamique et les paysages \u00e0 couper le souffle de l&#039;Afrique du Sud.<\/p>\n\n\t\t<\/div>\n\t<\/div>\n\n\t<div class=\"wpb_text_column wpb_content_element  vc_custom_1736342266796\" >\n\t\t<div class=\"wpb_wrapper\">\n\t\t\t<h1 style=\"color: #0097d7; font-size: 32px;\">Th\u00e8me de la conf\u00e9rence<\/h1>\n<hr style=\"color: #0097d7; height: 4px;\" \/>\n\n\t\t<\/div>\n\t<\/div>\n\n\t<div class=\"wpb_text_column wpb_content_element  vc_custom_1736342535288\" >\n\t\t<div class=\"wpb_wrapper\">\n\t\t\t<p><strong>Cultiver des leaders r\u00e9silients et innovants<\/strong><\/p>\n\n\t\t<\/div>\n\t<\/div>\n\n\t<div class=\"wpb_text_column wpb_content_element\" >\n\t\t<div class=\"wpb_wrapper\">\n\t\t\t<p>Ce th\u00e8me permet aux jeunes leaders de s&#039;adapter aux d\u00e9fis et de cr\u00e9er des solutions audacieuses pour un impact significatif. Il met l&#039;accent sur la r\u00e9silience, favorisant l&#039;adaptabilit\u00e9 et la pers\u00e9v\u00e9rance, et l&#039;innovation, favorisant la cr\u00e9ativit\u00e9 et le changement durable.<\/p>\n<p>Alignement avec les 4 domaines d&#039;opportunit\u00e9 de la JCI<\/p>\n\n\t\t<\/div>\n\t<\/div>\n<\/div><\/div><\/div><\/div><\/div><\/div><div class=\"vc_row wpb_row vc_inner evenz-vc_row vc_custom_1736342548183\"><div class=\"evenz-container evenz-rowcontainer-vc\"><div class=\"evenz-rowcontent\"><div class=\"current wpb_column vc_column_container vc_col-sm-3\"><div class=\"vc_column-inner vc_custom_1736338202192\"><div class=\"wpb_wrapper\">\n\t<div class=\"wpb_text_column wpb_content_element  wpb_animate_when_almost_visible wpb_zoomIn zoomIn\" >\n\t\t<div class=\"wpb_wrapper\">\n\t\t\t<h2 style=\"display: inline-block; background-color: white; color: #0097d7; font-size: 32px; font-weight: bold; text-align: center; width: 50px; height: 50px; line-height: 50px; border-radius: 50%; box-shadow: 2px 2px 5px rgba(0, 0, 0, 0.2);\"><strong>1<\/strong><\/h2>\n\n\t\t<\/div>\n\t<\/div>\n\n\t<div class=\"wpb_text_column wpb_content_element  wpb_animate_when_almost_visible wpb_fadeInLeft fadeInLeft vc_custom_1736338221086\" >\n\t\t<div class=\"wpb_wrapper\">\n\t\t\t<p><strong style=\"color:white;\">D\u00e9veloppement individuel : D\u00e9veloppe le leadership, la pens\u00e9e critique et l\u2019adaptabilit\u00e9 gr\u00e2ce \u00e0 des formations et des ateliers.<\/strong><\/p>\n\n\t\t<\/div>\n\t<\/div>\n<\/div><\/div><\/div><div class=\"current wpb_column vc_column_container vc_col-sm-3\"><div class=\"vc_column-inner vc_custom_1736338621950\"><div class=\"wpb_wrapper\">\n\t<div class=\"wpb_text_column wpb_content_element  wpb_animate_when_almost_visible wpb_zoomIn zoomIn\" >\n\t\t<div class=\"wpb_wrapper\">\n\t\t\t<h2 style=\"display: inline-block; background-color: white; color: #0097d7; font-size: 32px; font-weight: bold; text-align: center; width: 50px; height: 50px; line-height: 50px; border-radius: 50%; box-shadow: 2px 2px 5px rgba(0, 0, 0, 0.2);\"><strong>2<\/strong><\/h2>\n\n\t\t<\/div>\n\t<\/div>\n\n\t<div class=\"wpb_text_column wpb_content_element  wpb_animate_when_almost_visible wpb_fadeInLeft fadeInLeft vc_custom_1736338775415\" >\n\t\t<div class=\"wpb_wrapper\">\n\t\t\t<p><strong style=\"color: white;\">Affaires et entrepreneuriat : encourage la pens\u00e9e innovante pour stimuler la croissance \u00e9conomique et la durabilit\u00e9.<\/strong><\/p>\n\n\t\t<\/div>\n\t<\/div>\n<\/div><\/div><\/div><div class=\"current wpb_column vc_column_container vc_col-sm-3\"><div class=\"vc_column-inner vc_custom_1736338531621\"><div class=\"wpb_wrapper\">\n\t<div class=\"wpb_text_column wpb_content_element  wpb_animate_when_almost_visible wpb_zoomIn zoomIn\" >\n\t\t<div class=\"wpb_wrapper\">\n\t\t\t<h2 style=\"display: inline-block; background-color: white; color: #0097d7; font-size: 32px; font-weight: bold; text-align: center; width: 50px; height: 50px; line-height: 50px; border-radius: 50%; box-shadow: 2px 2px 5px rgba(0, 0, 0, 0.2);\"><strong>3<\/strong><\/h2>\n\n\t\t<\/div>\n\t<\/div>\n\n\t<div class=\"wpb_text_column wpb_content_element  wpb_animate_when_almost_visible wpb_fadeInLeft fadeInLeft vc_custom_1736338754497\" >\n\t\t<div class=\"wpb_wrapper\">\n\t\t\t<p><strong style=\"color: white;\">Action communautaire : inspire des projets impactants qui r\u00e9pondent aux d\u00e9fis locaux et favorisent le changement social.<\/strong><\/p>\n\n\t\t<\/div>\n\t<\/div>\n<\/div><\/div><\/div><div class=\"current wpb_column vc_column_container vc_col-sm-3\"><div class=\"vc_column-inner vc_custom_1736338552552\"><div class=\"wpb_wrapper\">\n\t<div class=\"wpb_text_column wpb_content_element  wpb_animate_when_almost_visible wpb_zoomIn zoomIn\" >\n\t\t<div class=\"wpb_wrapper\">\n\t\t\t<h2 style=\"display: inline-block; background-color: white; color: #0097d7; font-size: 32px; font-weight: bold; text-align: center; width: 50px; height: 50px; line-height: 50px; border-radius: 50%; box-shadow: 2px 2px 5px rgba(0, 0, 0, 0.2);\"><strong>4<\/strong><\/h2>\n\n\t\t<\/div>\n\t<\/div>\n\n\t<div class=\"wpb_text_column wpb_content_element  wpb_animate_when_almost_visible wpb_fadeInLeft fadeInLeft vc_custom_1736338706537\" >\n\t\t<div class=\"wpb_wrapper\">\n\t\t\t<p><strong style=\"color: white;\">Coop\u00e9ration internationale : Facilite la collaboration mondiale, la mise en r\u00e9seau et le partage des connaissances pour relever les d\u00e9fis mondiaux.<\/strong><\/p>\n\n\t\t<\/div>\n\t<\/div>\n<\/div><\/div><\/div><\/div><\/div><\/div><\/div><\/div><\/div><\/div><\/div><\/div><\/div>\n<\/div>","protected":false},"excerpt":{"rendered":"Conf\u00e9rence JCI AMEC 2025 \u00c0 propos de la Conf\u00e9rence JCI 2025 AMEC 2025 La Conf\u00e9rence JCI Afrique et Moyen-Orient (AMEC) est un rassemblement annuel d&#039;environ 500 jeunes citoyens actifs d&#039;Afrique, du Moyen-Orient et d&#039;ailleurs. Nous sommes convaincus que les impacts positifs les plus significatifs dans le monde commencent par des individus qui s&#039;engagent [...]","protected":false},"author":1,"featured_media":0,"parent":0,"menu_order":0,"comment_status":"closed","ping_status":"closed","template":"page-fullwidth.php","meta":{"_monsterinsights_skip_tracking":false,"_monsterinsights_sitenote_active":false,"_monsterinsights_sitenote_note":"","_monsterinsights_sitenote_category":0,"footnotes":""},"class_list":["post-1922","page","type-page","status-publish","hentry"],"aioseo_notices":[],"_links":{"self":[{"href":"https:\/\/jciamec2025.com\/fr\/wp-json\/wp\/v2\/pages\/1922","targetHints":{"allow":["GET"]}}],"collection":[{"href":"https:\/\/jciamec2025.com\/fr\/wp-json\/wp\/v2\/pages"}],"about":[{"href":"https:\/\/jciamec2025.com\/fr\/wp-json\/wp\/v2\/types\/page"}],"author":[{"embeddable":true,"href":"https:\/\/jciamec2025.com\/fr\/wp-json\/wp\/v2\/users\/1"}],"replies":[{"embeddable":true,"href":"https:\/\/jciamec2025.com\/fr\/wp-json\/wp\/v2\/comments?post=1922"}],"version-history":[{"count":29,"href":"https:\/\/jciamec2025.com\/fr\/wp-json\/wp\/v2\/pages\/1922\/revisions"}],"predecessor-version":[{"id":2248,"href":"https:\/\/jciamec2025.com\/fr\/wp-json\/wp\/v2\/pages\/1922\/revisions\/2248"}],"wp:attachment":[{"href":"https:\/\/jciamec2025.com\/fr\/wp-json\/wp\/v2\/media?parent=1922"}],"curies":[{"name":"wp","href":"https:\/\/api.w.org\/{rel}","templated":true}]}}