{"id":1946,"date":"2025-01-06T19:58:01","date_gmt":"2025-01-06T19:58:01","guid":{"rendered":"https:\/\/jciamec2025.com\/?page_id=1946"},"modified":"2025-01-21T19:16:59","modified_gmt":"2025-01-21T19:16:59","slug":"registration","status":"publish","type":"page","link":"https:\/\/jciamec2025.com\/fr\/registration\/","title":{"rendered":"Inscription"},"content":{"rendered":"<div class=\"wpb-content-wrapper\"><div class=\"evenz-vc-row-container\" ><div class=\"vc_row evenz-stickycont wpb_row evenz-vc_row vc_custom_1736170296808 vc_row-has-fill evenz-negative\"><div class=\"evenz-container evenz-rowcontainer-vc\"><div class=\"evenz-rowcontent\"><div class=\"wpb_animate_when_almost_visible wpb_fadeInLeft fadeInLeft wpb_column vc_column_container vc_col-sm-12\"><div class=\"vc_column-inner\"><div class=\"wpb_wrapper evenz-vc_section\"><div class=\"vc_row wpb_row vc_inner evenz-vc_row vc_column-gap-30\"><div class=\"evenz-container evenz-rowcontainer-vc\"><div class=\"evenz-rowcontent\"><div class=\"wpb_column vc_column_container vc_col-sm-12\"><div class=\"vc_column-inner\"><div class=\"wpb_wrapper\"><div class=\"vc_separator wpb_content_element vc_separator_align_left vc_sep_width_100 vc_sep_border_width_5 vc_sep_pos_align_center vc_sep_color_white vc_separator-has-text\" ><span class=\"vc_sep_holder vc_sep_holder_l\"><span class=\"vc_sep_line\"><\/span><\/span><h4>JCI AMEC 2025<\/h4><span class=\"vc_sep_holder vc_sep_holder_r\"><span class=\"vc_sep_line\"><\/span><\/span>\n<\/div>\t\t\t<hr class=\"evenz-spacer-s\">\n\t\t<h1 style=\"font-size: 64px;text-align: left\" class=\"vc_custom_heading\" >Inscription<\/h1><div class=\"vc_separator wpb_content_element vc_separator_align_center vc_sep_width_100 vc_sep_border_width_8 vc_sep_pos_align_center vc_separator_no_text vc_sep_color_grey\" ><span class=\"vc_sep_holder vc_sep_holder_l\"><span class=\"vc_sep_line\"><\/span><\/span><span class=\"vc_sep_holder vc_sep_holder_r\"><span class=\"vc_sep_line\"><\/span><\/span>\n<\/div><\/div><\/div><\/div><\/div><\/div><\/div><\/div><\/div><\/div><\/div><\/div><\/div>\t\t<div class=\"evenz-bgimg evenz-bgimg__vc evenz-bgimg__parallax\" data-evenz-parallax>\n\t\t\t<img decoding=\"async\" data-stellar-ratio=\"0.07\" src=\"https:\/\/jciamec2025.com\/wp-content\/uploads\/2024\/05\/amec-header-06.jpg\" alt=\"Background\">\n\t\t<\/div>\n\t<\/div><div class=\"evenz-vc-row-container\" ><div class=\"vc_row evenz-stickycont wpb_row evenz-vc_row page-overlap-row wpb_animate_when_almost_visible wpb_fadeInUp fadeInUp vc_custom_1715544515207\"><div class=\"evenz-rowcontainer-vc\"><div class=\"evenz-rowcontent\"><div class=\"wpb_column vc_column_container vc_col-sm-12\"><div class=\"vc_column-inner\"><div class=\"wpb_wrapper\"><div class=\"vc_row wpb_row vc_inner evenz-vc_row\"><div class=\"evenz-container evenz-rowcontainer-vc\"><div class=\"evenz-rowcontent\"><div class=\"wpb_column vc_column_container vc_col-sm-12\"><div class=\"vc_column-inner\"><div class=\"wpb_wrapper\">\n\t<div class=\"wpb_text_column wpb_content_element\" >\n\t\t<div class=\"wpb_wrapper\">\n\t\t\t<h1 style=\"color: #0097d7;\">Inscription \u00e0 la conf\u00e9rence<\/h1>\n<hr style=\"color: #0097d7; height: 4px;\" \/>\n\n\t\t<\/div>\n\t<\/div>\n<\/div><\/div><\/div><\/div><\/div><\/div><div class=\"vc_row wpb_row vc_inner evenz-vc_row vc_custom_1736198064104\"><div class=\"evenz-container evenz-rowcontainer-vc\"><div class=\"evenz-rowcontent\"><div class=\"wpb_column vc_column_container vc_col-sm-4\"><div class=\"vc_column-inner\"><div class=\"wpb_wrapper\"><div class=\"borderless-wpbakery-pricing  reg-price shadow-pricing\"><div class=\"icon\" style=\"margin:0;padding:4;background-color:transparent;\"><div style=\"text-align:center;\"><img decoding=\"async\" src=\"https:\/\/jciamec2025.com\/wp-content\/uploads\/2025\/01\/early-bird-icon-1-150x150.png\" ><\/div><\/div><div class=\"title\" style=\"margin:18;padding:0;background-color:;\"><h3 style=\"font-size:;line-height:;margin:;text-align:center;color:#0097d7;\">L\u00e8ve-t\u00f4t<\/h3><\/div><div class=\"sub_heading\" style=\"margin:18;padding:0;background-color:transparent;\"><\/p>\n<p style=\"text-align: center;\">24 mai 2024 \u00e0<br \/>\n28 f\u00e9vrier 2025<\/p>\n<p><\/div><div class=\"price\" style=\"margin:0;padding:0;background-color:;\"><p class=\"price\" style=\"line-height:;margin:18;text-align:center;color:#0097d7;\">\n\t\t<span class=\"pricing-currency\" style=\"font-size:34;margin:;\">$<\/span><span class=\"pricing-value\" style=\"font-size:44;\">350<\/span>\n\t\t<span class=\"pricing-plan\"><\/span>\n\t\t<\/p><\/div><div class=\"featured_list\" style=\"margin:18;padding:0;background-color:;\"><div><ul class=\"featured-list\"><li class=\"\" style=\"color:;padding:;\"><i  class=\"fa fa-check\"><\/i>Programme du congr\u00e8s de 4 jours<\/li><li class=\"\" style=\"color:;padding:;\"><i  class=\"fa fa-check\"><\/i>Salon professionnel<\/li><li class=\"\" style=\"color:;padding:;\"><i  class=\"fa fa-check\"><\/i>D\u00e9jeuner 3 jours<\/li><li class=\"\" style=\"color:;padding:;\"><i  class=\"fa fa-check\"><\/i>Programme du soir de 4 jours<\/li><li class=\"\" style=\"color:;padding:;\"><i  class=\"fa fa-check\"><\/i>1 Soir\u00e9e de Gala<\/li><\/ul><\/div><\/div><div class=\"pricing_button\" style=\"margin:0;padding:22;background-color:;\"><div class=\"text-center\"><a style=\"background-color:#0097d7; color:#ffffff;padding:14;\" href=\"https:\/\/tr.ee\/gi0KZfKQ2D\" class=\"rounded pricing-button btn btn-md\" role=\"button\">Registre<\/a><\/div><\/div><\/div><\/div><\/div><\/div><div class=\"wpb_column vc_column_container vc_col-sm-4\"><div class=\"vc_column-inner\"><div class=\"wpb_wrapper\"><div class=\"borderless-wpbakery-pricing  reg-price current shadow-pricing\"><div class=\"icon\" style=\"margin:0;padding:4;background-color:transparent;\"><div style=\"text-align:center;\"><img decoding=\"async\" src=\"https:\/\/jciamec2025.com\/wp-content\/uploads\/2025\/01\/tickets-w-icon-150x150.png\" ><\/div><\/div><div class=\"title\" style=\"margin:18;padding:0;background-color:;\"><h3 style=\"font-size:;line-height:;margin:;text-align:center;color:#ffffff;\">R\u00c9GULIER<\/h3><\/div><div class=\"sub_heading\" style=\"margin:18;padding:0;background-color:transparent;\"><\/p>\n<p style=\"text-align: center; color: white;\">29 f\u00e9vrier 2025 \u00e0<br \/>\n31 mars 2025<\/p>\n<p><\/div><div class=\"price\" style=\"margin:0;padding:0;background-color:;\"><p class=\"price\" style=\"line-height:;margin:18;text-align:center;color:#ffffff;\">\n\t\t<span class=\"pricing-currency\" style=\"font-size:34;margin:;\">$<\/span><span class=\"pricing-value\" style=\"font-size:44;\">450<\/span>\n\t\t<span class=\"pricing-plan\"><\/span>\n\t\t<\/p><\/div><div class=\"featured_list\" style=\"margin:18;padding:0;background-color:;\"><div><ul class=\"featured-list\"><li class=\"\" style=\"color:#ffffff;padding:;\"><i style=\"color:#ffffff\" class=\"fa fa-check\"><\/i>Programme du congr\u00e8s de 4 jours<\/li><li class=\"\" style=\"color:#ffffff;padding:;\"><i style=\"color:#ffffff\" class=\"fa fa-check\"><\/i>Salon professionnel<\/li><li class=\"\" style=\"color:#ffffff;padding:;\"><i style=\"color:#ffffff\" class=\"fa fa-check\"><\/i>D\u00e9jeuner 3 jours<\/li><li class=\"\" style=\"color:#ffffff;padding:;\"><i style=\"color:#ffffff\" class=\"fa fa-check\"><\/i>Programme du soir de 4 jours<\/li><li class=\"\" style=\"color:#ffffff;padding:;\"><i style=\"color:#ffffff\" class=\"fa fa-check\"><\/i>1 Soir\u00e9e de Gala<\/li><\/ul><\/div><\/div><div class=\"pricing_button\" style=\"margin:0;padding:22;background-color:;\"><div class=\"text-center\"><a style=\"background-color:#ffffff; color:#0097d7;padding:14;\" href=\"https:\/\/tr.ee\/gi0KZfKQ2D\" class=\"rounded pricing-button btn btn-md\" role=\"button\">Registre<\/a><\/div><\/div><\/div><\/div><\/div><\/div><div class=\"wpb_column vc_column_container vc_col-sm-4\"><div class=\"vc_column-inner\"><div class=\"wpb_wrapper\"><div class=\"borderless-wpbakery-pricing  reg-price shadow-pricing\"><div class=\"icon\" style=\"margin:0;padding:4;background-color:transparent;\"><div style=\"text-align:center;\"><img decoding=\"async\" src=\"https:\/\/jciamec2025.com\/wp-content\/uploads\/2025\/01\/late-reg-icon-150x150.png\" ><\/div><\/div><div class=\"title\" style=\"margin:18;padding:0;background-color:;\"><h3 style=\"font-size:;line-height:;margin:;text-align:center;color:#0097d7;\">INSCRIPTION TARDIVE<\/h3><\/div><div class=\"sub_heading\" style=\"margin:18;padding:0;background-color:transparent;\"><\/p>\n<p style=\"text-align: center;\">01 avril 2025 \u00e0<br \/>\n21 mai 2025<\/p>\n<p><\/div><div class=\"price\" style=\"margin:0;padding:0;background-color:;\"><p class=\"price\" style=\"line-height:;margin:18;text-align:center;color:#0097d7;\">\n\t\t<span class=\"pricing-currency\" style=\"font-size:34;margin:;\">$<\/span><span class=\"pricing-value\" style=\"font-size:44;\">500<\/span>\n\t\t<span class=\"pricing-plan\"><\/span>\n\t\t<\/p><\/div><div class=\"featured_list\" style=\"margin:18;padding:0;background-color:;\"><div><ul class=\"featured-list\"><li class=\"\" style=\"color:;padding:;\"><i  class=\"fa fa-check\"><\/i>Programme du congr\u00e8s de 4 jours<\/li><li class=\"\" style=\"color:;padding:;\"><i  class=\"fa fa-check\"><\/i>Salon professionnel<\/li><li class=\"\" style=\"color:;padding:;\"><i  class=\"fa fa-check\"><\/i>D\u00e9jeuner 3 jours<\/li><li class=\"\" style=\"color:;padding:;\"><i  class=\"fa fa-check\"><\/i>Programme du soir de 4 jours<\/li><li class=\"\" style=\"color:;padding:;\"><i  class=\"fa fa-check\"><\/i>1 Soir\u00e9e de Gala<\/li><\/ul><\/div><\/div><div class=\"pricing_button\" style=\"margin:0;padding:22;background-color:;\"><div class=\"text-center\"><a style=\"background-color:#0097d7; color:#ffffff;padding:14;\" href=\"https:\/\/tr.ee\/gi0KZfKQ2D\" class=\"rounded pricing-button btn btn-md\" role=\"button\">Registre<\/a><\/div><\/div><\/div><\/div><\/div><\/div><div class=\"wpb_column vc_column_container vc_col-sm-12\"><div class=\"vc_column-inner\"><div class=\"wpb_wrapper\">\n\t<div  class=\"wpb_single_image wpb_content_element vc_align_left  vc_custom_1736336486219  subtle-shadow\">\n\t\t\n\t\t<figure class=\"wpb_wrapper vc_figure\">\n\t\t\t<div class=\"vc_single_image-wrapper   vc_box_border_grey\"><img loading=\"lazy\" decoding=\"async\" width=\"1680\" height=\"418\" src=\"https:\/\/jciamec2025.com\/wp-content\/uploads\/2025\/01\/JCI-Header-1.jpg\" class=\"vc_single_image-img attachment-full\" alt=\"\" title=\"En-t\u00eate de la JCI\" srcset=\"https:\/\/jciamec2025.com\/wp-content\/uploads\/2025\/01\/JCI-Header-1.jpg 1680w, https:\/\/jciamec2025.com\/wp-content\/uploads\/2025\/01\/JCI-Header-1-770x192.jpg 770w, https:\/\/jciamec2025.com\/wp-content\/uploads\/2025\/01\/JCI-Header-1-1170x291.jpg 1170w, https:\/\/jciamec2025.com\/wp-content\/uploads\/2025\/01\/JCI-Header-1-768x191.jpg 768w, https:\/\/jciamec2025.com\/wp-content\/uploads\/2025\/01\/JCI-Header-1-1536x382.jpg 1536w, https:\/\/jciamec2025.com\/wp-content\/uploads\/2025\/01\/JCI-Header-1-18x4.jpg 18w\" sizes=\"auto, (max-width: 1680px) 100vw, 1680px\" \/><\/div>\n\t\t<\/figure>\n\t<\/div>\n<\/div><\/div><\/div><\/div><\/div><\/div><\/div><\/div><\/div><\/div><\/div><\/div><\/div><div class=\"evenz-vc-row-container\" ><div class=\"vc_row evenz-stickycont wpb_row evenz-vc_row vc_custom_1568106870440 vc_column-gap-30\"><div class=\"evenz-rowcontainer-vc\"><div class=\"evenz-rowcontent\"><div class=\"wpb_column vc_column_container vc_col-sm-nul-12 vc_col-lg-offset-0 vc_col-lg-12 vc_col-md-offset-2 vc_col-md-8 vc_col-xs-12 vc_col-sm-12\"><div class=\"vc_column-inner\"><div class=\"wpb_wrapper evenz-vc_section\">\t\t\t<hr class=\"evenz-spacer-xxs\">\n\t\t<\/div><\/div><\/div><\/div><\/div><\/div><\/div>\n<\/div>","protected":false},"excerpt":{"rendered":"Inscription \u00e0 la conf\u00e9rence JCI AMEC 2025 EARLY BIRD 24 mai 2024 au 28 f\u00e9vrier 2025 $350 Programme du congr\u00e8s de 4 jours Salon professionnel 3 jours de d\u00e9jeuner Programme du soir de 4 jours 1 soir\u00e9e de gala S&#039;inscrire R\u00c9GULIER 29 f\u00e9vrier 2025 au 31 mars 2025 $450 Programme du congr\u00e8s de 4 jours Salon professionnel 3 jours de d\u00e9jeuner Programme du soir de 4 jours 1 soir\u00e9e de gala S&#039;inscrire INSCRIPTION TARDIVE 01 avril 2025 [...]","protected":false},"author":1,"featured_media":0,"parent":0,"menu_order":0,"comment_status":"closed","ping_status":"closed","template":"page-fullwidth.php","meta":{"_monsterinsights_skip_tracking":false,"_monsterinsights_sitenote_active":false,"_monsterinsights_sitenote_note":"","_monsterinsights_sitenote_category":0,"footnotes":""},"class_list":["post-1946","page","type-page","status-publish","hentry"],"aioseo_notices":[],"_links":{"self":[{"href":"https:\/\/jciamec2025.com\/fr\/wp-json\/wp\/v2\/pages\/1946","targetHints":{"allow":["GET"]}}],"collection":[{"href":"https:\/\/jciamec2025.com\/fr\/wp-json\/wp\/v2\/pages"}],"about":[{"href":"https:\/\/jciamec2025.com\/fr\/wp-json\/wp\/v2\/types\/page"}],"author":[{"embeddable":true,"href":"https:\/\/jciamec2025.com\/fr\/wp-json\/wp\/v2\/users\/1"}],"replies":[{"embeddable":true,"href":"https:\/\/jciamec2025.com\/fr\/wp-json\/wp\/v2\/comments?post=1946"}],"version-history":[{"count":25,"href":"https:\/\/jciamec2025.com\/fr\/wp-json\/wp\/v2\/pages\/1946\/revisions"}],"predecessor-version":[{"id":2203,"href":"https:\/\/jciamec2025.com\/fr\/wp-json\/wp\/v2\/pages\/1946\/revisions\/2203"}],"wp:attachment":[{"href":"https:\/\/jciamec2025.com\/fr\/wp-json\/wp\/v2\/media?parent=1946"}],"curies":[{"name":"wp","href":"https:\/\/api.w.org\/{rel}","templated":true}]}}