{"id":1974,"date":"2025-01-06T22:35:19","date_gmt":"2025-01-06T22:35:19","guid":{"rendered":"https:\/\/jciamec2025.com\/?page_id=1974"},"modified":"2025-05-19T12:36:51","modified_gmt":"2025-05-19T12:36:51","slug":"news","status":"publish","type":"page","link":"https:\/\/jciamec2025.com\/fr\/news\/","title":{"rendered":"Derni\u00e8res nouvelles"},"content":{"rendered":"<div class=\"wpb-content-wrapper\"><div class=\"evenz-vc-row-container\" ><div class=\"vc_row evenz-stickycont wpb_row evenz-vc_row vc_custom_1736170296808 vc_row-has-fill evenz-negative\"><div class=\"evenz-container evenz-rowcontainer-vc\"><div class=\"evenz-rowcontent\"><div class=\"wpb_animate_when_almost_visible wpb_fadeInLeft fadeInLeft wpb_column vc_column_container vc_col-sm-12\"><div class=\"vc_column-inner\"><div class=\"wpb_wrapper evenz-vc_section\"><div class=\"vc_row wpb_row vc_inner evenz-vc_row vc_column-gap-30\"><div class=\"evenz-container evenz-rowcontainer-vc\"><div class=\"evenz-rowcontent\"><div class=\"wpb_column vc_column_container vc_col-sm-12\"><div class=\"vc_column-inner\"><div class=\"wpb_wrapper\"><div class=\"vc_separator wpb_content_element vc_separator_align_left vc_sep_width_100 vc_sep_border_width_5 vc_sep_pos_align_center vc_sep_color_white vc_separator-has-text\" ><span class=\"vc_sep_holder vc_sep_holder_l\"><span class=\"vc_sep_line\"><\/span><\/span><h4>JCI AMEC 2025<\/h4><span class=\"vc_sep_holder vc_sep_holder_r\"><span class=\"vc_sep_line\"><\/span><\/span>\n<\/div>\t\t\t<hr class=\"evenz-spacer-s\">\n\t\t<h1 style=\"font-size: 64px;text-align: left\" class=\"vc_custom_heading\" >Derni\u00e8res nouvelles<\/h1><div class=\"vc_separator wpb_content_element vc_separator_align_center vc_sep_width_100 vc_sep_border_width_8 vc_sep_pos_align_center vc_separator_no_text vc_sep_color_grey\" ><span class=\"vc_sep_holder vc_sep_holder_l\"><span class=\"vc_sep_line\"><\/span><\/span><span class=\"vc_sep_holder vc_sep_holder_r\"><span class=\"vc_sep_line\"><\/span><\/span>\n<\/div><\/div><\/div><\/div><\/div><\/div><\/div><\/div><\/div><\/div><\/div><\/div><\/div>\t\t<div class=\"evenz-bgimg evenz-bgimg__vc evenz-bgimg__parallax\" data-evenz-parallax>\n\t\t\t<img decoding=\"async\" data-stellar-ratio=\"0.07\" src=\"https:\/\/jciamec2025.com\/wp-content\/uploads\/2024\/05\/amec-header-06.jpg\" alt=\"Background\">\n\t\t<\/div>\n\t<\/div><div class=\"evenz-vc-row-container\" ><div class=\"vc_row evenz-stickycont wpb_row evenz-vc_row page-overlap-row wpb_animate_when_almost_visible wpb_fadeInUp fadeInUp vc_custom_1715544515207\"><div class=\"evenz-rowcontainer-vc\"><div class=\"evenz-rowcontent\"><div class=\"wpb_column vc_column_container vc_col-sm-12\"><div class=\"vc_column-inner\"><div class=\"wpb_wrapper\"><div class=\"vc_row wpb_row vc_inner evenz-vc_row\"><div class=\"evenz-container evenz-rowcontainer-vc\"><div class=\"evenz-rowcontent\"><div class=\"wpb_column vc_column_container vc_col-sm-12\"><div class=\"vc_column-inner\"><div class=\"wpb_wrapper\">\n\t<div class=\"wpb_text_column wpb_content_element  vc_custom_1736203286633\" >\n\t\t<div class=\"wpb_wrapper\">\n\t\t\t<h1 style=\"color: #0097d7;\">Actualit\u00e9s AMEC 2025<\/h1>\n<hr style=\"color: #0097d7; height: 4px;\" \/>\n\n\t\t<\/div>\n\t<\/div>\n\n\t<div class=\"wpb_text_column wpb_content_element  vc_custom_1747658214785\" >\n\t\t<div class=\"wpb_wrapper\">\n\t\t\t<h1 style=\"font-size:22px;\">Des nouvelles \u00e0 venir<\/h1>\n\n\t\t<\/div>\n\t<\/div>\n\n\t<div class=\"wpb_raw_code wpb_content_element wpb_raw_html vc_custom_1737030810840\" >\n\t\t<div class=\"wpb_wrapper\">\n\t\t\t\n            <div \n                class=\"elfsight-widget-facebook-feed elfsight-widget\" \n                data-elfsight-facebook-feed-options=\"%7B%22tokenType%22%3A%22page%22%2C%22userAccessToken%22%3A%22%22%2C%22userAccessTokenPagesScope%22%3A%22EAADQZAoJZBZBH0BOZBDyPraqQgehleJWZCyhVCULvvlxgRo8n1CatcQZAoRNHekCs17OE5cIIzyo1H0Wz8NkMQ5Azlvhb56PsqeV3RkGT6BgpRLZCNTkEZBOqCuaHFWjXY9U5cSVc6K1ct1j2fJCMGGAGx9Oh6ZCEILm1HBLwdFYkR8FuvHjbCiV1puvd5mnkcOhSAOv9KLvs9fXIPVoZAsG9JiRX8ae0sjb4fZAGVFINW16PpjbKZAsbemj%22%2C%22source%22%3A%22https%3A%5C%2F%5C%2Fwww.facebook.com%5C%2Felfsight%22%2C%22page%22%3A%7B%22name%22%3A%222025%20JCI%20Africa%20and%20The%20Middle%20East%20Conference%2C%20Durban%20-%20South%20Africa%20%22%2C%22value%22%3A%22256194030920425%22%2C%22link%22%3A%22https%3A%5C%2F%5C%2Fwww.facebook.com%5C%2F256194030920425%22%2C%22picture%22%3A%7B%22data%22%3A%7B%22height%22%3A50%2C%22is_silhouette%22%3Afalse%2C%22url%22%3A%22https%3A%5C%2F%5C%2Fscontent.fdur3-1.fna.fbcdn.net%5C%2Fv%5C%2Ft39.30808-1%5C%2F441233619_122093775044329098_4264502579908457585_n.jpg%3Fstp%3Dcp0_dst-jpg_s50x50_tt6%26_nc_cat%3D105%26ccb%3D1-7%26_nc_sid%3Dfe756c%26_nc_eui2%3DAeEBkb8K9dGACpvES6R5gGrU9ZNd5uSJWG_1k13m5IlYb1FBO6ZfLbOFhbeJbkwcFETQ7b2wzw-itJogu6y8iF70%26_nc_ohc%3DISgmbc0L1W4Q7kNvgHObZH0%26_nc_zt%3D24%26_nc_ht%3Dscontent.fdur3-1.fna%26edm%3DAGaHXAAEAAAA%26_nc_gid%3DAc5byMUXRfwin28DbUsaHl3%26oh%3D00_AYD40hZ3pHPue13HY4qfHjk9-OmRp4przJWFCSpBQdxbtQ%26oe%3D678EA2C9%22%2C%22width%22%3A50%7D%7D%7D%2C%22pageAccessToken%22%3A%22EAADQZAoJZBZBH0BO2951VJFwyDKiCrTUqDN2E8ZCaZAMjW5zrIwVibzsLis2tcMSFqW6N8Yv6DbFuRLvhr3tc78zHyDUPG82BUXZC36tPTt8bqoTunB5tMSNmeXYKVqmJry3pcw6ykUVZApcid42WLWB9qJv8L1Mp0fPpmKZBb7JywTcAKoqkESmsADbpvjc2XkZD%22%2C%22width%22%3A%22auto%22%2C%22height%22%3A%22920%22%2C%22contentDivider%22%3Anull%2C%22headerVisible%22%3Atrue%2C%22headerParts%22%3A%5B%22picture%22%2C%22likesCount%22%2C%22actions%22%5D%2C%22headerActions%22%3A%5B%7B%22type%22%3A%22like%22%7D%2C%7B%22type%22%3A%22share%22%7D%5D%2C%22menuVisible%22%3Atrue%2C%22contentPostsVisible%22%3Atrue%2C%22contentPostsParts%22%3A%5B%22author%22%2C%22likesCount%22%2C%22commentsCount%22%2C%22sharesCount%22%2C%22shareButton%22%5D%2C%22contentPostsLimit%22%3A0%2C%22contentPhotosVisible%22%3Atrue%2C%22contentAlbumsVisible%22%3Atrue%2C%22contentVideosVisible%22%3Afalse%2C%22contentVideosParts%22%3A%5B%22description%22%2C%22likesCount%22%2C%22commentsCount%22%5D%2C%22contentEventsVisible%22%3Afalse%2C%22contentPopupParts%22%3A%5B%22author%22%2C%22likesCount%22%2C%22shareButton%22%2C%22comments%22%5D%2C%22lang%22%3A%22en%22%2C%22cacheTime%22%3A%223600%22%2C%22apiUrl%22%3A%22https%3A%5C%2F%5C%2Fjciamec2025.com%5C%2Ffr%5C%2Fwp-json%5C%2Felfsight-facebook-feed%5C%2Fapi%22%2C%22widgetId%22%3A%222%22%7D\" \n                data-elfsight-facebook-feed-version=\"1.15.0\"\n                data-elfsight-widget-id=\"elfsight-facebook-feed-2\">\n            <\/div>\n            \n\t\t<\/div>\n\t<\/div>\n<\/div><\/div><\/div><\/div><\/div><\/div><\/div><\/div><\/div><\/div><\/div><\/div><\/div><div class=\"evenz-vc-row-container\" ><div class=\"vc_row evenz-stickycont wpb_row evenz-vc_row\"><div class=\"evenz-rowcontainer-vc\"><div class=\"evenz-rowcontent\"><div class=\"wpb_column vc_column_container vc_col-sm-12\"><div class=\"vc_column-inner vc_custom_1715348936694\"><div class=\"wpb_wrapper\"><\/div><\/div><\/div><\/div><\/div><\/div><\/div>\n<\/div>","protected":false},"excerpt":{"rendered":"Derni\u00e8res nouvelles de la JCI AMEC 2025 Actualit\u00e9s AMEC 2025 Nouvelles \u00e0 venir","protected":false},"author":1,"featured_media":0,"parent":0,"menu_order":0,"comment_status":"closed","ping_status":"closed","template":"page-fullwidth.php","meta":{"_monsterinsights_skip_tracking":false,"_monsterinsights_sitenote_active":false,"_monsterinsights_sitenote_note":"","_monsterinsights_sitenote_category":0,"footnotes":""},"class_list":["post-1974","page","type-page","status-publish","hentry"],"aioseo_notices":[],"_links":{"self":[{"href":"https:\/\/jciamec2025.com\/fr\/wp-json\/wp\/v2\/pages\/1974","targetHints":{"allow":["GET"]}}],"collection":[{"href":"https:\/\/jciamec2025.com\/fr\/wp-json\/wp\/v2\/pages"}],"about":[{"href":"https:\/\/jciamec2025.com\/fr\/wp-json\/wp\/v2\/types\/page"}],"author":[{"embeddable":true,"href":"https:\/\/jciamec2025.com\/fr\/wp-json\/wp\/v2\/users\/1"}],"replies":[{"embeddable":true,"href":"https:\/\/jciamec2025.com\/fr\/wp-json\/wp\/v2\/comments?post=1974"}],"version-history":[{"count":7,"href":"https:\/\/jciamec2025.com\/fr\/wp-json\/wp\/v2\/pages\/1974\/revisions"}],"predecessor-version":[{"id":2348,"href":"https:\/\/jciamec2025.com\/fr\/wp-json\/wp\/v2\/pages\/1974\/revisions\/2348"}],"wp:attachment":[{"href":"https:\/\/jciamec2025.com\/fr\/wp-json\/wp\/v2\/media?parent=1974"}],"curies":[{"name":"wp","href":"https:\/\/api.w.org\/{rel}","templated":true}]}}