{"id":1989,"date":"2025-01-07T21:41:42","date_gmt":"2025-01-07T21:41:42","guid":{"rendered":"https:\/\/jciamec2025.com\/?page_id=1989"},"modified":"2025-03-24T19:50:06","modified_gmt":"2025-03-24T19:50:06","slug":"accommodation","status":"publish","type":"page","link":"https:\/\/jciamec2025.com\/fr\/accommodation\/","title":{"rendered":"H\u00e9bergement"},"content":{"rendered":"<div class=\"wpb-content-wrapper\"><div class=\"evenz-vc-row-container\" ><div class=\"vc_row evenz-stickycont wpb_row evenz-vc_row vc_custom_1736170296808 vc_row-has-fill evenz-negative\"><div class=\"evenz-container evenz-rowcontainer-vc\"><div class=\"evenz-rowcontent\"><div class=\"wpb_animate_when_almost_visible wpb_fadeInLeft fadeInLeft wpb_column vc_column_container vc_col-sm-12\"><div class=\"vc_column-inner\"><div class=\"wpb_wrapper evenz-vc_section\"><div class=\"vc_row wpb_row vc_inner evenz-vc_row vc_column-gap-30\"><div class=\"evenz-container evenz-rowcontainer-vc\"><div class=\"evenz-rowcontent\"><div class=\"wpb_column vc_column_container vc_col-sm-12\"><div class=\"vc_column-inner\"><div class=\"wpb_wrapper\"><div class=\"vc_separator wpb_content_element vc_separator_align_left vc_sep_width_100 vc_sep_border_width_5 vc_sep_pos_align_center vc_sep_color_white vc_separator-has-text\" ><span class=\"vc_sep_holder vc_sep_holder_l\"><span class=\"vc_sep_line\"><\/span><\/span><h4>JCI AMEC 2025<\/h4><span class=\"vc_sep_holder vc_sep_holder_r\"><span class=\"vc_sep_line\"><\/span><\/span>\n<\/div>\t\t\t<hr class=\"evenz-spacer-s\">\n\t\t<h1 style=\"font-size: 64px;text-align: left\" class=\"vc_custom_heading\" >H\u00e9bergement<\/h1><div class=\"vc_separator wpb_content_element vc_separator_align_center vc_sep_width_100 vc_sep_border_width_8 vc_sep_pos_align_center vc_separator_no_text vc_sep_color_grey\" ><span class=\"vc_sep_holder vc_sep_holder_l\"><span class=\"vc_sep_line\"><\/span><\/span><span class=\"vc_sep_holder vc_sep_holder_r\"><span class=\"vc_sep_line\"><\/span><\/span>\n<\/div><\/div><\/div><\/div><\/div><\/div><\/div><\/div><\/div><\/div><\/div><\/div><\/div>\t\t<div class=\"evenz-bgimg evenz-bgimg__vc evenz-bgimg__parallax\" data-evenz-parallax>\n\t\t\t<img decoding=\"async\" data-stellar-ratio=\"0.07\" src=\"https:\/\/jciamec2025.com\/wp-content\/uploads\/2024\/05\/amec-header-06.jpg\" alt=\"Background\">\n\t\t<\/div>\n\t<\/div><div class=\"evenz-vc-row-container\" ><div class=\"vc_row evenz-stickycont wpb_row evenz-vc_row page-overlap-row wpb_animate_when_almost_visible wpb_fadeInUp fadeInUp vc_custom_1715544515207\"><div class=\"evenz-rowcontainer-vc\"><div class=\"evenz-rowcontent\"><div class=\"wpb_column vc_column_container vc_col-sm-12\"><div class=\"vc_column-inner\"><div class=\"wpb_wrapper\"><div class=\"vc_row wpb_row vc_inner evenz-vc_row\"><div class=\"evenz-container evenz-rowcontainer-vc\"><div class=\"evenz-rowcontent\"><div class=\"wpb_column vc_column_container vc_col-sm-12\"><div class=\"vc_column-inner\"><div class=\"wpb_wrapper\">\n\t<div class=\"wpb_text_column wpb_content_element\" >\n\t\t<div class=\"wpb_wrapper\">\n\t\t\t<h1 style=\"color: #0097d7;\">H\u00f4tels officiels<\/h1>\n<hr style=\"color: #0097d7; height: 4px;\" \/>\n\n\t\t<\/div>\n\t<\/div>\n\n\t<div class=\"wpb_text_column wpb_content_element\" >\n\t\t<div class=\"wpb_wrapper\">\n\t\t\t<h3 style=\"color: #0097d7;\">Soleil du Sud<\/h3>\n\n\t\t<\/div>\n\t<\/div>\n<\/div><\/div><\/div><\/div><\/div><\/div><div class=\"vc_row wpb_row vc_inner evenz-vc_row vc_custom_1742555793355\"><div class=\"evenz-container evenz-rowcontainer-vc\"><div class=\"evenz-rowcontent\"><div class=\"wpb_column vc_column_container vc_col-sm-3\"><div class=\"vc_column-inner\"><div class=\"wpb_wrapper\">\n\t<div  class=\"wpb_single_image wpb_content_element vc_align_left  vc_custom_1742557994092  imageRadius\">\n\t\t\n\t\t<figure class=\"wpb_wrapper vc_figure\">\n\t\t\t<a class=\"\" data-lightbox=\"lightbox[rel-1989-2219516368]\" href=\"https:\/\/jciamec2025.com\/wp-content\/uploads\/2025\/01\/Garden-Court-Marine-Parade-3.jpg\" target=\"_self\"><img loading=\"lazy\" decoding=\"async\" width=\"600\" height=\"562\" src=\"https:\/\/jciamec2025.com\/wp-content\/uploads\/2025\/01\/Garden-Court-Marine-Parade-3.jpg\" class=\"vc_single_image-img attachment-full\" alt=\"\" title=\"D\u00e9fil\u00e9 marin de Garden Court\" srcset=\"https:\/\/jciamec2025.com\/wp-content\/uploads\/2025\/01\/Garden-Court-Marine-Parade-3.jpg 600w, https:\/\/jciamec2025.com\/wp-content\/uploads\/2025\/01\/Garden-Court-Marine-Parade-3-13x12.jpg 13w\" sizes=\"auto, (max-width: 600px) 100vw, 600px\" \/><\/a>\n\t\t<\/figure>\n\t<\/div>\n\n\t<div class=\"wpb_text_column wpb_content_element  wpb_animate_when_almost_visible wpb_fadeInLeft fadeInLeft vc_custom_1742562386782\" >\n\t\t<div class=\"wpb_wrapper\">\n\t\t\t<p><strong>D\u00e9fil\u00e9 marin de Garden Court<\/strong><\/p>\n\n\t\t<\/div>\n\t<\/div>\n\n\t<div class=\"wpb_text_column wpb_content_element  wpb_animate_when_almost_visible wpb_fadeInLeft fadeInLeft\" >\n\t\t<div class=\"wpb_wrapper\">\n\t\t\t<p style=\"font-size:14px;\">Durban, Afrique du Sud<\/p>\n\n\t\t<\/div>\n\t<\/div>\n<\/div><\/div><\/div><div class=\"wpb_column vc_column_container vc_col-sm-3\"><div class=\"vc_column-inner\"><div class=\"wpb_wrapper\">\n\t<div  class=\"wpb_single_image wpb_content_element vc_align_left  vc_custom_1742558007106  imageRadius\">\n\t\t\n\t\t<figure class=\"wpb_wrapper vc_figure\">\n\t\t\t<a class=\"\" data-lightbox=\"lightbox[rel-1989-3761425070]\" href=\"https:\/\/jciamec2025.com\/wp-content\/uploads\/2025\/01\/The-Edward.jpg\" target=\"_self\"><img loading=\"lazy\" decoding=\"async\" width=\"600\" height=\"562\" src=\"https:\/\/jciamec2025.com\/wp-content\/uploads\/2025\/01\/The-Edward.jpg\" class=\"vc_single_image-img attachment-full\" alt=\"\" title=\"L&#039;Edouard\" srcset=\"https:\/\/jciamec2025.com\/wp-content\/uploads\/2025\/01\/The-Edward.jpg 600w, https:\/\/jciamec2025.com\/wp-content\/uploads\/2025\/01\/The-Edward-13x12.jpg 13w\" sizes=\"auto, (max-width: 600px) 100vw, 600px\" \/><\/a>\n\t\t<\/figure>\n\t<\/div>\n\n\t<div class=\"wpb_text_column wpb_content_element  wpb_animate_when_almost_visible wpb_fadeInLeft fadeInLeft vc_custom_1742562408594\" >\n\t\t<div class=\"wpb_wrapper\">\n\t\t\t<p><strong>L&#039;Edouard<\/strong><\/p>\n\n\t\t<\/div>\n\t<\/div>\n\n\t<div class=\"wpb_text_column wpb_content_element  wpb_animate_when_almost_visible wpb_fadeInLeft fadeInLeft\" >\n\t\t<div class=\"wpb_wrapper\">\n\t\t\t<p style=\"font-size:14px;\">Durban, Afrique du Sud<\/p>\n\n\t\t<\/div>\n\t<\/div>\n<\/div><\/div><\/div><div class=\"wpb_column vc_column_container vc_col-sm-3\"><div class=\"vc_column-inner\"><div class=\"wpb_wrapper\">\n\t<div  class=\"wpb_single_image wpb_content_element vc_align_left  vc_custom_1736288752515\">\n\t\t\n\t\t<figure class=\"wpb_wrapper vc_figure\">\n\t\t\t<a class=\"\" data-lightbox=\"lightbox[rel-1989-1920527966]\" href=\"https:\/\/jciamec2025.com\/wp-content\/uploads\/2025\/01\/Beverly-Hills.jpg\" target=\"_self\"><img loading=\"lazy\" decoding=\"async\" width=\"600\" height=\"562\" src=\"https:\/\/jciamec2025.com\/wp-content\/uploads\/2025\/01\/Beverly-Hills.jpg\" class=\"vc_single_image-img attachment-full\" alt=\"\" title=\"Beverly Hills\" srcset=\"https:\/\/jciamec2025.com\/wp-content\/uploads\/2025\/01\/Beverly-Hills.jpg 600w, https:\/\/jciamec2025.com\/wp-content\/uploads\/2025\/01\/Beverly-Hills-13x12.jpg 13w\" sizes=\"auto, (max-width: 600px) 100vw, 600px\" \/><\/a>\n\t\t<\/figure>\n\t<\/div>\n\n\t<div class=\"wpb_text_column wpb_content_element  wpb_animate_when_almost_visible wpb_fadeInLeft fadeInLeft vc_custom_1742562426074\" >\n\t\t<div class=\"wpb_wrapper\">\n\t\t\t<p><strong>Beverly Hills<\/strong><\/p>\n\n\t\t<\/div>\n\t<\/div>\n\n\t<div class=\"wpb_text_column wpb_content_element  wpb_animate_when_almost_visible wpb_fadeInLeft fadeInLeft\" >\n\t\t<div class=\"wpb_wrapper\">\n\t\t\t<p style=\"font-size: 14px;\">uMhlanga, Afrique du Sud<\/p>\n\n\t\t<\/div>\n\t<\/div>\n<\/div><\/div><\/div><div class=\"wpb_column vc_column_container vc_col-sm-3\"><div class=\"vc_column-inner\"><div class=\"wpb_wrapper\">\n\t<div  class=\"wpb_single_image wpb_content_element vc_align_left  vc_custom_1736288765119\">\n\t\t\n\t\t<figure class=\"wpb_wrapper vc_figure\">\n\t\t\t<a class=\"\" data-lightbox=\"lightbox[rel-1989-3029353162]\" href=\"https:\/\/jciamec2025.com\/wp-content\/uploads\/2025\/01\/Southern-Sun-Elangeni-Maharani.jpg\" target=\"_self\"><img loading=\"lazy\" decoding=\"async\" width=\"600\" height=\"562\" src=\"https:\/\/jciamec2025.com\/wp-content\/uploads\/2025\/01\/Southern-Sun-Elangeni-Maharani.jpg\" class=\"vc_single_image-img attachment-full\" alt=\"\" title=\"Soleil du Sud Elangeni et Maharani\" srcset=\"https:\/\/jciamec2025.com\/wp-content\/uploads\/2025\/01\/Southern-Sun-Elangeni-Maharani.jpg 600w, https:\/\/jciamec2025.com\/wp-content\/uploads\/2025\/01\/Southern-Sun-Elangeni-Maharani-13x12.jpg 13w\" sizes=\"auto, (max-width: 600px) 100vw, 600px\" \/><\/a>\n\t\t<\/figure>\n\t<\/div>\n\n\t<div class=\"wpb_text_column wpb_content_element  wpb_animate_when_almost_visible wpb_fadeInLeft fadeInLeft vc_custom_1742562443977\" >\n\t\t<div class=\"wpb_wrapper\">\n\t\t\t<p><strong>Southern Sun Elangeni &amp; Maharani (H\u00f4tel du si\u00e8ge)<\/strong><\/p>\n\n\t\t<\/div>\n\t<\/div>\n\n\t<div class=\"wpb_text_column wpb_content_element  wpb_animate_when_almost_visible wpb_fadeInLeft fadeInLeft\" >\n\t\t<div class=\"wpb_wrapper\">\n\t\t\t<p style=\"font-size:14px;\">Durban, Afrique du Sud<\/p>\n\n\t\t<\/div>\n\t<\/div>\n<\/div><\/div><\/div><\/div><\/div><\/div><div class=\"vc_row wpb_row vc_inner evenz-vc_row vc_custom_1742679851712\"><div class=\"evenz-container evenz-rowcontainer-vc\"><div class=\"evenz-rowcontent\"><div class=\"wpb_column vc_column_container vc_col-sm-12\"><div class=\"vc_column-inner\"><div class=\"wpb_wrapper\">\t\t\t<hr class=\"evenz-spacer-xxs\">\n\t\t\n\t<div class=\"wpb_text_column wpb_content_element  vc_custom_1742679766406\" >\n\t\t<div class=\"wpb_wrapper\">\n\t\t\t<p style=\"text-align: center; color: white;\"><strong><a style=\"color: white;\" href=\"https:\/\/hotelreservations.southernsun.com\/?adult=1&amp;arrive=2025-05-17&amp;chain=24151&amp;child=0&amp;clearcache=all&amp;config=grp&amp;configcode=grp&amp;depart=2025-05-18&amp;dest=JCI001&amp;level=chain&amp;locale=en-GB&amp;rate=JCI001&amp;rooms=1&amp;theme=sshi&amp;themecode=sshi\" target=\"\u201d_blank\u201d\">R\u00e9servez votre H\u00e9bergement \u00e0 des tarifs pr\u00e9f\u00e9rentiels en cliquant ici <i class=\"fas fa-external-link-alt\" style=\"padding-bottom: 0px; margin-left: 6px; margin-right: 10px;\"><\/i><\/a><\/strong><\/p>\n\n\t\t<\/div>\n\t<\/div>\n<\/div><\/div><\/div><\/div><\/div><\/div><\/div><\/div><\/div><\/div><\/div><\/div><\/div><div class=\"evenz-vc-row-container\" ><div class=\"vc_row evenz-stickycont wpb_row evenz-vc_row vc_custom_1742561579692 vc_row-has-fill vc_row-o-content-middle vc_row-flex\"><div class=\"evenz-container evenz-rowcontainer-vc\"><div class=\"evenz-rowcontent\"><div class=\"wpb_column vc_column_container vc_col-sm-12\"><div class=\"vc_column-inner vc_custom_1715348936694\"><div class=\"wpb_wrapper\"><div class=\"vc_row wpb_row vc_inner evenz-vc_row vc_custom_1742680156912 vc_row-has-fill vc_row-o-content-middle vc_row-flex\"><div class=\"evenz-rowcontainer-vc\"><div class=\"evenz-rowcontent\"><div class=\"wpb_column vc_column_container vc_col-sm-6\"><div class=\"vc_column-inner\"><div class=\"wpb_wrapper\">\n\t<div  class=\"wpb_single_image wpb_content_element vc_align_left  vc_custom_1742679740968\">\n\t\t\n\t\t<figure class=\"wpb_wrapper vc_figure\">\n\t\t\t<div class=\"vc_single_image-wrapper   vc_box_border_grey\"><img loading=\"lazy\" decoding=\"async\" width=\"791\" height=\"534\" src=\"https:\/\/jciamec2025.com\/wp-content\/uploads\/2025\/03\/Onomo-Hotels-Header-1.jpg\" class=\"vc_single_image-img attachment-large\" alt=\"\" title=\"En-t\u00eate des h\u00f4tels Onomo\" srcset=\"https:\/\/jciamec2025.com\/wp-content\/uploads\/2025\/03\/Onomo-Hotels-Header-1.jpg 791w, https:\/\/jciamec2025.com\/wp-content\/uploads\/2025\/03\/Onomo-Hotels-Header-1-770x520.jpg 770w, https:\/\/jciamec2025.com\/wp-content\/uploads\/2025\/03\/Onomo-Hotels-Header-1-768x518.jpg 768w, https:\/\/jciamec2025.com\/wp-content\/uploads\/2025\/03\/Onomo-Hotels-Header-1-18x12.jpg 18w\" sizes=\"auto, (max-width: 791px) 100vw, 791px\" \/><\/div>\n\t\t<\/figure>\n\t<\/div>\n<\/div><\/div><\/div><div class=\"wpb_column vc_column_container vc_col-sm-6\"><div class=\"vc_column-inner vc_custom_1742845687693\"><div class=\"wpb_wrapper\">\n\t<div class=\"wpb_text_column wpb_content_element\" >\n\t\t<div class=\"wpb_wrapper\">\n\t\t\t<h3 style=\"color: #0097d7;\">H\u00f4tels \u00e0 Onomo<\/h3>\n<hr style=\"color: #0097d7; height: 4px;\" \/>\n\n\t\t<\/div>\n\t<\/div>\n\n\t<div class=\"wpb_text_column wpb_content_element  vc_custom_1742680068054\" >\n\t\t<div class=\"wpb_wrapper\">\n\t\t\t<h4 style=\"color: #5e5e5e;\">H\u00f4tel Onomo Durban<\/h4>\n\n\t\t<\/div>\n\t<\/div>\n\n\t<div class=\"wpb_text_column wpb_content_element  vc_custom_1742845476769\" >\n\t\t<div class=\"wpb_wrapper\">\n\t\t\t<p>B\u00e9n\u00e9ficiez d&#039;offres, exclusivement r\u00e9serv\u00e9es aux clients de notre site, vous permettant de b\u00e9n\u00e9ficier d&#039;une remise sp\u00e9ciale et de faire partie de notre communaut\u00e9 Onomofan !<\/p>\n\n\t\t<\/div>\n\t<\/div>\n\n\t<div class=\"wpb_text_column wpb_content_element  vc_custom_1742845786268\" >\n\t\t<div class=\"wpb_wrapper\">\n\t\t\t<p><strong style=\"color: #0097d7;\">Code promotionnel\u00a0: JCI AMEC 2025<\/strong><\/p>\n\n\t\t<\/div>\n\t<\/div>\n<a href=\"https:\/\/reservations.onomohotels.com\/?adult=1&amp;arrive=2025-03-21&amp;chain=27746&amp;child=0&amp;currency=ZAR&amp;depart=2025-03-22&amp;hotel=34461&amp;level=hotel&amp;locale=en-US&amp;productcurrency=ZAR&amp;rooms=1\"  target=\"_blank\"  \n\t\tclass=\"evenz-btn evenz-btn-primary  bookButton\"><span>R\u00e9servez maintenant<\/span><\/a><\/div><\/div><\/div><\/div><\/div><\/div><\/div><\/div><\/div><\/div><\/div><\/div><\/div>\n<\/div>","protected":false},"excerpt":{"rendered":"H\u00e9bergement JCI AMEC 2025 H\u00f4tels officiels Southern Sun Garden Court Marine Parade Durban, Afrique du Sud The Edward Durban, Afrique du Sud Beverly Hills uMhlanga, Afrique du Sud Southern Sun Elangeni &amp; Maharani (H\u00f4tel du si\u00e8ge) Durban, Afrique du Sud R\u00e9servez votre h\u00e9bergement \u00e0 des tarifs pr\u00e9f\u00e9rentiels en cliquant ici Onomo Hotels Onomo Hotel Durban Obtenez des offres, exclusivement pour [...]","protected":false},"author":1,"featured_media":0,"parent":0,"menu_order":0,"comment_status":"closed","ping_status":"closed","template":"page-fullwidth.php","meta":{"_monsterinsights_skip_tracking":false,"_monsterinsights_sitenote_active":false,"_monsterinsights_sitenote_note":"","_monsterinsights_sitenote_category":0,"footnotes":""},"class_list":["post-1989","page","type-page","status-publish","hentry"],"aioseo_notices":[],"_links":{"self":[{"href":"https:\/\/jciamec2025.com\/fr\/wp-json\/wp\/v2\/pages\/1989","targetHints":{"allow":["GET"]}}],"collection":[{"href":"https:\/\/jciamec2025.com\/fr\/wp-json\/wp\/v2\/pages"}],"about":[{"href":"https:\/\/jciamec2025.com\/fr\/wp-json\/wp\/v2\/types\/page"}],"author":[{"embeddable":true,"href":"https:\/\/jciamec2025.com\/fr\/wp-json\/wp\/v2\/users\/1"}],"replies":[{"embeddable":true,"href":"https:\/\/jciamec2025.com\/fr\/wp-json\/wp\/v2\/comments?post=1989"}],"version-history":[{"count":37,"href":"https:\/\/jciamec2025.com\/fr\/wp-json\/wp\/v2\/pages\/1989\/revisions"}],"predecessor-version":[{"id":2345,"href":"https:\/\/jciamec2025.com\/fr\/wp-json\/wp\/v2\/pages\/1989\/revisions\/2345"}],"wp:attachment":[{"href":"https:\/\/jciamec2025.com\/fr\/wp-json\/wp\/v2\/media?parent=1989"}],"curies":[{"name":"wp","href":"https:\/\/api.w.org\/{rel}","templated":true}]}}