{"id":2148,"date":"2025-01-16T13:19:27","date_gmt":"2025-01-16T13:19:27","guid":{"rendered":"https:\/\/jciamec2025.com\/?page_id=2148"},"modified":"2025-01-17T07:46:18","modified_gmt":"2025-01-17T07:46:18","slug":"team","status":"publish","type":"page","link":"https:\/\/jciamec2025.com\/fr\/team\/","title":{"rendered":"\u00c9quipe"},"content":{"rendered":"<div class=\"wpb-content-wrapper\"><div class=\"evenz-vc-row-container\" ><div class=\"vc_row evenz-stickycont wpb_row evenz-vc_row vc_custom_1736170296808 vc_row-has-fill evenz-negative\"><div class=\"evenz-container evenz-rowcontainer-vc\"><div class=\"evenz-rowcontent\"><div class=\"wpb_animate_when_almost_visible wpb_fadeInLeft fadeInLeft wpb_column vc_column_container vc_col-sm-12\"><div class=\"vc_column-inner\"><div class=\"wpb_wrapper evenz-vc_section\"><div class=\"vc_row wpb_row vc_inner evenz-vc_row vc_column-gap-30\"><div class=\"evenz-container evenz-rowcontainer-vc\"><div class=\"evenz-rowcontent\"><div class=\"wpb_column vc_column_container vc_col-sm-12\"><div class=\"vc_column-inner\"><div class=\"wpb_wrapper\"><div class=\"vc_separator wpb_content_element vc_separator_align_left vc_sep_width_100 vc_sep_border_width_5 vc_sep_pos_align_center vc_sep_color_white vc_separator-has-text\" ><span class=\"vc_sep_holder vc_sep_holder_l\"><span class=\"vc_sep_line\"><\/span><\/span><h4>JCI AMEC 2025<\/h4><span class=\"vc_sep_holder vc_sep_holder_r\"><span class=\"vc_sep_line\"><\/span><\/span>\n<\/div>\t\t\t<hr class=\"evenz-spacer-s\">\n\t\t<h1 style=\"font-size: 64px;text-align: left\" class=\"vc_custom_heading\" >Rencontrez l&#039;\u00e9quipe<\/h1><div class=\"vc_separator wpb_content_element vc_separator_align_center vc_sep_width_100 vc_sep_border_width_8 vc_sep_pos_align_center vc_separator_no_text vc_sep_color_grey\" ><span class=\"vc_sep_holder vc_sep_holder_l\"><span class=\"vc_sep_line\"><\/span><\/span><span class=\"vc_sep_holder vc_sep_holder_r\"><span class=\"vc_sep_line\"><\/span><\/span>\n<\/div><\/div><\/div><\/div><\/div><\/div><\/div><\/div><\/div><\/div><\/div><\/div><\/div>\t\t<div class=\"evenz-bgimg evenz-bgimg__vc evenz-bgimg__parallax\" data-evenz-parallax>\n\t\t\t<img decoding=\"async\" data-stellar-ratio=\"0.07\" src=\"https:\/\/jciamec2025.com\/wp-content\/uploads\/2024\/05\/amec-header-06.jpg\" alt=\"Background\">\n\t\t<\/div>\n\t<\/div><div class=\"evenz-vc-row-container\" ><div class=\"vc_row evenz-stickycont wpb_row evenz-vc_row\"><div class=\"evenz-rowcontainer-vc\"><div class=\"evenz-rowcontent\"><div class=\"wpb_column vc_column_container vc_col-sm-12\"><div class=\"vc_column-inner\"><div class=\"wpb_wrapper\"><div class=\"vc_row wpb_row vc_inner evenz-vc_row vc_custom_1737099205397\"><div class=\"evenz-container evenz-rowcontainer-vc\"><div class=\"evenz-rowcontent\"><div class=\"wpb_column vc_column_container vc_col-sm-3\"><div class=\"vc_column-inner vc_custom_1737098805400\"><div class=\"wpb_wrapper\">\n\t<div  class=\"wpb_single_image wpb_content_element vc_align_left\">\n\t\t\n\t\t<figure class=\"wpb_wrapper vc_figure\">\n\t\t\t<div class=\"vc_single_image-wrapper   vc_box_border_grey\"><img loading=\"lazy\" decoding=\"async\" width=\"770\" height=\"770\" src=\"https:\/\/jciamec2025.com\/wp-content\/uploads\/2025\/01\/JCIAMEC-Team-Zandile-Makhoba-2-770x770.png\" class=\"vc_single_image-img attachment-medium\" alt=\"\" title=\"JCIAMEC-\u00c9quipe-Zandile Makhoba\" srcset=\"https:\/\/jciamec2025.com\/wp-content\/uploads\/2025\/01\/JCIAMEC-Team-Zandile-Makhoba-2-770x770.png 770w, https:\/\/jciamec2025.com\/wp-content\/uploads\/2025\/01\/JCIAMEC-Team-Zandile-Makhoba-2-1170x1170.png 1170w, https:\/\/jciamec2025.com\/wp-content\/uploads\/2025\/01\/JCIAMEC-Team-Zandile-Makhoba-2-150x150.png 150w, https:\/\/jciamec2025.com\/wp-content\/uploads\/2025\/01\/JCIAMEC-Team-Zandile-Makhoba-2-768x768.png 768w, https:\/\/jciamec2025.com\/wp-content\/uploads\/2025\/01\/JCIAMEC-Team-Zandile-Makhoba-2-1536x1536.png 1536w, https:\/\/jciamec2025.com\/wp-content\/uploads\/2025\/01\/JCIAMEC-Team-Zandile-Makhoba-2-12x12.png 12w, https:\/\/jciamec2025.com\/wp-content\/uploads\/2025\/01\/JCIAMEC-Team-Zandile-Makhoba-2-60x60.png 60w, https:\/\/jciamec2025.com\/wp-content\/uploads\/2025\/01\/JCIAMEC-Team-Zandile-Makhoba-2-100x100.png 100w, https:\/\/jciamec2025.com\/wp-content\/uploads\/2025\/01\/JCIAMEC-Team-Zandile-Makhoba-2-370x370.png 370w, https:\/\/jciamec2025.com\/wp-content\/uploads\/2025\/01\/JCIAMEC-Team-Zandile-Makhoba-2.png 2000w\" sizes=\"auto, (max-width: 770px) 100vw, 770px\" \/><\/div>\n\t\t<\/figure>\n\t<\/div>\n\n\t<div class=\"wpb_text_column wpb_content_element  vc_custom_1737033558814\" >\n\t\t<div class=\"wpb_wrapper\">\n\t\t\t<h1 style=\"color: #debc39; font-size: 22px; text-align: center;\">Zandile Makhoba<\/h1>\n<hr style=\"color: #debc39; height: 4px;\" \/>\n<p style=\"font-weight: 500; text-align: center;\">Directeur du COC<\/p>\n\n\t\t<\/div>\n\t<\/div>\n<\/div><\/div><\/div><div class=\"wpb_column vc_column_container vc_col-sm-3\"><div class=\"vc_column-inner vc_custom_1737098822952\"><div class=\"wpb_wrapper\">\n\t<div  class=\"wpb_single_image wpb_content_element vc_align_left\">\n\t\t\n\t\t<figure class=\"wpb_wrapper vc_figure\">\n\t\t\t<div class=\"vc_single_image-wrapper   vc_box_border_grey\"><img loading=\"lazy\" decoding=\"async\" width=\"770\" height=\"770\" src=\"https:\/\/jciamec2025.com\/wp-content\/uploads\/2025\/01\/JCIAMEC-Team-Rofhiwa-Nengovhela-1-770x770.png\" class=\"vc_single_image-img attachment-medium\" alt=\"\" title=\"JCIAMEC-\u00c9quipe-Rofhiwa Nengovhela\" srcset=\"https:\/\/jciamec2025.com\/wp-content\/uploads\/2025\/01\/JCIAMEC-Team-Rofhiwa-Nengovhela-1-770x770.png 770w, https:\/\/jciamec2025.com\/wp-content\/uploads\/2025\/01\/JCIAMEC-Team-Rofhiwa-Nengovhela-1-1170x1170.png 1170w, https:\/\/jciamec2025.com\/wp-content\/uploads\/2025\/01\/JCIAMEC-Team-Rofhiwa-Nengovhela-1-150x150.png 150w, https:\/\/jciamec2025.com\/wp-content\/uploads\/2025\/01\/JCIAMEC-Team-Rofhiwa-Nengovhela-1-768x768.png 768w, https:\/\/jciamec2025.com\/wp-content\/uploads\/2025\/01\/JCIAMEC-Team-Rofhiwa-Nengovhela-1-1536x1536.png 1536w, https:\/\/jciamec2025.com\/wp-content\/uploads\/2025\/01\/JCIAMEC-Team-Rofhiwa-Nengovhela-1-12x12.png 12w, https:\/\/jciamec2025.com\/wp-content\/uploads\/2025\/01\/JCIAMEC-Team-Rofhiwa-Nengovhela-1-60x60.png 60w, https:\/\/jciamec2025.com\/wp-content\/uploads\/2025\/01\/JCIAMEC-Team-Rofhiwa-Nengovhela-1-100x100.png 100w, https:\/\/jciamec2025.com\/wp-content\/uploads\/2025\/01\/JCIAMEC-Team-Rofhiwa-Nengovhela-1-370x370.png 370w, https:\/\/jciamec2025.com\/wp-content\/uploads\/2025\/01\/JCIAMEC-Team-Rofhiwa-Nengovhela-1.png 2000w\" sizes=\"auto, (max-width: 770px) 100vw, 770px\" \/><\/div>\n\t\t<\/figure>\n\t<\/div>\n\n\t<div class=\"wpb_text_column wpb_content_element  vc_custom_1737035239391\" >\n\t\t<div class=\"wpb_wrapper\">\n\t\t\t<h1 style=\"color: #debc39; font-size: 22px; text-align: center;\">Rofhiwa Nengovhela<\/h1>\n<hr style=\"color: #debc39; height: 4px;\" \/>\n<p style=\"font-weight: 500; text-align: center;\">Directeur adjoint<\/p>\n\n\t\t<\/div>\n\t<\/div>\n<\/div><\/div><\/div><div class=\"wpb_column vc_column_container vc_col-sm-3\"><div class=\"vc_column-inner vc_custom_1737098861603\"><div class=\"wpb_wrapper\">\n\t<div  class=\"wpb_single_image wpb_content_element vc_align_left\">\n\t\t\n\t\t<figure class=\"wpb_wrapper vc_figure\">\n\t\t\t<div class=\"vc_single_image-wrapper   vc_box_border_grey\"><img loading=\"lazy\" decoding=\"async\" width=\"770\" height=\"770\" src=\"https:\/\/jciamec2025.com\/wp-content\/uploads\/2025\/01\/JCIAMEC-Team-Sabelo-Ndimande-1-770x770.png\" class=\"vc_single_image-img attachment-medium\" alt=\"\" title=\"Equipe JCIAMEC-Sabelo Ndimande\" srcset=\"https:\/\/jciamec2025.com\/wp-content\/uploads\/2025\/01\/JCIAMEC-Team-Sabelo-Ndimande-1-770x770.png 770w, https:\/\/jciamec2025.com\/wp-content\/uploads\/2025\/01\/JCIAMEC-Team-Sabelo-Ndimande-1-1170x1170.png 1170w, https:\/\/jciamec2025.com\/wp-content\/uploads\/2025\/01\/JCIAMEC-Team-Sabelo-Ndimande-1-150x150.png 150w, https:\/\/jciamec2025.com\/wp-content\/uploads\/2025\/01\/JCIAMEC-Team-Sabelo-Ndimande-1-768x768.png 768w, https:\/\/jciamec2025.com\/wp-content\/uploads\/2025\/01\/JCIAMEC-Team-Sabelo-Ndimande-1-1536x1536.png 1536w, https:\/\/jciamec2025.com\/wp-content\/uploads\/2025\/01\/JCIAMEC-Team-Sabelo-Ndimande-1-12x12.png 12w, https:\/\/jciamec2025.com\/wp-content\/uploads\/2025\/01\/JCIAMEC-Team-Sabelo-Ndimande-1-60x60.png 60w, https:\/\/jciamec2025.com\/wp-content\/uploads\/2025\/01\/JCIAMEC-Team-Sabelo-Ndimande-1-100x100.png 100w, https:\/\/jciamec2025.com\/wp-content\/uploads\/2025\/01\/JCIAMEC-Team-Sabelo-Ndimande-1-370x370.png 370w, https:\/\/jciamec2025.com\/wp-content\/uploads\/2025\/01\/JCIAMEC-Team-Sabelo-Ndimande-1.png 2000w\" sizes=\"auto, (max-width: 770px) 100vw, 770px\" \/><\/div>\n\t\t<\/figure>\n\t<\/div>\n\n\t<div class=\"wpb_text_column wpb_content_element  vc_custom_1737035271206\" >\n\t\t<div class=\"wpb_wrapper\">\n\t\t\t<h1 style=\"color: #debc39; font-size: 22px; text-align: center;\">Sabelo Ndimande<\/h1>\n<hr style=\"color: #debc39; height: 4px;\" \/>\n<p style=\"font-weight: 500; text-align: center;\">Pr\u00e9sidente de la direction Branding et Communication<\/p>\n\n\t\t<\/div>\n\t<\/div>\n<\/div><\/div><\/div><div class=\"wpb_column vc_column_container vc_col-sm-3\"><div class=\"vc_column-inner vc_custom_1737098929633\"><div class=\"wpb_wrapper\">\n\t<div  class=\"wpb_single_image wpb_content_element vc_align_left\">\n\t\t\n\t\t<figure class=\"wpb_wrapper vc_figure\">\n\t\t\t<div class=\"vc_single_image-wrapper   vc_box_border_grey\"><img loading=\"lazy\" decoding=\"async\" width=\"770\" height=\"770\" src=\"https:\/\/jciamec2025.com\/wp-content\/uploads\/2025\/01\/JCIAMEC-Team-Ellen-Nyoni-1-770x770.png\" class=\"vc_single_image-img attachment-medium\" alt=\"\" title=\"JCIAMEC-\u00c9quipe-Ellen Nyoni\" srcset=\"https:\/\/jciamec2025.com\/wp-content\/uploads\/2025\/01\/JCIAMEC-Team-Ellen-Nyoni-1-770x770.png 770w, https:\/\/jciamec2025.com\/wp-content\/uploads\/2025\/01\/JCIAMEC-Team-Ellen-Nyoni-1-1170x1170.png 1170w, https:\/\/jciamec2025.com\/wp-content\/uploads\/2025\/01\/JCIAMEC-Team-Ellen-Nyoni-1-150x150.png 150w, https:\/\/jciamec2025.com\/wp-content\/uploads\/2025\/01\/JCIAMEC-Team-Ellen-Nyoni-1-768x768.png 768w, https:\/\/jciamec2025.com\/wp-content\/uploads\/2025\/01\/JCIAMEC-Team-Ellen-Nyoni-1-1536x1536.png 1536w, https:\/\/jciamec2025.com\/wp-content\/uploads\/2025\/01\/JCIAMEC-Team-Ellen-Nyoni-1-12x12.png 12w, https:\/\/jciamec2025.com\/wp-content\/uploads\/2025\/01\/JCIAMEC-Team-Ellen-Nyoni-1-60x60.png 60w, https:\/\/jciamec2025.com\/wp-content\/uploads\/2025\/01\/JCIAMEC-Team-Ellen-Nyoni-1-100x100.png 100w, https:\/\/jciamec2025.com\/wp-content\/uploads\/2025\/01\/JCIAMEC-Team-Ellen-Nyoni-1-370x370.png 370w, https:\/\/jciamec2025.com\/wp-content\/uploads\/2025\/01\/JCIAMEC-Team-Ellen-Nyoni-1.png 2000w\" sizes=\"auto, (max-width: 770px) 100vw, 770px\" \/><\/div>\n\t\t<\/figure>\n\t<\/div>\n\n\t<div class=\"wpb_text_column wpb_content_element  vc_custom_1737035302004\" >\n\t\t<div class=\"wpb_wrapper\">\n\t\t\t<h1 style=\"color: #debc39; font-size: 22px; text-align: center;\">Ellen Nyoni<\/h1>\n<hr style=\"color: #debc39; height: 4px;\" \/>\n<p style=\"font-weight: 500; text-align: center;\">Pr\u00e9sident des \u00e9v\u00e9nements<\/p>\n\n\t\t<\/div>\n\t<\/div>\n<\/div><\/div><\/div><\/div><\/div><\/div><div class=\"vc_row wpb_row vc_inner evenz-vc_row vc_custom_1737099075581\"><div class=\"evenz-container evenz-rowcontainer-vc\"><div class=\"evenz-rowcontent\"><div class=\"wpb_column vc_column_container vc_col-sm-12\"><div class=\"vc_column-inner vc_custom_1737099974191\"><div class=\"wpb_wrapper\">\n\t<div class=\"wpb_text_column wpb_content_element  vc_custom_1737038962743\" >\n\t\t<div class=\"wpb_wrapper\">\n\t\t\t<h1 style=\"color: #0097d7; font-size: 32px;\">Comit\u00e9 d&#039;organisation de la conf\u00e9rence (COC)<\/h1>\n<hr style=\"color: #0097d7; height: 4px;\" \/>\n<h1 style=\"color: #0097d7; font-size: 32px;\"><\/h1>\n\n\t\t<\/div>\n\t<\/div>\n<\/div><\/div><\/div><\/div><\/div><\/div><div class=\"vc_row wpb_row vc_inner evenz-vc_row vc_custom_1737033590811\"><div class=\"evenz-container evenz-rowcontainer-vc\"><div class=\"evenz-rowcontent\"><div class=\"wpb_column vc_column_container vc_col-sm-3\"><div class=\"vc_column-inner vc_custom_1737098982199\"><div class=\"wpb_wrapper\">\n\t<div  class=\"wpb_single_image wpb_content_element vc_align_left\">\n\t\t\n\t\t<figure class=\"wpb_wrapper vc_figure\">\n\t\t\t<div class=\"vc_single_image-wrapper   vc_box_border_grey\"><img loading=\"lazy\" decoding=\"async\" width=\"770\" height=\"770\" src=\"https:\/\/jciamec2025.com\/wp-content\/uploads\/2025\/01\/JCIAMEC-Team-Nqobile-Makhoba-1-770x770.png\" class=\"vc_single_image-img attachment-medium\" alt=\"\" title=\"JCIAMEC-\u00c9quipe-Nqobile Makhoba\" srcset=\"https:\/\/jciamec2025.com\/wp-content\/uploads\/2025\/01\/JCIAMEC-Team-Nqobile-Makhoba-1-770x770.png 770w, https:\/\/jciamec2025.com\/wp-content\/uploads\/2025\/01\/JCIAMEC-Team-Nqobile-Makhoba-1-1170x1170.png 1170w, https:\/\/jciamec2025.com\/wp-content\/uploads\/2025\/01\/JCIAMEC-Team-Nqobile-Makhoba-1-150x150.png 150w, https:\/\/jciamec2025.com\/wp-content\/uploads\/2025\/01\/JCIAMEC-Team-Nqobile-Makhoba-1-768x768.png 768w, https:\/\/jciamec2025.com\/wp-content\/uploads\/2025\/01\/JCIAMEC-Team-Nqobile-Makhoba-1-1536x1536.png 1536w, https:\/\/jciamec2025.com\/wp-content\/uploads\/2025\/01\/JCIAMEC-Team-Nqobile-Makhoba-1-12x12.png 12w, https:\/\/jciamec2025.com\/wp-content\/uploads\/2025\/01\/JCIAMEC-Team-Nqobile-Makhoba-1-60x60.png 60w, https:\/\/jciamec2025.com\/wp-content\/uploads\/2025\/01\/JCIAMEC-Team-Nqobile-Makhoba-1-100x100.png 100w, https:\/\/jciamec2025.com\/wp-content\/uploads\/2025\/01\/JCIAMEC-Team-Nqobile-Makhoba-1-370x370.png 370w, https:\/\/jciamec2025.com\/wp-content\/uploads\/2025\/01\/JCIAMEC-Team-Nqobile-Makhoba-1.png 2000w\" sizes=\"auto, (max-width: 770px) 100vw, 770px\" \/><\/div>\n\t\t<\/figure>\n\t<\/div>\n\n\t<div class=\"wpb_text_column wpb_content_element  vc_custom_1737037709271\" >\n\t\t<div class=\"wpb_wrapper\">\n\t\t\t<h1 style=\"color: #debc39; font-size: 22px; text-align: center;\">Nqobile Makhoba<\/h1>\n<hr style=\"color: #debc39; height: 4px;\" \/>\n<p style=\"font-weight: 500; text-align: center;\">Pr\u00e9sident Transport et h\u00e9bergement<\/p>\n\n\t\t<\/div>\n\t<\/div>\n<\/div><\/div><\/div><div class=\"wpb_column vc_column_container vc_col-sm-3\"><div class=\"vc_column-inner vc_custom_1737098994535\"><div class=\"wpb_wrapper\">\n\t<div  class=\"wpb_single_image wpb_content_element vc_align_left\">\n\t\t\n\t\t<figure class=\"wpb_wrapper vc_figure\">\n\t\t\t<div class=\"vc_single_image-wrapper   vc_box_border_grey\"><img loading=\"lazy\" decoding=\"async\" width=\"770\" height=\"770\" src=\"https:\/\/jciamec2025.com\/wp-content\/uploads\/2025\/01\/JCIAMEC-Team-Phumelele-Mbobo-1-770x770.png\" class=\"vc_single_image-img attachment-medium\" alt=\"\" title=\"JCIAMEC-Equipe-Phumelele Mbobo\" srcset=\"https:\/\/jciamec2025.com\/wp-content\/uploads\/2025\/01\/JCIAMEC-Team-Phumelele-Mbobo-1-770x770.png 770w, https:\/\/jciamec2025.com\/wp-content\/uploads\/2025\/01\/JCIAMEC-Team-Phumelele-Mbobo-1-1170x1170.png 1170w, https:\/\/jciamec2025.com\/wp-content\/uploads\/2025\/01\/JCIAMEC-Team-Phumelele-Mbobo-1-150x150.png 150w, https:\/\/jciamec2025.com\/wp-content\/uploads\/2025\/01\/JCIAMEC-Team-Phumelele-Mbobo-1-768x768.png 768w, https:\/\/jciamec2025.com\/wp-content\/uploads\/2025\/01\/JCIAMEC-Team-Phumelele-Mbobo-1-1536x1536.png 1536w, https:\/\/jciamec2025.com\/wp-content\/uploads\/2025\/01\/JCIAMEC-Team-Phumelele-Mbobo-1-12x12.png 12w, https:\/\/jciamec2025.com\/wp-content\/uploads\/2025\/01\/JCIAMEC-Team-Phumelele-Mbobo-1-60x60.png 60w, https:\/\/jciamec2025.com\/wp-content\/uploads\/2025\/01\/JCIAMEC-Team-Phumelele-Mbobo-1-100x100.png 100w, https:\/\/jciamec2025.com\/wp-content\/uploads\/2025\/01\/JCIAMEC-Team-Phumelele-Mbobo-1-370x370.png 370w, https:\/\/jciamec2025.com\/wp-content\/uploads\/2025\/01\/JCIAMEC-Team-Phumelele-Mbobo-1.png 2000w\" sizes=\"auto, (max-width: 770px) 100vw, 770px\" \/><\/div>\n\t\t<\/figure>\n\t<\/div>\n\n\t<div class=\"wpb_text_column wpb_content_element  vc_custom_1737037737504\" >\n\t\t<div class=\"wpb_wrapper\">\n\t\t\t<h1 style=\"color: #debc39; font-size: 22px; text-align: center;\">Phum\u00e9l\u00e9le Mbobo<\/h1>\n<hr style=\"color: #debc39; height: 4px;\" \/>\n<p style=\"font-weight: 500; text-align: center;\">Pr\u00e9sident Finances et Partenariats<\/p>\n\n\t\t<\/div>\n\t<\/div>\n<\/div><\/div><\/div><div class=\"wpb_column vc_column_container vc_col-sm-3\"><div class=\"vc_column-inner vc_custom_1737099008167\"><div class=\"wpb_wrapper\">\n\t<div  class=\"wpb_single_image wpb_content_element vc_align_left\">\n\t\t\n\t\t<figure class=\"wpb_wrapper vc_figure\">\n\t\t\t<div class=\"vc_single_image-wrapper   vc_box_border_grey\"><img loading=\"lazy\" decoding=\"async\" width=\"770\" height=\"770\" src=\"https:\/\/jciamec2025.com\/wp-content\/uploads\/2025\/01\/JCIAMEC-Team-Mandla-Ndlovu-2-770x770.png\" class=\"vc_single_image-img attachment-medium\" alt=\"\" title=\"\u00c9quipe JCIAMEC-Mandla Ndlovu\" srcset=\"https:\/\/jciamec2025.com\/wp-content\/uploads\/2025\/01\/JCIAMEC-Team-Mandla-Ndlovu-2-770x770.png 770w, https:\/\/jciamec2025.com\/wp-content\/uploads\/2025\/01\/JCIAMEC-Team-Mandla-Ndlovu-2-1170x1170.png 1170w, https:\/\/jciamec2025.com\/wp-content\/uploads\/2025\/01\/JCIAMEC-Team-Mandla-Ndlovu-2-150x150.png 150w, https:\/\/jciamec2025.com\/wp-content\/uploads\/2025\/01\/JCIAMEC-Team-Mandla-Ndlovu-2-768x768.png 768w, https:\/\/jciamec2025.com\/wp-content\/uploads\/2025\/01\/JCIAMEC-Team-Mandla-Ndlovu-2-1536x1536.png 1536w, https:\/\/jciamec2025.com\/wp-content\/uploads\/2025\/01\/JCIAMEC-Team-Mandla-Ndlovu-2-12x12.png 12w, https:\/\/jciamec2025.com\/wp-content\/uploads\/2025\/01\/JCIAMEC-Team-Mandla-Ndlovu-2-60x60.png 60w, https:\/\/jciamec2025.com\/wp-content\/uploads\/2025\/01\/JCIAMEC-Team-Mandla-Ndlovu-2-100x100.png 100w, https:\/\/jciamec2025.com\/wp-content\/uploads\/2025\/01\/JCIAMEC-Team-Mandla-Ndlovu-2-370x370.png 370w, https:\/\/jciamec2025.com\/wp-content\/uploads\/2025\/01\/JCIAMEC-Team-Mandla-Ndlovu-2.png 2000w\" sizes=\"auto, (max-width: 770px) 100vw, 770px\" \/><\/div>\n\t\t<\/figure>\n\t<\/div>\n\n\t<div class=\"wpb_text_column wpb_content_element  vc_custom_1737037766620\" >\n\t\t<div class=\"wpb_wrapper\">\n\t\t\t<h1 style=\"color: #debc39; font-size: 22px; text-align: center;\">Mandla Ndlovu<\/h1>\n<hr style=\"color: #debc39; height: 4px;\" \/>\n<p style=\"font-weight: 500; text-align: center;\">Pr\u00e9sident Inscription et programmes<\/p>\n\n\t\t<\/div>\n\t<\/div>\n<\/div><\/div><\/div><div class=\"wpb_column vc_column_container vc_col-sm-3\"><div class=\"vc_column-inner vc_custom_1737099021555\"><div class=\"wpb_wrapper\">\n\t<div  class=\"wpb_single_image wpb_content_element vc_align_left\">\n\t\t\n\t\t<figure class=\"wpb_wrapper vc_figure\">\n\t\t\t<div class=\"vc_single_image-wrapper   vc_box_border_grey\"><img loading=\"lazy\" decoding=\"async\" width=\"770\" height=\"770\" src=\"https:\/\/jciamec2025.com\/wp-content\/uploads\/2025\/01\/JCIAMEC-Team-Silindile-Mbaza-1-770x770.png\" class=\"vc_single_image-img attachment-medium\" alt=\"\" title=\"\u00c9quipe JCIAMEC-Silindile Mbaza\" srcset=\"https:\/\/jciamec2025.com\/wp-content\/uploads\/2025\/01\/JCIAMEC-Team-Silindile-Mbaza-1-770x770.png 770w, https:\/\/jciamec2025.com\/wp-content\/uploads\/2025\/01\/JCIAMEC-Team-Silindile-Mbaza-1-1170x1170.png 1170w, https:\/\/jciamec2025.com\/wp-content\/uploads\/2025\/01\/JCIAMEC-Team-Silindile-Mbaza-1-150x150.png 150w, https:\/\/jciamec2025.com\/wp-content\/uploads\/2025\/01\/JCIAMEC-Team-Silindile-Mbaza-1-768x768.png 768w, https:\/\/jciamec2025.com\/wp-content\/uploads\/2025\/01\/JCIAMEC-Team-Silindile-Mbaza-1-1536x1536.png 1536w, https:\/\/jciamec2025.com\/wp-content\/uploads\/2025\/01\/JCIAMEC-Team-Silindile-Mbaza-1-12x12.png 12w, https:\/\/jciamec2025.com\/wp-content\/uploads\/2025\/01\/JCIAMEC-Team-Silindile-Mbaza-1-60x60.png 60w, https:\/\/jciamec2025.com\/wp-content\/uploads\/2025\/01\/JCIAMEC-Team-Silindile-Mbaza-1-100x100.png 100w, https:\/\/jciamec2025.com\/wp-content\/uploads\/2025\/01\/JCIAMEC-Team-Silindile-Mbaza-1-370x370.png 370w, https:\/\/jciamec2025.com\/wp-content\/uploads\/2025\/01\/JCIAMEC-Team-Silindile-Mbaza-1.png 2000w\" sizes=\"auto, (max-width: 770px) 100vw, 770px\" \/><\/div>\n\t\t<\/figure>\n\t<\/div>\n\n\t<div class=\"wpb_text_column wpb_content_element  vc_custom_1737037823139\" >\n\t\t<div class=\"wpb_wrapper\">\n\t\t\t<h1 style=\"color: #debc39; font-size: 22px; text-align: center;\">Silindile Mbaza<\/h1>\n<hr style=\"color: #debc39; height: 4px;\" \/>\n<p style=\"font-weight: 500; text-align: center;\">Pr\u00e9sident<br \/>\nSalon et JIB<\/p>\n\n\t\t<\/div>\n\t<\/div>\n<\/div><\/div><\/div><\/div><\/div><\/div><\/div><\/div><\/div><\/div><\/div><\/div><\/div><div class=\"evenz-vc-row-container\" ><div class=\"vc_row evenz-stickycont wpb_row evenz-vc_row\"><div class=\"evenz-rowcontainer-vc\"><div class=\"evenz-rowcontent\"><div class=\"wpb_column vc_column_container vc_col-sm-12\"><div class=\"vc_column-inner\"><div class=\"wpb_wrapper\"><div class=\"vc_empty_space\"   style=\"height: 120px\"><span class=\"vc_empty_space_inner\"><\/span><\/div><\/div><\/div><\/div><\/div><\/div><\/div><\/div>\n<\/div>","protected":false},"excerpt":{"rendered":"2025 JCI AMEC Rencontrez l&#039;\u00e9quipe Zandile Makhoba Directeur du COC Rofhiwa Nengovhela Directeur adjoint Sabelo Ndimande Pr\u00e9sident Image de marque et communication Ellen Nyoni Pr\u00e9sidente \u00c9v\u00e9nements Comit\u00e9 d&#039;organisation de la conf\u00e9rence (COC) Nqobile Makhoba Pr\u00e9sidente Transport et h\u00e9bergement Phumelele Mbobo Pr\u00e9sidente Finances et partenariat Mandla Ndlovu Pr\u00e9sident Inscription et programmes Silindile Mbaza Pr\u00e9sidente Salon professionnel [...]","protected":false},"author":1,"featured_media":0,"parent":0,"menu_order":0,"comment_status":"closed","ping_status":"closed","template":"page-fullwidth.php","meta":{"_monsterinsights_skip_tracking":false,"_monsterinsights_sitenote_active":false,"_monsterinsights_sitenote_note":"","_monsterinsights_sitenote_category":0,"footnotes":""},"class_list":["post-2148","page","type-page","status-publish","hentry"],"aioseo_notices":[],"_links":{"self":[{"href":"https:\/\/jciamec2025.com\/fr\/wp-json\/wp\/v2\/pages\/2148","targetHints":{"allow":["GET"]}}],"collection":[{"href":"https:\/\/jciamec2025.com\/fr\/wp-json\/wp\/v2\/pages"}],"about":[{"href":"https:\/\/jciamec2025.com\/fr\/wp-json\/wp\/v2\/types\/page"}],"author":[{"embeddable":true,"href":"https:\/\/jciamec2025.com\/fr\/wp-json\/wp\/v2\/users\/1"}],"replies":[{"embeddable":true,"href":"https:\/\/jciamec2025.com\/fr\/wp-json\/wp\/v2\/comments?post=2148"}],"version-history":[{"count":24,"href":"https:\/\/jciamec2025.com\/fr\/wp-json\/wp\/v2\/pages\/2148\/revisions"}],"predecessor-version":[{"id":2201,"href":"https:\/\/jciamec2025.com\/fr\/wp-json\/wp\/v2\/pages\/2148\/revisions\/2201"}],"wp:attachment":[{"href":"https:\/\/jciamec2025.com\/fr\/wp-json\/wp\/v2\/media?parent=2148"}],"curies":[{"name":"wp","href":"https:\/\/api.w.org\/{rel}","templated":true}]}}